{"id":4500,"date":"2023-08-24T10:14:23","date_gmt":"2023-08-24T10:14:23","guid":{"rendered":"https:\/\/hideyourkeys.io\/ueber-uns\/"},"modified":"2025-02-02T08:25:13","modified_gmt":"2025-02-02T08:25:13","slug":"ueber-uns","status":"publish","type":"page","link":"https:\/\/hideyourkeys.io\/de\/ueber-uns\/","title":{"rendered":"\u00dcber uns"},"content":{"rendered":"\n<div class=\"wp-block-stackable-text stk-block-text stk-block stk-ca77bfc\" data-block-id=\"ca77bfc\"><p class=\"stk-block-text__text\">Willkommen bei HideYourKeys &#8211; Ihr ehrlicher Bitcoin-Partner<\/p><\/div>\n\n<div class=\"wp-block-stackable-text stk-block-text stk-block stk-3cb9623\" data-block-id=\"3cb9623\"><p class=\"stk-block-text__text has-text-align-justify\">Wir von HideYourKeys glauben an die Macht der finanziellen Souver\u00e4nit\u00e4t und pers\u00f6nlichen Freiheit. Unser Ziel ist es, Privatpersonen die Kontrolle \u00fcber ihr digitales Verm\u00f6gen zu erm\u00f6glichen, indem wir innovative und sichere L\u00f6sungen f\u00fcr die Aufbewahrung und den Schutz von Kryptow\u00e4hrungen anbieten, wobei unser Hauptaugenmerk auf Bitcoin liegt.<\/p><\/div>\n\n<div class=\"wp-block-stackable-text stk-block-text stk-block stk-ab87af0\" data-block-id=\"ab87af0\"><p class=\"stk-block-text__text has-text-align-justify\">In einer Welt, in der digitale Transaktionen und dezentrales Finanzwesen immer mehr an Bedeutung gewinnen, war der Bedarf an robusten Sicherheitsma\u00dfnahmen noch nie so gro\u00df wie heute. Kryptow\u00e4hrungen bieten eine unvergleichliche finanzielle Autonomie, aber mit gro\u00dfer Macht kommt auch gro\u00dfe Verantwortung. Hier kommt HideYourKeys ins Spiel.<\/p><\/div>\n\n<div class=\"wp-block-stackable-text stk-block-text stk-block stk-0ecc1f1\" data-block-id=\"0ecc1f1\"><p class=\"stk-block-text__text has-text-align-justify\">Unser engagiertes Team aus Bitcoin-Enthusiasten, Sicherheitsexperten und technisch versierten Fachleuten hat sich der Entwicklung von Tools und Techniken verschrieben, die es Ihnen erm\u00f6glichen, Ihr physisches und digitales Verm\u00f6gen zu sch\u00fctzen und gleichzeitig Ihre Privatsph\u00e4re und Freiheit zu wahren.<\/p><\/div>\n\n<div class=\"wp-block-stackable-text stk-block-text stk-block stk-9f8deb8\" data-block-id=\"9f8deb8\"><p class=\"stk-block-text__text\">Wir wissen, dass die Sicherheitsbed\u00fcrfnisse jedes Einzelnen einzigartig sind. Deshalb bieten wir eine Reihe von individuell anpassbaren L\u00f6sungen an, die auf die verschiedenen Kompetenzniveaus und Anforderungen abgestimmt sind.<\/p><\/div>\n\n<div class=\"wp-block-stackable-text stk-block-text stk-block stk-46e8b37\" data-block-id=\"46e8b37\"><p class=\"stk-block-text__text has-text-align-justify\">Wir von HideYourKeys sind mehr als nur eine Anlaufstelle f\u00fcr au\u00dfergew\u00f6hnliche Produkte &#8211; wir sind eine Bewegung. Haben Sie genug von der immer gleichen Geschichte? Das sind wir auch. Deshalb schaffen wir nicht nur eine breite Palette an modernen und eleganten St\u00fccken, sondern f\u00f6rdern auch Gemeinschaften, die als Bitcoin-Zitadellen fungieren &#8211; Orte, an denen Gleichgesinnte zusammenkommen, um die Herausforderungen unserer Welt zu \u00fcberwinden.  <\/p><\/div>\n\n<div class=\"wp-block-stackable-text stk-block-text stk-block stk-48db9b8\" data-block-id=\"48db9b8\"><p class=\"stk-block-text__text\">Wir schaffen neue M\u00f6glichkeiten, und wir laden Sie ein, daran teilzuhaben. Begleiten Sie uns auf eine Reise der Innovation, der Sch\u00f6nheit und des Empowerments.  <\/p><\/div>\n\n<div class=\"wp-block-stackable-text stk-block-text stk-block stk-c005194\" data-block-id=\"c005194\"><p class=\"stk-block-text__text\">Willkommen, wir sind noch fr\u00fch dran.<\/p><\/div>\n","protected":false},"excerpt":{"rendered":"<p>Willkommen bei HideYourKeys &#8211; Ihr ehrlicher Bitcoin-Partner Wir von HideYourKeys glauben an die Macht der finanziellen Souver\u00e4nit\u00e4t und pers\u00f6nlichen Freiheit. Unser Ziel ist es, Privatpersonen die Kontrolle \u00fcber ihr digitales Verm\u00f6gen zu erm\u00f6glichen, indem wir innovative und sichere L\u00f6sungen f\u00fcr die Aufbewahrung und den Schutz von Kryptow\u00e4hrungen anbieten, wobei unser Hauptaugenmerk auf Bitcoin liegt. In [&hellip;]<\/p>\n","protected":false},"author":1,"featured_media":0,"parent":0,"menu_order":0,"comment_status":"closed","ping_status":"open","template":"","meta":{"powered_cache_disable_cache":false,"powered_cache_disable_lazyload":false,"powered_cache_disable_css_optimization":false,"powered_cache_disable_js_optimization":false,"footnotes":""},"class_list":["post-4500","page","type-page","status-publish","hentry"],"blocksy_meta":[],"_links":{"self":[{"href":"https:\/\/hideyourkeys.io\/de\/wp-json\/wp\/v2\/pages\/4500","targetHints":{"allow":["GET"]}}],"collection":[{"href":"https:\/\/hideyourkeys.io\/de\/wp-json\/wp\/v2\/pages"}],"about":[{"href":"https:\/\/hideyourkeys.io\/de\/wp-json\/wp\/v2\/types\/page"}],"author":[{"embeddable":true,"href":"https:\/\/hideyourkeys.io\/de\/wp-json\/wp\/v2\/users\/1"}],"replies":[{"embeddable":true,"href":"https:\/\/hideyourkeys.io\/de\/wp-json\/wp\/v2\/comments?post=4500"}],"version-history":[{"count":0,"href":"https:\/\/hideyourkeys.io\/de\/wp-json\/wp\/v2\/pages\/4500\/revisions"}],"wp:attachment":[{"href":"https:\/\/hideyourkeys.io\/de\/wp-json\/wp\/v2\/media?parent=4500"}],"curies":[{"name":"wp","href":"https:\/\/api.w.org\/{rel}","templated":true}]}}