{"id":4518,"date":"2023-08-24T15:47:03","date_gmt":"2023-08-24T15:47:03","guid":{"rendered":"https:\/\/hideyourkeys.io\/cookies-politik\/"},"modified":"2024-08-06T11:10:44","modified_gmt":"2024-08-06T11:10:44","slug":"cookies-politik","status":"publish","type":"page","link":"https:\/\/hideyourkeys.io\/de\/cookies-politik\/","title":{"rendered":"Cookies-Politik"},"content":{"rendered":"\n<div class=\"wp-block-stackable-text stk-block-text stk-block stk-308d439\" data-block-id=\"308d439\"><p class=\"stk-block-text__text has-text-align-justify\">Zur Verwaltung der verwendeten Cookies und \u00e4hnlicher Technologien (Z\u00e4hlpixel, Web Beacons usw.) und der damit verbundenen Einwilligungen verwenden wir das Einwilligungstool &#8222;Real Cookie Banner&#8220;. Einzelheiten zur Funktionsweise von &#8222;Real Cookie Banner&#8220; finden Sie unter <a rel=\"noreferrer noopener\" href=\"https:\/\/devowl.io\/rcb\/data-processing\/\" target=\"_blank\">https:\/\/devowl.io\/rcb\/data-processing\/.<\/a><\/p><\/div>\n\n<div class=\"wp-block-stackable-text stk-block-text stk-block stk-9f44d42\" data-block-id=\"9f44d42\"><p class=\"stk-block-text__text has-text-align-justify\">Die Rechtsgrundlage f\u00fcr die Verarbeitung personenbezogener Daten in diesem Zusammenhang ist Art. 6 (1) lit. c GDPR und Art. 6 (1) lit. f GDPR. Unser berechtigtes Interesse ist die Verwaltung der verwendeten Cookies und \u00e4hnlicher Technologien sowie der damit verbundenen Zustimmungen.<\/p><\/div>\n\n<div class=\"wp-block-stackable-text stk-block-text stk-block stk-d0665b9\" data-block-id=\"d0665b9\"><p class=\"stk-block-text__text has-text-align-justify\">Die Bereitstellung personenbezogener Daten ist weder vertraglich vorgeschrieben noch f\u00fcr den Abschluss eines Vertrages erforderlich. Sie sind nicht verpflichtet, die personenbezogenen Daten anzugeben. Wenn Sie uns die personenbezogenen Daten nicht zur Verf\u00fcgung stellen, k\u00f6nnen wir Ihre Einwilligungen nicht verwalten.<\/p><\/div>\n\n<p><\/p>\n\n<div class=\"wp-block-stackable-text stk-block-text stk-block stk-94bfc4c\" data-block-id=\"94bfc4c\"><p class=\"stk-block-text__text has-text-align-justify\">Gravatar ist ein Dienst, bei dem Personen ihre E-Mail-Adresse mit einem Avatar-Bild verkn\u00fcpfen k\u00f6nnen, das zum Beispiel im Kommentarbereich geladen wird. Auf dem Client des Nutzers werden keine Cookies im technischen Sinne gesetzt, jedoch werden technische und personenbezogene Daten wie die IP-Adresse vom Client an den Server des Diensteanbieters \u00fcbermittelt, um die Nutzung des Dienstes zu erm\u00f6glichen.<\/p><\/div>\n\n<p><\/p>\n\n<div class=\"wp-block-stackable-text stk-block-text stk-block stk-3369c86\" data-block-id=\"3369c86\"><p class=\"stk-block-text__text has-text-align-justify\">WordPress als Content Management System bietet die M\u00f6glichkeit, Kommentare unter Blogbeitr\u00e4ge und \u00e4hnliche Inhalte zu schreiben. Der Cookie speichert den Namen, die E-Mail-Adresse und die Website eines Kommentators, um sie wieder anzuzeigen, wenn der Kommentator einen weiteren Kommentar auf dieser Website schreiben m\u00f6chte.<\/p><\/div>\n\n<p><\/p>\n\n<div class=\"wp-block-stackable-text stk-block-text stk-block stk-6d96f45\" data-block-id=\"6d96f45\"><p class=\"stk-block-text__text has-text-align-justify\">Google Fonts ist ein Dienst, der Schriftarten herunterl\u00e4dt, die nicht auf dem Client-Ger\u00e4t des Nutzers installiert sind, und sie in die Website einbettet. Auf dem Client des Nutzers werden keine Cookies im technischen Sinne gesetzt, jedoch werden technische und personenbezogene Daten wie die IP-Adresse vom Client an den Server des Diensteanbieters \u00fcbermittelt, um die Nutzung des Dienstes zu erm\u00f6glichen.<\/p><\/div>\n\n<p><\/p>\n\n<p>Diese Website verwendet WooCommerce f\u00fcr Eink\u00e4ufe und Kontoverwaltung. Zwar werden keine Cookies direkt auf Ihrem Ger\u00e4t gesetzt, doch werden bestimmte technische und personenbezogene Daten wie Ihre IP-Adresse an den Server des Diensteanbieters \u00fcbermittelt, um diese Funktionen zu erm\u00f6glichen, einschlie\u00dflich der Verwaltung von Bestellinformationen und Benutzerkonten. Durch die Nutzung dieser Website erkl\u00e4ren Sie sich mit dieser Daten\u00fcbermittlung einverstanden und haben das Recht, auf Ihre personenbezogenen Daten zuzugreifen, sie zu berichtigen oder zu l\u00f6schen.<\/p>\n\n<p><\/p>\n\n<p>Diese Website verwendet Stripe als Zahlungsplattform f\u00fcr eine sichere Zahlungsabwicklung. Es werden zwar keine Cookies direkt auf Ihrem Ger\u00e4t gesetzt, aber bestimmte technische und personenbezogene Daten, wie z. B. Ihre Zahlungsdaten und Transaktionsdatens\u00e4tze, werden m\u00f6glicherweise sicher an Stripe \u00fcbermittelt, um die Zahlungsabwicklung zu erleichtern. Indem Sie diese Website nutzen und Eink\u00e4ufe \u00fcber Stripe t\u00e4tigen, stimmen Sie dieser Daten\u00fcbermittlung zu. Sie haben das Recht auf Zugang, Berichtigung oder L\u00f6schung Ihrer personenbezogenen Daten im Zusammenhang mit Zahlungen<\/p>\n\n<p><\/p>\n\n<p>Diese Website verwendet Cloudflare, einen Content-Delivery- und Sicherheitsdienst, der technische Daten wie IP-Adressen sammeln und verarbeiten kann, um die Leistung der Website zu optimieren und vor Sicherheitsbedrohungen zu sch\u00fctzen. Es werden keine pers\u00f6nlichen Informationen gespeichert oder zu Tracking-Zwecken verwendet.<\/p>\n\n<p><\/p>\n\n<p>Diese Website verwendet WPML, ein WordPress-Plugin f\u00fcr \u00dcbersetzungszwecke. Es kann Website-Inhalte f\u00fcr \u00dcbersetzungen sammeln und verarbeiten, speichert jedoch keine pers\u00f6nlichen Informationen oder verfolgt das Nutzerverhalten.<\/p>\n","protected":false},"excerpt":{"rendered":"<p>Zur Verwaltung der verwendeten Cookies und \u00e4hnlicher Technologien (Z\u00e4hlpixel, Web Beacons usw.) und der damit verbundenen Einwilligungen verwenden wir das Einwilligungstool &#8222;Real Cookie Banner&#8220;. Einzelheiten zur Funktionsweise von &#8222;Real Cookie Banner&#8220; finden Sie unter https:\/\/devowl.io\/rcb\/data-processing\/. Die Rechtsgrundlage f\u00fcr die Verarbeitung personenbezogener Daten in diesem Zusammenhang ist Art. 6 (1) lit. c GDPR und Art. 6 [&hellip;]<\/p>\n","protected":false},"author":1,"featured_media":0,"parent":0,"menu_order":0,"comment_status":"closed","ping_status":"open","template":"","meta":{"powered_cache_disable_cache":false,"powered_cache_disable_lazyload":false,"powered_cache_disable_css_optimization":false,"powered_cache_disable_js_optimization":false,"footnotes":""},"class_list":["post-4518","page","type-page","status-publish","hentry"],"blocksy_meta":[],"_links":{"self":[{"href":"https:\/\/hideyourkeys.io\/de\/wp-json\/wp\/v2\/pages\/4518","targetHints":{"allow":["GET"]}}],"collection":[{"href":"https:\/\/hideyourkeys.io\/de\/wp-json\/wp\/v2\/pages"}],"about":[{"href":"https:\/\/hideyourkeys.io\/de\/wp-json\/wp\/v2\/types\/page"}],"author":[{"embeddable":true,"href":"https:\/\/hideyourkeys.io\/de\/wp-json\/wp\/v2\/users\/1"}],"replies":[{"embeddable":true,"href":"https:\/\/hideyourkeys.io\/de\/wp-json\/wp\/v2\/comments?post=4518"}],"version-history":[{"count":0,"href":"https:\/\/hideyourkeys.io\/de\/wp-json\/wp\/v2\/pages\/4518\/revisions"}],"wp:attachment":[{"href":"https:\/\/hideyourkeys.io\/de\/wp-json\/wp\/v2\/media?parent=4518"}],"curies":[{"name":"wp","href":"https:\/\/api.w.org\/{rel}","templated":true}]}}