{"id":4526,"date":"2023-09-03T13:55:27","date_gmt":"2023-09-03T13:55:27","guid":{"rendered":"https:\/\/hideyourkeys.io\/herunterladen\/"},"modified":"2025-10-10T19:53:19","modified_gmt":"2025-10-10T19:53:19","slug":"herunterladen","status":"publish","type":"page","link":"https:\/\/hideyourkeys.io\/de\/herunterladen\/","title":{"rendered":"Herunterladen"},"content":{"rendered":"\n<div class=\"wp-block-stackable-text stk-block-text stk-block stk-bf728cb\" data-block-id=\"bf728cb\"><p class=\"stk-block-text__text\">In diesem Bereich finden Sie Downloads f\u00fcr unsere Handb\u00fccher f\u00fcr Shop-Produkte, sowie Leitf\u00e4den, die Ihnen helfen, die verschiedenen M\u00f6glichkeiten der Bitcoin\/Krypto-Selbstverwahrung zu verstehen.<\/p><\/div>\n\n<div class=\"wp-block-stackable-heading stk-block-heading stk-block-heading--v2 stk-block stk-b4f3c02\" id=\"3-d-printing-files\" data-block-id=\"b4f3c02\"><h2 class=\"stk-block-heading__text\">3D-Drucker Dateien<\/h2><\/div>\n\n<div class=\"wp-block-stackable-text stk-block-text stk-block stk-3441832\" data-block-id=\"3441832\"><p class=\"stk-block-text__text has-text-align-justify\">Laden Sie unsere .STL-Dateien herunter, um Ihre eigene Vorrichtung zu drucken:<\/p><\/div>\n\n<div class=\"wp-block-stackable-text stk-block-text stk-block stk-40bac39\" data-block-id=\"40bac39\"><p class=\"stk-block-text__text\"><strong>BitJig Free:<\/strong><\/p><\/div>\n\n<div class=\"wp-block-stackable-text stk-block-text stk-block stk-6e1c72d\" data-block-id=\"6e1c72d\"><p class=\"stk-block-text__text has-text-align-justify\">Wenn Sie einen 3D-Drucker haben, k\u00f6nnen Sie die .STL-Dateien herunterladen, um die BitJig Free-Version zu drucken. Damit k\u00f6nnen Sie Ihre Wiederherstellungsw\u00f6rter einfach auf M8-Unterlegscheiben (24 mm) gravieren.<\/p><\/div>\n\n<div class=\"wp-block-stackable-button-group stk-block-button-group stk-block stk-b63c85c\" data-block-id=\"b63c85c\"><div class=\"stk-row stk-inner-blocks stk-block-content stk-button-group\">\n<div class=\"wp-block-stackable-button stk-block-button my-animated-button stk-block stk-efd8c2b\" data-block-id=\"efd8c2b\">.stk-efd8c2b .stk-button{background:var(&#8211;theme-palette-color-1, #FE9412) !important;border-top-left-radius:50px !important;border-top-right-radius:50px !important;border-bottom-right-radius:50px !important;border-bottom-left-radius:50px !important;}.stk-efd8c2b .stk-button:hover:after{background:var(&#8211;theme-palette-color-4, #0E0D12) !important;opacity:1 !important;}.stk-efd8c2b .stk-button:before{border-style:solid !important;border-color:var(&#8211;theme-palette-color-1, #FE9412) !important;border-top-width:2px !important;border-right-width:2px !important;border-bottom-width:2px !important;border-left-width:2px !important;}.stk-efd8c2b .stk-button:hover:before{border-color:var(&#8211;theme-palette-color-4, #0E0D12) !important;border-top-width:2px !important;border-right-width:2px !important;border-bottom-width:2px !important;border-left-width:2px !important;}.stk-efd8c2b .stk-button__inner-text{font-size:14px !important;color:var(&#8211;theme-palette-color-8, #ffffff) !important;}.stk-efd8c2b .stk-button:hover .stk-button__inner-text{color:var(&#8211;theme-palette-color-8, #ffffff) !important;}@media screen and (max-width:999px){.stk-efd8c2b .stk-button__inner-text{font-size:14px !important;}}<a class=\"stk-link stk-button stk--hover-effect-lift\" href=\"https:\/\/hideyourkeys.io\/de\/produkt\/bitjig-free\/\" rel=\"noreferrer noopener\"><span class=\"has-text-color stk-button__inner-text\"><strong>DOWNLOAD<\/strong><\/span><\/a><\/div>\n<\/div><\/div>\n\n<div class=\"wp-block-stackable-text stk-block-text stk-block stk-861f796\" data-block-id=\"861f796\"><p class=\"stk-block-text__text\"><strong>BitJig Free 12 Steckpl\u00e4tzen<\/strong><\/p><\/div>\n\n<div class=\"wp-block-stackable-text stk-block-text stk-block stk-bdcf1cd\" data-block-id=\"bdcf1cd\"><p class=\"stk-block-text__text has-text-align-justify\">Wenn Sie einen 3D-Drucker haben, k\u00f6nnen Sie die .STL-Dateien herunterladen, um die BitJig Free-Version zu drucken. Damit k\u00f6nnen Sie Ihre Wiederherstellungsw\u00f6rter einfach auf M8-Unterlegscheiben (24 mm) gravieren.<\/p><\/div>\n\n<div class=\"wp-block-stackable-button-group stk-block-button-group stk-block stk-d37c79e\" data-block-id=\"d37c79e\"><div class=\"stk-row stk-inner-blocks stk-block-content stk-button-group\">\n<div class=\"wp-block-stackable-button stk-block-button my-animated-button stk-block stk-27ffd7e\" data-block-id=\"27ffd7e\">.stk-27ffd7e .stk-button{background:var(&#8211;theme-palette-color-1, #FE9412) !important;border-top-left-radius:50px !important;border-top-right-radius:50px !important;border-bottom-right-radius:50px !important;border-bottom-left-radius:50px !important;}.stk-27ffd7e .stk-button:hover:after{background:var(&#8211;theme-palette-color-4, #0E0D12) !important;opacity:1 !important;}.stk-27ffd7e .stk-button:before{border-style:solid !important;border-color:var(&#8211;theme-palette-color-1, #FE9412) !important;border-top-width:2px !important;border-right-width:2px !important;border-bottom-width:2px !important;border-left-width:2px !important;}.stk-27ffd7e .stk-button:hover:before{border-color:var(&#8211;theme-palette-color-4, #0E0D12) !important;border-top-width:2px !important;border-right-width:2px !important;border-bottom-width:2px !important;border-left-width:2px !important;}.stk-27ffd7e .stk-button__inner-text{font-size:14px !important;color:var(&#8211;theme-palette-color-8, #ffffff) !important;}.stk-27ffd7e .stk-button:hover .stk-button__inner-text{color:var(&#8211;theme-palette-color-8, #ffffff) !important;}@media screen and (max-width:999px){.stk-27ffd7e .stk-button__inner-text{font-size:14px !important;}}<a class=\"stk-link stk-button stk--hover-effect-lift\" href=\"https:\/\/hideyourkeys.io\/de\/produkt\/bitjig-free-12-steckplatzen\/\" rel=\"noreferrer noopener\"><span class=\"has-text-color stk-button__inner-text\"><strong>DOWNLOAD<\/strong><\/span><\/a><\/div>\n<\/div><\/div>\n\n<div class=\"wp-block-stackable-heading stk-block-heading stk-block-heading--v2 stk-block stk-1e41cc3\" id=\"guides\" data-block-id=\"1e41cc3\"><h2 class=\"stk-block-heading__text\">Leitf\u00e4den<\/h2><\/div>\n\n<div class=\"wp-block-stackable-text stk-block-text stk-block stk-7a03249\" data-block-id=\"7a03249\"><p class=\"stk-block-text__text has-text-align-justify\">Laden Sie unsere Leitf\u00e4den herunter:<\/p><\/div>\n\n<div class=\"wp-block-stackable-text stk-block-text stk-block stk-e1a92cb\" data-block-id=\"e1a92cb\"><p class=\"stk-block-text__text\"><strong>Der endg\u00fcltige Leitfaden f\u00fcr die Aufbewahrung von Bitcoin<\/strong><\/p><\/div>\n\n<div class=\"wp-block-stackable-text stk-block-text stk-block stk-96793be\" data-block-id=\"96793be\"><p class=\"stk-block-text__text has-text-align-justify\">Wenn es darum geht, Ihre Bitcoin (oder andere Kryptow\u00e4hrungen) zu sch\u00fctzen, ist es entscheidend, die Kontrolle \u00fcber Ihre Schl\u00fcssel zu haben und sich nicht auf B\u00f6rsen oder Dritte zu verlassen. In diesem Leitfaden werden die Methoden erl\u00e4utert, die aus unserer Sicht effektiv und effizient genug sind, um Bitcoin sicher zu speichern.<\/p><\/div>\n\n<div class=\"wp-block-stackable-button-group stk-block-button-group stk-block stk-2fa8e2f\" data-block-id=\"2fa8e2f\"><div class=\"stk-row stk-inner-blocks stk-block-content stk-button-group\">\n<div class=\"wp-block-stackable-button stk-block-button my-animated-button stk-block stk-12fa784\" data-block-id=\"12fa784\">.stk-12fa784 .stk-button{background:var(&#8211;theme-palette-color-1, #FE9412) !important;}.stk-12fa784 .stk-button:hover:after{background:var(&#8211;theme-palette-color-4, #0E0D12) !important;opacity:1 !important;}.stk-12fa784 .stk-button:before{border-style:solid !important;border-color:var(&#8211;theme-palette-color-1, #FE9412) !important;border-top-width:2px !important;border-right-width:2px !important;border-bottom-width:2px !important;border-left-width:2px !important;}.stk-12fa784 .stk-button:hover:before{border-color:var(&#8211;theme-palette-color-4, #0E0D12) !important;border-top-width:2px !important;border-right-width:2px !important;border-bottom-width:2px !important;border-left-width:2px !important;}.stk-12fa784 .stk-button__inner-text{font-size:14px !important;color:var(&#8211;theme-palette-color-8, #ffffff) !important;}.stk-12fa784 .stk-button:hover .stk-button__inner-text{color:var(&#8211;theme-palette-color-8, #ffffff) !important;}@media screen and (max-width:999px){.stk-12fa784 .stk-button__inner-text{font-size:14px !important;}}<a class=\"stk-link stk-button stk--hover-effect-lift\" href=\"https:\/\/hideyourkeys.io\/de\/produkt\/der-definitive-pleb-leitfaden-zur-aufbewahrung-von-bitcoin\/\" rel=\"noreferrer noopener\"><span class=\"has-text-color stk-button__inner-text\"><strong>DOWNLOAD<\/strong><\/span><\/a><\/div>\n<\/div><\/div>\n\n<div class=\"wp-block-stackable-text stk-block-text stk-block stk-ff41b96\" data-block-id=\"ff41b96\"><p class=\"stk-block-text__text\"><strong>Bitcoin verstehen<\/strong><\/p><\/div>\n\n<div class=\"wp-block-stackable-text stk-block-text stk-block stk-4bdba1a\" data-block-id=\"4bdba1a\"><p class=\"stk-block-text__text has-text-align-justify\">Wenn es darum geht, Ihre Bitcoin (oder andere Kryptow\u00e4hrungen) zu sch\u00fctzen, ist es entscheidend, die Kontrolle \u00fcber Ihre Schl\u00fcssel zu haben und sich nicht auf B\u00f6rsen oder Dritte zu verlassen. Dieser Leitfaden wird Ihnen helfen, Bitcoin zu verstehen und die Methoden erkl\u00e4ren, die aus unserer Sicht effektiv und effizient genug f\u00fcr eine sichere Bitcoin-Speicherung sind.<\/p><\/div>\n\n<div class=\"wp-block-stackable-button-group stk-block-button-group stk-block stk-f9b9cdf\" data-block-id=\"f9b9cdf\"><div class=\"stk-row stk-inner-blocks stk-block-content stk-button-group\">\n<div class=\"wp-block-stackable-button stk-block-button my-animated-button stk-block stk-373e94c\" data-block-id=\"373e94c\">.stk-373e94c .stk-button{background:var(&#8211;theme-palette-color-1, #FE9412) !important;}.stk-373e94c .stk-button:hover:after{background:var(&#8211;theme-palette-color-4, #0E0D12) !important;opacity:1 !important;}.stk-373e94c .stk-button:before{border-style:solid !important;border-color:var(&#8211;theme-palette-color-1, #FE9412) !important;border-top-width:2px !important;border-right-width:2px !important;border-bottom-width:2px !important;border-left-width:2px !important;}.stk-373e94c .stk-button:hover:before{border-color:var(&#8211;theme-palette-color-4, #0E0D12) !important;border-top-width:2px !important;border-right-width:2px !important;border-bottom-width:2px !important;border-left-width:2px !important;}.stk-373e94c .stk-button__inner-text{font-size:14px !important;color:var(&#8211;theme-palette-color-8, #ffffff) !important;}.stk-373e94c .stk-button:hover .stk-button__inner-text{color:var(&#8211;theme-palette-color-8, #ffffff) !important;}@media screen and (max-width:999px){.stk-373e94c .stk-button__inner-text{font-size:14px !important;}}<a class=\"stk-link stk-button stk--hover-effect-lift\" href=\"https:\/\/hideyourkeys.io\/de\/produkt\/was-macht-bitcoin-sinn-von-bitcoin\/\" rel=\"noreferrer noopener\"><span class=\"has-text-color stk-button__inner-text\"><strong>DOWNLOAD<\/strong><\/span><\/a><\/div>\n<\/div><\/div>\n\n<div class=\"wp-block-stackable-text stk-block-text stk-block stk-0a1d691\" data-block-id=\"0a1d691\"><p class=\"stk-block-text__text\"><strong>Wie kann man Bitcoin in weniger als 1 Stunde verstehen?<\/strong><\/p><\/div>\n\n<div class=\"wp-block-stackable-text stk-block-text stk-block stk-a161ab2\" data-block-id=\"a161ab2\"><p class=\"stk-block-text__text has-text-align-justify\">Der perfekte Leitfaden f\u00fcr die Einf\u00fchrung der &#8222;orangenen Pille&#8220; f\u00fcr Ihre Freunde und Familie.<\/p><\/div>\n\n<div class=\"wp-block-stackable-button-group stk-block-button-group stk-block stk-42dc740\" data-block-id=\"42dc740\"><div class=\"stk-row stk-inner-blocks stk-block-content stk-button-group\">\n<div class=\"wp-block-stackable-button stk-block-button my-animated-button stk-block stk-d6c261d\" data-block-id=\"d6c261d\">.stk-d6c261d .stk-button{background:var(&#8211;theme-palette-color-1, #FE9412) !important;}.stk-d6c261d .stk-button:hover:after{background:var(&#8211;theme-palette-color-4, #0E0D12) !important;opacity:1 !important;}.stk-d6c261d .stk-button:before{border-style:solid !important;border-color:var(&#8211;theme-palette-color-1, #FE9412) !important;border-top-width:2px !important;border-right-width:2px !important;border-bottom-width:2px !important;border-left-width:2px !important;}.stk-d6c261d .stk-button:hover:before{border-color:var(&#8211;theme-palette-color-4, #0E0D12) !important;border-top-width:2px !important;border-right-width:2px !important;border-bottom-width:2px !important;border-left-width:2px !important;}.stk-d6c261d .stk-button__inner-text{font-size:14px !important;color:var(&#8211;theme-palette-color-8, #ffffff) !important;}.stk-d6c261d .stk-button:hover .stk-button__inner-text{color:var(&#8211;theme-palette-color-8, #ffffff) !important;}@media screen and (max-width:999px){.stk-d6c261d .stk-button__inner-text{font-size:14px !important;}}<a class=\"stk-link stk-button stk--hover-effect-lift\" href=\"https:\/\/hideyourkeys.io\/de\/produkt\/verstehen-bitcoin-weniger-1-stunde\/\" rel=\"noreferrer noopener\"><span class=\"has-text-color stk-button__inner-text\"><strong>DOWNLOAD<\/strong><\/span><\/a><\/div>\n<\/div><\/div>\n\n<div class=\"wp-block-stackable-heading stk-block-heading stk-block-heading--v2 stk-block stk-b88887a\" id=\"manuals\" data-block-id=\"b88887a\"><h2 class=\"stk-block-heading__text\">Handb\u00fccher<\/h2><\/div>\n\n<div class=\"wp-block-stackable-text stk-block-text stk-block stk-51faa7c\" data-block-id=\"51faa7c\"><p class=\"stk-block-text__text has-text-align-justify\">Laden Sie unsere Handb\u00fccher herunter:<\/p><\/div>\n\n<div class=\"wp-block-stackable-text stk-block-text stk-block stk-23f8361\" data-block-id=\"23f8361\"><p class=\"stk-block-text__text\"><strong>BitJig Handbuch:<\/strong><\/p><\/div>\n\n<div class=\"wp-block-stackable-text stk-block-text stk-block stk-dcbba58\" data-block-id=\"dcbba58\"><p class=\"stk-block-text__text\">Laden Sie unsere Handb\u00fccher f\u00fcr Stanzvorrichtungen herunter, damit Sie Ihre Metallscheiben richtig gravieren k\u00f6nnen.<\/p><\/div>\n\n<div class=\"wp-block-stackable-button-group stk-block-button-group stk-block stk-43b5c08\" data-block-id=\"43b5c08\"><div class=\"stk-row stk-inner-blocks stk-block-content stk-button-group\">\n<div class=\"wp-block-stackable-button stk-block-button my-animated-button stk-block stk-526dc3e\" data-block-id=\"526dc3e\">.stk-526dc3e .stk-button{background:var(&#8211;theme-palette-color-1, #FE9412) !important;}.stk-526dc3e .stk-button:hover:after{background:var(&#8211;theme-palette-color-4, #0E0D12) !important;opacity:1 !important;}.stk-526dc3e .stk-button:before{border-style:solid !important;border-color:var(&#8211;theme-palette-color-1, #FE9412) !important;border-top-width:2px !important;border-right-width:2px !important;border-bottom-width:2px !important;border-left-width:2px !important;}.stk-526dc3e .stk-button:hover:before{border-color:var(&#8211;theme-palette-color-4, #0E0D12) !important;border-top-width:2px !important;border-right-width:2px !important;border-bottom-width:2px !important;border-left-width:2px !important;}.stk-526dc3e .stk-button__inner-text{font-size:14px !important;color:var(&#8211;theme-palette-color-8, #ffffff) !important;}.stk-526dc3e .stk-button:hover .stk-button__inner-text{color:var(&#8211;theme-palette-color-8, #ffffff) !important;}@media screen and (max-width:999px){.stk-526dc3e .stk-button__inner-text{font-size:14px !important;}}<a class=\"stk-link stk-button stk--hover-effect-lift\" href=\"https:\/\/hideyourkeys.io\/de\/produkt\/bitjig-handbuch\/\" rel=\"noreferrer noopener\"><span class=\"has-text-color stk-button__inner-text\"><strong>DOWNLOAD<\/strong><\/span><\/a><\/div>\n<\/div><\/div>\n\n<div class=\"wp-block-stackable-text stk-block-text stk-block stk-36cf19e\" data-block-id=\"36cf19e\"><p class=\"stk-block-text__text\"><strong>Blument\u00f6pfe:<\/strong><\/p><\/div>\n\n<div class=\"wp-block-stackable-text stk-block-text stk-block stk-2942d2f\" data-block-id=\"2942d2f\"><p class=\"stk-block-text__text\">Schauen Sie in unserem Handbuch f\u00fcr Pflanzent\u00f6pfe nach, wie Sie Ihre Samenphrasen darin verstecken k\u00f6nnen!<\/p><\/div>\n\n<div class=\"wp-block-stackable-button-group stk-block-button-group stk-block stk-4290e67\" data-block-id=\"4290e67\"><div class=\"stk-row stk-inner-blocks stk-block-content stk-button-group\">\n<div class=\"wp-block-stackable-button stk-block-button my-animated-button stk-block stk-d34c3e5\" data-block-id=\"d34c3e5\">.stk-d34c3e5 .stk-button{background:var(&#8211;theme-palette-color-1, #FE9412) !important;}.stk-d34c3e5 .stk-button:hover:after{background:var(&#8211;theme-palette-color-4, #0E0D12) !important;opacity:1 !important;}.stk-d34c3e5 .stk-button:before{border-style:solid !important;border-color:var(&#8211;theme-palette-color-1, #FE9412) !important;border-top-width:2px !important;border-right-width:2px !important;border-bottom-width:2px !important;border-left-width:2px !important;}.stk-d34c3e5 .stk-button:hover:before{border-color:var(&#8211;theme-palette-color-4, #0E0D12) !important;border-top-width:2px !important;border-right-width:2px !important;border-bottom-width:2px !important;border-left-width:2px !important;}.stk-d34c3e5 .stk-button__inner-text{font-size:14px !important;color:var(&#8211;theme-palette-color-8, #ffffff) !important;}.stk-d34c3e5 .stk-button:hover .stk-button__inner-text{color:var(&#8211;theme-palette-color-8, #ffffff) !important;}@media screen and (max-width:999px){.stk-d34c3e5 .stk-button__inner-text{font-size:14px !important;}}<a class=\"stk-link stk-button stk--hover-effect-lift\" href=\"https:\/\/hideyourkeys.io\/product\/succulent-pots-manual\/\" rel=\"noreferrer noopener\"><span class=\"has-text-color stk-button__inner-text\"><strong>DOWNLOAD<\/strong><\/span><\/a><\/div>\n<\/div><\/div>\n\n<div class=\"wp-block-stackable-text stk-block-text stk-block stk-597c41e\" data-block-id=\"597c41e\"><p class=\"stk-block-text__text\"><strong>Vasen:<\/strong><\/p><\/div>\n\n<div class=\"wp-block-stackable-text stk-block-text stk-block stk-272909e\" data-block-id=\"272909e\"><p class=\"stk-block-text__text\">Sie suchen einen perfekten Ort, um Ihre Ged\u00e4chtnisst\u00fctze zu verstecken? Dann schauen Sie sich unser Vasen-Handbuch an<\/p><\/div>\n\n<div class=\"wp-block-stackable-button-group stk-block-button-group stk-block stk-502c116\" data-block-id=\"502c116\"><div class=\"stk-row stk-inner-blocks stk-block-content stk-button-group\">\n<div class=\"wp-block-stackable-button stk-block-button my-animated-button stk-block stk-a6a0e95\" data-block-id=\"a6a0e95\">.stk-a6a0e95 .stk-button{background:var(&#8211;theme-palette-color-1, #FE9412) !important;}.stk-a6a0e95 .stk-button:hover:after{background:var(&#8211;theme-palette-color-4, #0E0D12) !important;opacity:1 !important;}.stk-a6a0e95 .stk-button:before{border-style:solid !important;border-color:var(&#8211;theme-palette-color-1, #FE9412) !important;border-top-width:2px !important;border-right-width:2px !important;border-bottom-width:2px !important;border-left-width:2px !important;}.stk-a6a0e95 .stk-button:hover:before{border-color:var(&#8211;theme-palette-color-4, #0E0D12) !important;border-top-width:2px !important;border-right-width:2px !important;border-bottom-width:2px !important;border-left-width:2px !important;}.stk-a6a0e95 .stk-button__inner-text{font-size:14px !important;color:var(&#8211;theme-palette-color-8, #ffffff) !important;}.stk-a6a0e95 .stk-button:hover .stk-button__inner-text{color:var(&#8211;theme-palette-color-8, #ffffff) !important;}@media screen and (max-width:999px){.stk-a6a0e95 .stk-button__inner-text{font-size:14px !important;}}<a class=\"stk-link stk-button stk--hover-effect-lift\" href=\"https:\/\/hideyourkeys.io\/de\/produkt\/vasen-handbuch\/\" rel=\"noreferrer noopener\"><span class=\"has-text-color stk-button__inner-text\"><strong>DOWNLOAD<\/strong><\/span><\/a><\/div>\n<\/div><\/div>\n\n<div class=\"wp-block-stackable-text stk-block-text stk-block stk-d62c768\" data-block-id=\"d62c768\"><p class=\"stk-block-text__text\"><strong>Gartenabfluss:<\/strong><\/p><\/div>\n\n<div class=\"wp-block-stackable-text stk-block-text stk-block stk-a639ffd\" data-block-id=\"a639ffd\"><p class=\"stk-block-text__text\">Haben Sie einen sch\u00f6nen Garten? Nun, es k\u00f6nnte ein guter Ort sein, um Ihre Schl\u00fcssel zu verstecken. Pr\u00fcfen Sie unser Handbuch:<\/p><\/div>\n\n<div class=\"wp-block-stackable-button-group stk-block-button-group stk-block stk-706c2c7\" data-block-id=\"706c2c7\"><div class=\"stk-row stk-inner-blocks stk-block-content stk-button-group\">\n<div class=\"wp-block-stackable-button stk-block-button my-animated-button stk-block stk-2ca94bf\" data-block-id=\"2ca94bf\">.stk-2ca94bf .stk-button{background:var(&#8211;theme-palette-color-1, #FE9412) !important;}.stk-2ca94bf .stk-button:hover:after{background:var(&#8211;theme-palette-color-4, #0E0D12) !important;opacity:1 !important;}.stk-2ca94bf .stk-button:before{border-style:solid !important;border-color:var(&#8211;theme-palette-color-1, #FE9412) !important;border-top-width:2px !important;border-right-width:2px !important;border-bottom-width:2px !important;border-left-width:2px !important;}.stk-2ca94bf .stk-button:hover:before{border-color:var(&#8211;theme-palette-color-4, #0E0D12) !important;border-top-width:2px !important;border-right-width:2px !important;border-bottom-width:2px !important;border-left-width:2px !important;}.stk-2ca94bf .stk-button__inner-text{font-size:14px !important;color:var(&#8211;theme-palette-color-8, #ffffff) !important;}.stk-2ca94bf .stk-button:hover .stk-button__inner-text{color:var(&#8211;theme-palette-color-8, #ffffff) !important;}@media screen and (max-width:999px){.stk-2ca94bf .stk-button__inner-text{font-size:14px !important;}}<a class=\"stk-link stk-button stk--hover-effect-lift\" href=\"https:\/\/hideyourkeys.io\/de\/produkt\/garten-abfluss-handbuch\/\" rel=\"noreferrer noopener\"><span class=\"has-text-color stk-button__inner-text\"><strong>DOWNLOAD<\/strong><\/span><\/a><\/div>\n<\/div><\/div>\n\n<div class=\"wp-block-stackable-text stk-block-text stk-block stk-a3f497b\" data-block-id=\"a3f497b\"><p class=\"stk-block-text__text\"><strong>Hardware-Geldb\u00f6rse:<\/strong><\/p><\/div>\n\n<div class=\"wp-block-stackable-text stk-block-text stk-block stk-a0cdb72\" data-block-id=\"a0cdb72\"><p class=\"stk-block-text__text\">M\u00f6chten Sie unsere Hardware-Geldb\u00f6rse ausprobieren? Nun, Sie sollten zuerst das Handbuch lesen:<\/p><\/div>\n\n<div class=\"wp-block-stackable-button-group stk-block-button-group stk-block stk-8cda56f\" data-block-id=\"8cda56f\"><div class=\"stk-row stk-inner-blocks stk-block-content stk-button-group\">\n<div class=\"wp-block-stackable-button stk-block-button my-animated-button stk-block stk-56f5323\" data-block-id=\"56f5323\">.stk-56f5323 .stk-button{background:var(&#8211;theme-palette-color-1, #FE9412) !important;}.stk-56f5323 .stk-button:hover:after{background:var(&#8211;theme-palette-color-4, #0E0D12) !important;opacity:1 !important;}.stk-56f5323 .stk-button:before{border-style:solid !important;border-color:var(&#8211;theme-palette-color-1, #FE9412) !important;border-top-width:2px !important;border-right-width:2px !important;border-bottom-width:2px !important;border-left-width:2px !important;}.stk-56f5323 .stk-button:hover:before{border-color:var(&#8211;theme-palette-color-4, #0E0D12) !important;border-top-width:2px !important;border-right-width:2px !important;border-bottom-width:2px !important;border-left-width:2px !important;}.stk-56f5323 .stk-button__inner-text{font-size:14px !important;color:var(&#8211;theme-palette-color-8, #ffffff) !important;}.stk-56f5323 .stk-button:hover .stk-button__inner-text{color:var(&#8211;theme-palette-color-8, #ffffff) !important;}@media screen and (max-width:999px){.stk-56f5323 .stk-button__inner-text{font-size:14px !important;}}<a class=\"stk-link stk-button stk--hover-effect-lift\" href=\"https:\/\/hideyourkeys.io\/de\/?attachment_id=16616\" rel=\"noreferrer noopener\"><span class=\"has-text-color stk-button__inner-text\"><strong>DOWNLOAD<\/strong><\/span><\/a><\/div>\n<\/div><\/div>\n\n<div class=\"wp-block-stackable-heading stk-block-heading stk-block-heading--v2 stk-block stk-0797dec\" id=\"need-help\" data-block-id=\"0797dec\"><h2 class=\"stk-block-heading__text\">Brauchen Sie Hilfe?<\/h2><\/div>\n\n<div class=\"wp-block-stackable-text stk-block-text stk-block stk-6b416af\" data-block-id=\"6b416af\"><p class=\"stk-block-text__text\">Kontaktieren Sie uns unter <strong>info@hideyourkeys.io<\/strong> f\u00fcr jede andere Frage<\/p><\/div>\n\n<p><\/p>\n","protected":false},"excerpt":{"rendered":"<p>In diesem Bereich finden Sie Downloads f\u00fcr unsere Handb\u00fccher f\u00fcr Shop-Produkte, sowie Leitf\u00e4den, die Ihnen helfen, die verschiedenen M\u00f6glichkeiten der Bitcoin\/Krypto-Selbstverwahrung zu verstehen. 3D-Drucker Dateien Laden Sie unsere .STL-Dateien herunter, um Ihre eigene Vorrichtung zu drucken: BitJig Free: Wenn Sie einen 3D-Drucker haben, k\u00f6nnen Sie die .STL-Dateien herunterladen, um die BitJig Free-Version zu drucken. Damit [&hellip;]<\/p>\n","protected":false},"author":1,"featured_media":0,"parent":0,"menu_order":0,"comment_status":"closed","ping_status":"closed","template":"","meta":{"powered_cache_disable_cache":false,"powered_cache_disable_lazyload":false,"powered_cache_disable_css_optimization":false,"powered_cache_disable_js_optimization":false,"footnotes":""},"class_list":["post-4526","page","type-page","status-publish","hentry"],"blocksy_meta":[],"_links":{"self":[{"href":"https:\/\/hideyourkeys.io\/de\/wp-json\/wp\/v2\/pages\/4526","targetHints":{"allow":["GET"]}}],"collection":[{"href":"https:\/\/hideyourkeys.io\/de\/wp-json\/wp\/v2\/pages"}],"about":[{"href":"https:\/\/hideyourkeys.io\/de\/wp-json\/wp\/v2\/types\/page"}],"author":[{"embeddable":true,"href":"https:\/\/hideyourkeys.io\/de\/wp-json\/wp\/v2\/users\/1"}],"replies":[{"embeddable":true,"href":"https:\/\/hideyourkeys.io\/de\/wp-json\/wp\/v2\/comments?post=4526"}],"version-history":[{"count":0,"href":"https:\/\/hideyourkeys.io\/de\/wp-json\/wp\/v2\/pages\/4526\/revisions"}],"wp:attachment":[{"href":"https:\/\/hideyourkeys.io\/de\/wp-json\/wp\/v2\/media?parent=4526"}],"curies":[{"name":"wp","href":"https:\/\/api.w.org\/{rel}","templated":true}]}}