{"id":4556,"date":"2023-08-24T08:38:35","date_gmt":"2023-08-24T08:38:35","guid":{"rendered":"https:\/\/hideyourkeys.io\/erstattungs-und-rueckgabebestimmungen\/"},"modified":"2024-08-06T11:23:19","modified_gmt":"2024-08-06T11:23:19","slug":"erstattungs-und-rueckgabebestimmungen","status":"publish","type":"page","link":"https:\/\/hideyourkeys.io\/de\/erstattungs-und-rueckgabebestimmungen\/","title":{"rendered":"Erstattungs- und R\u00fcckgabebestimmungen"},"content":{"rendered":"\n<p><\/p>\n\n<h3 class=\"wp-block-heading\">\u00dcbersicht<\/h3>\n\n<div class=\"wp-block-stackable-text stk-block-text stk-block stk-7a03249\" data-block-id=\"7a03249\"><p class=\"stk-block-text__text has-text-align-justify\">Unsere Erstattungs- und R\u00fcckgabebestimmungen gelten f\u00fcr 14 Tage. Wenn seit Ihrem Kauf 14 Tage vergangen sind, k\u00f6nnen wir Ihnen keine vollst\u00e4ndige R\u00fcckerstattung oder keinen Umtausch anbieten.<\/p><\/div>\n\n<div class=\"wp-block-stackable-text stk-block-text stk-block stk-96793be\" data-block-id=\"96793be\"><p class=\"stk-block-text__text has-text-align-justify\">Um f\u00fcr eine R\u00fcckgabe in Frage zu kommen, muss Ihr Artikel unbenutzt sein und sich in demselben Zustand befinden, in dem Sie ihn erhalten haben. Au\u00dferdem muss es sich in der Originalverpackung befinden. Um Ihre R\u00fccksendung abzuschlie\u00dfen, ben\u00f6tigen wir eine Quittung oder einen Kaufbeleg.<\/p><\/div>\n<h2>Erstattungen<\/h2>\n\n<div class=\"wp-block-stackable-text stk-block-text stk-block stk-51faa7c\" data-block-id=\"51faa7c\"><p class=\"stk-block-text__text has-text-align-justify\">Sobald wir Ihre R\u00fccksendung erhalten und gepr\u00fcft haben, senden wir Ihnen eine E-Mail, um Sie zu benachrichtigen, dass wir Ihren zur\u00fcckgesandten Artikel erhalten haben. Wir werden Sie auch \u00fcber die Genehmigung oder Ablehnung Ihrer Erstattung informieren. Wenn Sie die Genehmigung erhalten, wird Ihre R\u00fcckerstattung bearbeitet und eine Gutschrift auf Ihre Kreditkarte oder Ihre urspr\u00fcngliche Zahlungsmethode wird innerhalb einer bestimmten Anzahl von Tagen automatisch vorgenommen.<\/p><\/div>\n\n<div class=\"wp-block-stackable-text stk-block-text stk-block stk-23f8361\" data-block-id=\"23f8361\"><p class=\"stk-block-text__text\"><b>Versp\u00e4tete oder fehlende Erstattungen<\/b><\/p><\/div>\n\n<div class=\"wp-block-stackable-text stk-block-text stk-block stk-dcbba58\" data-block-id=\"dcbba58\"><p class=\"stk-block-text__text\">Wenn Sie noch keine R\u00fcckerstattung erhalten haben, \u00fcberpr\u00fcfen Sie zun\u00e4chst Ihr Bankkonto erneut.<\/p><\/div>\n\n<div class=\"wp-block-stackable-text stk-block-text stk-block stk-36cf19e\" data-block-id=\"36cf19e\"><p class=\"stk-block-text__text\">Wenden Sie sich dann an Ihr Kreditkartenunternehmen. Es kann einige Zeit dauern, bis Ihre R\u00fcckerstattung offiziell verbucht wird.<\/p><\/div>\n\n<div class=\"wp-block-stackable-text stk-block-text stk-block stk-2942d2f\" data-block-id=\"2942d2f\"><p class=\"stk-block-text__text\">Wenden Sie sich dann an Ihre Bank. Bis eine Erstattung verbucht wird, vergeht oft eine gewisse Bearbeitungszeit.<\/p><\/div>\n\n<div class=\"wp-block-stackable-text stk-block-text stk-block stk-597c41e\" data-block-id=\"597c41e\"><p class=\"stk-block-text__text\">Wenn Sie all dies getan haben und Ihre R\u00fcckerstattung immer noch nicht erhalten haben, kontaktieren Sie uns bitte unter <strong>info@hideyourkeys.io<\/strong><\/p><\/div>\n<h2>Tauschb\u00f6rsen<\/h2>\n\n<div class=\"wp-block-stackable-text stk-block-text stk-block stk-4731d45\" data-block-id=\"4731d45\"><p class=\"stk-block-text__text has-text-align-justify\">Wir ersetzen nur Artikel, die defekt und unbenutzt sind. Wenn Sie es gegen den gleichen Artikel umtauschen m\u00f6chten, senden Sie uns eine E-Mail an <strong>info@hideyourkeys.io<\/strong> und wir werden Ihnen die Details f\u00fcr die R\u00fccksendung mitteilen.<\/p><\/div>\n<h2>R\u00fccksendungen<\/h2>\n\n<div class=\"wp-block-stackable-text stk-block-text stk-block stk-62b75cb\" data-block-id=\"62b75cb\"><p class=\"stk-block-text__text\">Um Ihr Produkt zur\u00fcckzusenden, kontaktieren Sie uns bitte unter <strong>info@hideyourkeys.io<\/strong>. <\/p><\/div>\n\n<div class=\"wp-block-stackable-text stk-block-text stk-block stk-04c1137\" data-block-id=\"04c1137\"><p class=\"stk-block-text__text has-text-align-justify\">Sie m\u00fcssen die Versandkosten f\u00fcr die R\u00fccksendung Ihres Artikels selbst tragen. Die Versandkosten sind nicht erstattungsf\u00e4hig. Wenn Sie eine R\u00fcckerstattung erhalten, werden die Kosten f\u00fcr den R\u00fcckversand von Ihrer R\u00fcckerstattung abgezogen.<\/p><\/div>\n\n<div class=\"wp-block-stackable-text stk-block-text stk-block stk-85d12fe\" data-block-id=\"85d12fe\"><p class=\"stk-block-text__text\">Je nachdem, wo Sie wohnen, kann es unterschiedlich lange dauern, bis Ihr ausgetauschtes Produkt bei Ihnen eintrifft.<\/p><\/div>\n\n<div class=\"wp-block-stackable-text stk-block-text stk-block stk-7041a1d\" data-block-id=\"7041a1d\"><p class=\"stk-block-text__text has-text-align-justify\">Wenn Sie teurere Artikel zur\u00fccksenden, sollten Sie einen verfolgbaren Versanddienst nutzen oder eine Versandversicherung abschlie\u00dfen. Wir k\u00f6nnen nicht garantieren, dass wir die zur\u00fcckgesendeten Artikel erhalten werden.<\/p><\/div>\n<h2>Brauchen Sie Hilfe?<\/h2>\n\n<div class=\"wp-block-stackable-text stk-block-text stk-block stk-6b416af\" data-block-id=\"6b416af\"><p class=\"stk-block-text__text\">Wenden Sie sich bei Fragen zu Erstattungen und R\u00fcckgaben an <strong>info@hideyourkeys.io<\/strong>.<\/p><\/div>\n","protected":false},"excerpt":{"rendered":"<p>\u00dcbersicht Unsere Erstattungs- und R\u00fcckgabebestimmungen gelten f\u00fcr 14 Tage. Wenn seit Ihrem Kauf 14 Tage vergangen sind, k\u00f6nnen wir Ihnen keine vollst\u00e4ndige R\u00fcckerstattung oder keinen Umtausch anbieten. Um f\u00fcr eine R\u00fcckgabe in Frage zu kommen, muss Ihr Artikel unbenutzt sein und sich in demselben Zustand befinden, in dem Sie ihn erhalten haben. Au\u00dferdem muss es [&hellip;]<\/p>\n","protected":false},"author":1,"featured_media":0,"parent":0,"menu_order":0,"comment_status":"closed","ping_status":"closed","template":"","meta":{"powered_cache_disable_cache":false,"powered_cache_disable_lazyload":false,"powered_cache_disable_css_optimization":false,"powered_cache_disable_js_optimization":false,"footnotes":""},"class_list":["post-4556","page","type-page","status-publish","hentry"],"blocksy_meta":[],"_links":{"self":[{"href":"https:\/\/hideyourkeys.io\/de\/wp-json\/wp\/v2\/pages\/4556","targetHints":{"allow":["GET"]}}],"collection":[{"href":"https:\/\/hideyourkeys.io\/de\/wp-json\/wp\/v2\/pages"}],"about":[{"href":"https:\/\/hideyourkeys.io\/de\/wp-json\/wp\/v2\/types\/page"}],"author":[{"embeddable":true,"href":"https:\/\/hideyourkeys.io\/de\/wp-json\/wp\/v2\/users\/1"}],"replies":[{"embeddable":true,"href":"https:\/\/hideyourkeys.io\/de\/wp-json\/wp\/v2\/comments?post=4556"}],"version-history":[{"count":0,"href":"https:\/\/hideyourkeys.io\/de\/wp-json\/wp\/v2\/pages\/4556\/revisions"}],"wp:attachment":[{"href":"https:\/\/hideyourkeys.io\/de\/wp-json\/wp\/v2\/media?parent=4556"}],"curies":[{"name":"wp","href":"https:\/\/api.w.org\/{rel}","templated":true}]}}