{"id":10367,"date":"2024-02-03T11:29:45","date_gmt":"2024-02-03T11:29:45","guid":{"rendered":"https:\/\/hideyourkeys.io\/?post_type=product&#038;p=10367"},"modified":"2024-11-30T12:35:44","modified_gmt":"2024-11-30T12:35:44","slug":"wiederherstellungsphrase-stahlkapsel-mini-m6","status":"publish","type":"product","link":"https:\/\/hideyourkeys.io\/de\/produkt\/wiederherstellungsphrase-stahlkapsel-mini-m6\/","title":{"rendered":"Stahlkapsel f\u00fcr Wiederherstellungsphrase Mini (M6)"},"content":{"rendered":"<p>Diese Kapseln sind darauf ausgelegt, Ihre wertvollen Bitcoin- oder anderen Kryptosamenphrasen sicher zu speichern und sicherzustellen, dass sie sicher und gesch\u00fctzt bleiben. Die Wiederherstellungsphrase aus Stahl ist au\u00dferdem sehr klein und kompakt, so dass Sie sie leicht \u00fcberallhin mitnehmen k\u00f6nnen.<\/p>\n<p>Jede Kapsel kann ein Set gestanzter Metall-Unterlegscheiben (M6-18) aufnehmen, die mit unserem <a href=\"https:\/\/hideyourkeys.io\/de\/produkt\/bitjig-m6-basis-paket\/\">BitJig M6<\/a> hergestellt wurden und Ihre Bitcoin- oder Krypto-Wiederherstellungsphrase anzeigen, wodurch eine zus\u00e4tzliche Schutzschicht gegen unbefugten Zugriff entsteht. Diese Funktion gew\u00e4hrleistet, dass Ihre wertvollen Bitcoin-Verm\u00f6genswerte jederzeit sicher und gesch\u00fctzt sind.<\/p>\n<p>Die Seed-Phrase muss zuvor in Metallscheiben gestanzt werden; sehen Sie sich unseren Stempel an, um eine ordnungsgem\u00e4\u00dfe Sicherung der Seed-Phrase zu erstellen. Dieses Produkt enth\u00e4lt eine M6-Schraube, die auf 24 Unterlegscheiben (ebenfalls enthalten) passt, sowie eine Mutter. Sie passen alle perfekt in die Kapsel. Die Kapsel ist 69 mm hoch und hat einen Durchmesser von 22 mm.<\/p>\n<p>Dieses Produkt enth\u00e4lt:<\/p>\n<ul>\n<li>Eine (1) Aufbewahrungskapsel aus Stahl<\/li>\n<li>Satz Unterlegscheiben (25), mit einer (1) Mutter und einer (1) Schraube<\/li>\n<\/ul>\n","protected":false},"excerpt":{"rendered":"<p>Kapsel zum Aufbewahren der auf Metall gravierten Wiederherstellungsphrase . Wiederherstellungsphrase aus Stahl f\u00fcr Unterlegscheiben. <\/p>\n","protected":false},"featured_media":15064,"comment_status":"open","ping_status":"closed","template":"","meta":{"powered_cache_disable_cache":false,"powered_cache_disable_lazyload":false,"powered_cache_disable_css_optimization":false,"powered_cache_disable_js_optimization":false},"product_brand":[],"product_cat":[264],"product_tag":[302,399],"class_list":{"0":"post-10367","1":"product","2":"type-product","3":"status-publish","4":"has-post-thumbnail","6":"product_cat-stempel-kapseln","7":"product_tag-kapsel","8":"product_tag-seedphrase-ausblenden","10":"first","11":"instock","12":"taxable","13":"shipping-taxable","14":"purchasable","15":"product-type-variable"},"_links":{"self":[{"href":"https:\/\/hideyourkeys.io\/de\/wp-json\/wp\/v2\/product\/10367","targetHints":{"allow":["GET"]}}],"collection":[{"href":"https:\/\/hideyourkeys.io\/de\/wp-json\/wp\/v2\/product"}],"about":[{"href":"https:\/\/hideyourkeys.io\/de\/wp-json\/wp\/v2\/types\/product"}],"replies":[{"embeddable":true,"href":"https:\/\/hideyourkeys.io\/de\/wp-json\/wp\/v2\/comments?post=10367"}],"wp:featuredmedia":[{"embeddable":true,"href":"https:\/\/hideyourkeys.io\/de\/wp-json\/wp\/v2\/media\/15064"}],"wp:attachment":[{"href":"https:\/\/hideyourkeys.io\/de\/wp-json\/wp\/v2\/media?parent=10367"}],"wp:term":[{"taxonomy":"product_brand","embeddable":true,"href":"https:\/\/hideyourkeys.io\/de\/wp-json\/wp\/v2\/product_brand?post=10367"},{"taxonomy":"product_cat","embeddable":true,"href":"https:\/\/hideyourkeys.io\/de\/wp-json\/wp\/v2\/product_cat?post=10367"},{"taxonomy":"product_tag","embeddable":true,"href":"https:\/\/hideyourkeys.io\/de\/wp-json\/wp\/v2\/product_tag?post=10367"}],"curies":[{"name":"wp","href":"https:\/\/api.w.org\/{rel}","templated":true}]}}