{"id":11276,"date":"2024-06-06T13:32:24","date_gmt":"2024-06-06T13:32:24","guid":{"rendered":"https:\/\/hideyourkeys.io\/?post_type=product&#038;p=11276"},"modified":"2026-03-12T19:28:32","modified_gmt":"2026-03-12T19:28:32","slug":"bitjig-m8-basis-paket","status":"publish","type":"product","link":"https:\/\/hideyourkeys.io\/de\/produkt\/bitjig-m8-basis-paket\/","title":{"rendered":"BitJig M8 Basis-Paket"},"content":{"rendered":"<p>Sch\u00fctzen Sie Ihre Kryptow\u00e4hrungen sicher und zuverl\u00e4ssig mit unserer All-in-One-Speicherl\u00f6sung. Sie k\u00f6nnen sich darauf verlassen, dass Ihre Kryptow\u00e4hrung sicher und gesch\u00fctzt ist. Mit diesem Paket k\u00f6nnen Sie sich in der Sicherheit Ihrer Kryptow\u00e4hrungs-Investitionen sicher f\u00fchlen und Ihre privaten Schl\u00fcssel bei Bedarf problemlos abrufen. Der BitJig ist die perfekte Alternative zu Produkten wie Billfodl oder Cryptotag, um Ihre Wiederherstellungsphrase in Metall zu speichern. Holen Sie sich Ihre Stahlr\u00fcckgewinnungsphrase.<\/p>\n<p>Stempeln Sie einfach Ihren Satz auf die Unterlegscheibe, bewahren Sie ihn in der Kapsel auf und bewahren Sie ihn an einem sicheren Ort auf. Mit den 25 enthaltenen Unterlegscheiben k\u00f6nnen Sie eine Wiederherstellungsphrase mit bis zu 24 W\u00f6rtern sowie eine Passphrase oder einen Hinweis auf Unterlegscheibe Nummer 25 speichern. Besuchen Sie unseren Shop f\u00fcr zus\u00e4tzliche <a href=\"https:\/\/hideyourkeys.io\/de\/produkt\/wiederherstellungsphrase-kapsel-mini-3er-pack\/\">Kapseln und Unterlegscheiben<\/a>, um neue Seed-S\u00e4tze zu erstellen.<\/p>\n<p>Dieses Paket enth\u00e4lt:<\/p>\n<ul>\n<li>Ein (1) BitJig<\/li>\n<li>Eine (1) Aufbewahrungskapsel f\u00fcr Unterlegscheiben<\/li>\n<li>Satz Unterlegscheiben (25) mit Schraube (1) und Mutter (1)<\/li>\n<li>Satz mit 36 hochwertigen Briefmarken<\/li>\n<\/ul>\n<p>Der Schl\u00e4gel oder Hammer ist nicht enthalten. Wir empfehlen die Verwendung eines harten Stahlmauls von mindestens 0,8-1 kg.<\/p>\n<p>Falls Sie einen Hammer ben\u00f6tigen, werfen Sie einen Blick auf unser <a href=\"https:\/\/hideyourkeys.io\/de\/produkt\/bitjig-m8-erweitertes-paket\/\">erweitertes Paket.<\/a><\/p>\n<p>\u00dcberpr\u00fcfen Sie unser <a href=\"https:\/\/hideyourkeys.io\/de\/produkt\/bitjig-handbuch\/\">Stempel-Produkthandbuch<\/a>.<\/p>\n","protected":false},"excerpt":{"rendered":"<p style=\"text-align: center;\">Probieren Sie unser BitJig-Starterpaket aus, um Ihre Spr\u00fcche in Metall zu gravieren. Sie erhalten ein klares und zuverl\u00e4ssiges Ergebnis. Holen Sie sich Ihre Stahlr\u00fcckgewinnungsphrase.<\/p>\n","protected":false},"featured_media":19423,"comment_status":"open","ping_status":"closed","template":"","meta":{"powered_cache_disable_cache":false,"powered_cache_disable_lazyload":false,"powered_cache_disable_css_optimization":false,"powered_cache_disable_js_optimization":false},"product_brand":[],"product_cat":[271,264],"product_tag":[310,298,387,388,389],"class_list":{"0":"post-11276","1":"product","2":"type-product","3":"status-publish","4":"has-post-thumbnail","6":"product_cat-pakete-sonstige","7":"product_cat-stempel-kapseln","8":"product_tag-bitcoin-metal-geldborse","9":"product_tag-bitjig-de","10":"product_tag-saatgutspeicher-aus-metall","11":"product_tag-stampfer","12":"product_tag-stanzvorrichtung","14":"first","15":"instock","16":"sale","17":"taxable","18":"shipping-taxable","19":"purchasable","20":"product-type-variable"},"_links":{"self":[{"href":"https:\/\/hideyourkeys.io\/de\/wp-json\/wp\/v2\/product\/11276","targetHints":{"allow":["GET"]}}],"collection":[{"href":"https:\/\/hideyourkeys.io\/de\/wp-json\/wp\/v2\/product"}],"about":[{"href":"https:\/\/hideyourkeys.io\/de\/wp-json\/wp\/v2\/types\/product"}],"replies":[{"embeddable":true,"href":"https:\/\/hideyourkeys.io\/de\/wp-json\/wp\/v2\/comments?post=11276"}],"wp:featuredmedia":[{"embeddable":true,"href":"https:\/\/hideyourkeys.io\/de\/wp-json\/wp\/v2\/media\/19423"}],"wp:attachment":[{"href":"https:\/\/hideyourkeys.io\/de\/wp-json\/wp\/v2\/media?parent=11276"}],"wp:term":[{"taxonomy":"product_brand","embeddable":true,"href":"https:\/\/hideyourkeys.io\/de\/wp-json\/wp\/v2\/product_brand?post=11276"},{"taxonomy":"product_cat","embeddable":true,"href":"https:\/\/hideyourkeys.io\/de\/wp-json\/wp\/v2\/product_cat?post=11276"},{"taxonomy":"product_tag","embeddable":true,"href":"https:\/\/hideyourkeys.io\/de\/wp-json\/wp\/v2\/product_tag?post=11276"}],"curies":[{"name":"wp","href":"https:\/\/api.w.org\/{rel}","templated":true}]}}