{"id":11409,"date":"2024-06-06T13:38:07","date_gmt":"2024-06-06T13:38:07","guid":{"rendered":"https:\/\/hideyourkeys.io\/?post_type=product&#038;p=11409"},"modified":"2025-07-15T00:00:08","modified_gmt":"2025-07-15T00:00:08","slug":"bitjig-m8-erweitertes-paket","status":"publish","type":"product","link":"https:\/\/hideyourkeys.io\/de\/produkt\/bitjig-m8-erweitertes-paket\/","title":{"rendered":"BitJig M8 Erweitertes Paket"},"content":{"rendered":"<p>Sch\u00fctzen Sie Ihre Kryptow\u00e4hrungen sicher und zuverl\u00e4ssig mit unserer All-in-One-Speicherl\u00f6sung. Sie k\u00f6nnen sich darauf verlassen, dass Ihre Kryptow\u00e4hrung sicher und gesch\u00fctzt ist. Mit diesem Paket k\u00f6nnen Sie sich in der Sicherheit Ihrer Kryptow\u00e4hrungs-Investitionen sicher f\u00fchlen und Ihre privaten Schl\u00fcssel bei Bedarf problemlos abrufen. Der BitJig ist die perfekte Cryptotag-Alternative, um deine Seed-Phrase in Metall zu speichern.<\/p>\n<p>Stempeln Sie einfach Ihren Satz auf die Unterlegscheibe, bewahren Sie ihn in der Kapsel auf und bewahren Sie ihn an einem sicheren Ort auf. Mit den 25 enthaltenen Unterlegscheiben k\u00f6nnen Sie eine Wiederherstellungsphrase mit bis zu 24 W\u00f6rtern sowie eine Passphrase oder einen Hinweis auf Unterlegscheibe Nummer 25 speichern. Besuchen Sie unseren Shop f\u00fcr zus\u00e4tzliche <a href=\"https:\/\/hideyourkeys.io\/de\/produkt\/wiederherstellungsphrase-kapsel-mini-3er-pack\/\">Kapseln und Unterlegscheiben<\/a>, um neue Seed-S\u00e4tze zu erstellen.<\/p>\n<p>Dieses Paket enth\u00e4lt:<\/p>\n<ul>\n<li>Ein (1) BitJig<\/li>\n<li>Eine (1) Aufbewahrungskapsel f\u00fcr Unterlegscheiben<\/li>\n<li>Satz Unterlegscheiben (25) mit Schraube (1) und Mutter (1)<\/li>\n<li>Satz mit 36 hochwertigen Briefmarken<\/li>\n<li>Ein Stahlhammer (0,8 kg)<\/li>\n<\/ul>\n<p>\u00dcberpr\u00fcfen Sie unser <a href=\"https:\/\/hideyourkeys.io\/de\/produkt\/bitjig-handbuch\/\">Stempel-Produkthandbuch<\/a>.<\/p>\n","protected":false},"excerpt":{"rendered":"<p>Testen Sie unser BitJig Advanced Pack, um Ihre Spr\u00fcche in Metall zu gravieren. Ein knackiges und zuverl\u00e4ssiges Ergebnis erhalten, eine gro\u00dfartige Kryptotag-Alternative.<\/p>\n","protected":false},"featured_media":19438,"comment_status":"open","ping_status":"closed","template":"","meta":{"powered_cache_disable_cache":false,"powered_cache_disable_lazyload":false,"powered_cache_disable_css_optimization":false,"powered_cache_disable_js_optimization":false},"product_brand":[],"product_cat":[271,264],"product_tag":[310,298,387,388,389],"class_list":{"0":"post-11409","1":"product","2":"type-product","3":"status-publish","4":"has-post-thumbnail","6":"product_cat-pakete-sonstige","7":"product_cat-stempel-kapseln","8":"product_tag-bitcoin-metal-geldborse","9":"product_tag-bitjig-de","10":"product_tag-saatgutspeicher-aus-metall","11":"product_tag-stampfer","12":"product_tag-stanzvorrichtung","14":"first","15":"instock","16":"sale","17":"featured","18":"taxable","19":"shipping-taxable","20":"purchasable","21":"product-type-variable"},"_links":{"self":[{"href":"https:\/\/hideyourkeys.io\/de\/wp-json\/wp\/v2\/product\/11409","targetHints":{"allow":["GET"]}}],"collection":[{"href":"https:\/\/hideyourkeys.io\/de\/wp-json\/wp\/v2\/product"}],"about":[{"href":"https:\/\/hideyourkeys.io\/de\/wp-json\/wp\/v2\/types\/product"}],"replies":[{"embeddable":true,"href":"https:\/\/hideyourkeys.io\/de\/wp-json\/wp\/v2\/comments?post=11409"}],"wp:featuredmedia":[{"embeddable":true,"href":"https:\/\/hideyourkeys.io\/de\/wp-json\/wp\/v2\/media\/19438"}],"wp:attachment":[{"href":"https:\/\/hideyourkeys.io\/de\/wp-json\/wp\/v2\/media?parent=11409"}],"wp:term":[{"taxonomy":"product_brand","embeddable":true,"href":"https:\/\/hideyourkeys.io\/de\/wp-json\/wp\/v2\/product_brand?post=11409"},{"taxonomy":"product_cat","embeddable":true,"href":"https:\/\/hideyourkeys.io\/de\/wp-json\/wp\/v2\/product_cat?post=11409"},{"taxonomy":"product_tag","embeddable":true,"href":"https:\/\/hideyourkeys.io\/de\/wp-json\/wp\/v2\/product_tag?post=11409"}],"curies":[{"name":"wp","href":"https:\/\/api.w.org\/{rel}","templated":true}]}}