{"id":11468,"date":"2024-06-06T18:50:40","date_gmt":"2024-06-06T18:50:40","guid":{"rendered":"https:\/\/hideyourkeys.io\/?post_type=product&#038;p=11468"},"modified":"2025-04-09T19:42:46","modified_gmt":"2025-04-09T19:42:46","slug":"bitjig-handbuch","status":"publish","type":"product","link":"https:\/\/hideyourkeys.io\/de\/produkt\/bitjig-handbuch\/","title":{"rendered":"BitJig Handbuch"},"content":{"rendered":"<p>Pr\u00fcfen Sie unser BitJig-Handbuch, um die ordnungsgem\u00e4\u00dfe Verwendung des Produkts sicherzustellen. Lernen Sie, wie Sie Ihre Seed-Phrase auf Metall-Unterlegscheiben gravieren und dabei scharfe und klare Ergebnisse erzielen. Holen Sie sich Ihre Krypto-Wiederherstellungs-Unterlegscheiben. <\/p>\n<p>Wir empfehlen, unsere Anleitungen vor dem Kauf der Produkte herunterzuladen, sie sind kostenlos. Damit wissen Sie, was Sie erwartet, wenn Sie eines unserer Produkte erwerben.<\/p>\n<p>Dieses Handbuch ist f\u00fcr die Verwendung unserer Stanzschablonen gedacht. Schauen Sie sich einige unserer Pakete wie <a href=\"https:\/\/hideyourkeys.io\/de\/produkt\/bitjig-m8-basis-paket\/\">BitJig<\/a> oder <a href=\"https:\/\/hideyourkeys.io\/de\/produkt\/bitjig-m6-basis-paket\/\">BitJig M6<\/a> an.<\/p>\n<p>&nbsp;<\/p>\n","protected":false},"excerpt":{"rendered":"<p>Handbuch f\u00fcr unsere Stanzschablonen. Holen Sie sich das Handbuch f\u00fcr Ihre Krypto-Wiederherstellungs-Unterlegscheiben. <\/p>\n","protected":false},"featured_media":12987,"comment_status":"open","ping_status":"closed","template":"","meta":{"powered_cache_disable_cache":false,"powered_cache_disable_lazyload":false,"powered_cache_disable_css_optimization":false,"powered_cache_disable_js_optimization":false},"product_brand":[],"product_cat":[267],"product_tag":[294,415,388,389],"class_list":{"0":"post-11468","1":"product","2":"type-product","3":"status-publish","4":"has-post-thumbnail","6":"product_cat-anleitungen-und-handbucher","7":"product_tag-bitcoin-de","8":"product_tag-handbuch","9":"product_tag-stampfer","10":"product_tag-stanzvorrichtung","12":"first","13":"instock","14":"downloadable","15":"taxable","16":"shipping-taxable","17":"purchasable","18":"product-type-simple"},"_links":{"self":[{"href":"https:\/\/hideyourkeys.io\/de\/wp-json\/wp\/v2\/product\/11468","targetHints":{"allow":["GET"]}}],"collection":[{"href":"https:\/\/hideyourkeys.io\/de\/wp-json\/wp\/v2\/product"}],"about":[{"href":"https:\/\/hideyourkeys.io\/de\/wp-json\/wp\/v2\/types\/product"}],"replies":[{"embeddable":true,"href":"https:\/\/hideyourkeys.io\/de\/wp-json\/wp\/v2\/comments?post=11468"}],"wp:featuredmedia":[{"embeddable":true,"href":"https:\/\/hideyourkeys.io\/de\/wp-json\/wp\/v2\/media\/12987"}],"wp:attachment":[{"href":"https:\/\/hideyourkeys.io\/de\/wp-json\/wp\/v2\/media?parent=11468"}],"wp:term":[{"taxonomy":"product_brand","embeddable":true,"href":"https:\/\/hideyourkeys.io\/de\/wp-json\/wp\/v2\/product_brand?post=11468"},{"taxonomy":"product_cat","embeddable":true,"href":"https:\/\/hideyourkeys.io\/de\/wp-json\/wp\/v2\/product_cat?post=11468"},{"taxonomy":"product_tag","embeddable":true,"href":"https:\/\/hideyourkeys.io\/de\/wp-json\/wp\/v2\/product_tag?post=11468"}],"curies":[{"name":"wp","href":"https:\/\/api.w.org\/{rel}","templated":true}]}}