{"id":12012,"date":"2024-06-17T20:11:25","date_gmt":"2024-06-17T20:11:25","guid":{"rendered":"https:\/\/hideyourkeys.io\/?post_type=product&#038;p=12012"},"modified":"2025-04-17T14:21:37","modified_gmt":"2025-04-17T14:21:37","slug":"bitjig-m8","status":"publish","type":"product","link":"https:\/\/hideyourkeys.io\/de\/produkt\/bitjig-m8\/","title":{"rendered":"BitJig M8"},"content":{"rendered":"<p>Der BitJig M8 ist ein Werkzeug, das verwendet wird, um eine Seed-Phrase (Ihre privaten Schl\u00fcssel oder mnemonische Phrase) auf Metallunterlegscheiben zu pr\u00e4gen, f\u00fcr Bitcoin oder andere Kryptow\u00e4hrungen. Mit diesem Werkzeug k\u00f6nnen Sie Ihre privaten Schl\u00fcssel auf sichere und langlebige Weise einfach erstellen und speichern. Der BitJig M8 wird manuell mit einem Hammer (oder vorzugsweise einem Schonhammer) bedient, die Toleranzen sind perfekt f\u00fcr ein Set von M8-24 Unterlegscheiben.<\/p>\n<p>Mit diesem Werkzeug k\u00f6nnen Sie sich in Bezug auf die Sicherheit Ihrer Kryptow\u00e4hrungsinvestitionen sicher f\u00fchlen und Ihre privaten Schl\u00fcssel jederzeit problemlos abrufen. Der BitJig ist die perfekte Alternative f\u00fcr Produkte wie Billfodl oder Cryptotag, um an Ihre Stahl-Seed-Phrase zu kommen.<\/p>\n<p>Dieser Stempelvorrichtung ist mit einem Mechanismus ausgestattet, der die Unterlegscheibe w\u00e4hrend des Stempelvorgangs sicher an Ort und Stelle h\u00e4lt, wodurch sie effizienter und genauer ist als andere L\u00f6sungen. Die St\u00fctzplattform f\u00fcr die Unterlegscheibe hat einen Durchmesser von 6 cm, was eine stabile und robuste Basis bietet, um sie beim Stempeln festzuhalten und das Risiko von Verletzungen durch versehentliches Schlagen Ihrer Finger oder \u00fcberm\u00e4\u00dfige Kraftanwendung zu eliminieren. Das Design des BitJig erm\u00f6glicht auch einen pr\u00e4ziseren Abdruck der ausgew\u00e4hlten Phrase oder des Semencodes, um sicherzustellen, dass die auf den Unterlegscheiben gespeicherten privaten Schl\u00fcssel deutlich lesbar und leicht zu lesen sind.<\/p>\n<p>Dieses Produkt enth\u00e4lt:<\/p>\n<ul>\n<li>Ein (1) BitJig M8.<\/li>\n<\/ul>\n<p>Der Schl\u00e4gel oder Hammer ist nicht enthalten. Wir empfehlen die Verwendung eines harten Stahlmauls von mindestens 0,8-1 kg.<\/p>\n<p>Falls Sie einen Hammer ben\u00f6tigen, werfen Sie einen Blick auf unser erweitertes <a href=\"https:\/\/hideyourkeys.io\/de\/produkt\/bitjig-m8-erweitertes-paket\/\">Paket.<\/a><\/p>\n<p>Um den BitJig zu verwenden, ben\u00f6tigen Benutzer Metallstempel, um ihre ausgew\u00e4hlte Phrase oder ihren Semencode auf die Unterlegscheiben zu pr\u00e4gen. Schauen Sie sich unsere <a href=\"https:\/\/hideyourkeys.io\/de\/produkt\/bitjig-m8-basis-paket\/\">Basic Pack<\/a>-Option an, wenn Sie keine Stempel haben.<\/p>\n<p>Pr\u00fcfen Sie das <a href=\"https:\/\/hideyourkeys.io\/de\/produkt\/bitjig-handbuch\/\">Produkthandbuch.<\/a><\/p>\n<p>&nbsp;<\/p>\n<p>&nbsp;<\/p>\n","protected":false},"excerpt":{"rendered":"<p>BitJig M8 ist ein Werkzeug, mit dem eine Seed-Phrase (Backup-Phrase) auf Metallscheiben graviert werden kann, um sie sicher aufzubewahren. Holen Sie sich jetzt Ihre Stahl-Seed-Phrase. <\/p>\n","protected":false},"featured_media":19393,"comment_status":"open","ping_status":"closed","template":"","meta":{"powered_cache_disable_cache":false,"powered_cache_disable_lazyload":false,"powered_cache_disable_css_optimization":false,"powered_cache_disable_js_optimization":false},"product_brand":[],"product_cat":[264],"product_tag":[294,388,389],"class_list":{"0":"post-12012","1":"product","2":"type-product","3":"status-publish","4":"has-post-thumbnail","6":"product_cat-stempel-kapseln","7":"product_tag-bitcoin-de","8":"product_tag-stampfer","9":"product_tag-stanzvorrichtung","11":"first","12":"instock","13":"taxable","14":"shipping-taxable","15":"purchasable","16":"product-type-variable"},"_links":{"self":[{"href":"https:\/\/hideyourkeys.io\/de\/wp-json\/wp\/v2\/product\/12012","targetHints":{"allow":["GET"]}}],"collection":[{"href":"https:\/\/hideyourkeys.io\/de\/wp-json\/wp\/v2\/product"}],"about":[{"href":"https:\/\/hideyourkeys.io\/de\/wp-json\/wp\/v2\/types\/product"}],"replies":[{"embeddable":true,"href":"https:\/\/hideyourkeys.io\/de\/wp-json\/wp\/v2\/comments?post=12012"}],"wp:featuredmedia":[{"embeddable":true,"href":"https:\/\/hideyourkeys.io\/de\/wp-json\/wp\/v2\/media\/19393"}],"wp:attachment":[{"href":"https:\/\/hideyourkeys.io\/de\/wp-json\/wp\/v2\/media?parent=12012"}],"wp:term":[{"taxonomy":"product_brand","embeddable":true,"href":"https:\/\/hideyourkeys.io\/de\/wp-json\/wp\/v2\/product_brand?post=12012"},{"taxonomy":"product_cat","embeddable":true,"href":"https:\/\/hideyourkeys.io\/de\/wp-json\/wp\/v2\/product_cat?post=12012"},{"taxonomy":"product_tag","embeddable":true,"href":"https:\/\/hideyourkeys.io\/de\/wp-json\/wp\/v2\/product_tag?post=12012"}],"curies":[{"name":"wp","href":"https:\/\/api.w.org\/{rel}","templated":true}]}}