{"id":12081,"date":"2024-06-17T20:26:54","date_gmt":"2024-06-17T20:26:54","guid":{"rendered":"https:\/\/hideyourkeys.io\/?post_type=product&#038;p=12081"},"modified":"2025-12-09T19:06:43","modified_gmt":"2025-12-09T19:06:43","slug":"bitjig-m6","status":"publish","type":"product","link":"https:\/\/hideyourkeys.io\/de\/produkt\/bitjig-m6\/","title":{"rendered":"BitJig M6"},"content":{"rendered":"<p>Der BitJig M6 ist ein Tool, mit dem Sie eine Seed-Phrase in Metall (Ihre privaten Schl\u00fcssel oder mnemonische Phrase auf Metallscheiben) f\u00fcr Bitcoin oder andere Kryptow\u00e4hrungen pr\u00e4gen k\u00f6nnen. Mit diesem Werkzeug k\u00f6nnen Sie Ihre privaten Schl\u00fcssel auf sichere und langlebige Weise einfach erstellen und speichern. Der BitJig M6 wird manuell mit einem Hammer (oder vorzugsweise einem Schonhammer) bedient, die Toleranzen sind perfekt f\u00fcr ein Set von M6-18 Unterlegscheiben.<\/p>\n<p>Mit diesem Werkzeug k\u00f6nnen Sie sich in Bezug auf die Sicherheit Ihrer Kryptow\u00e4hrungsinvestitionen sicher f\u00fchlen und Ihre privaten Schl\u00fcssel jederzeit problemlos abrufen. Der BitJig ist die perfekte Alternative zu Produkten wie Billfodl oder Cryptotag, um Ihre Seed-Phrase in Metall zu speichern.<\/p>\n<p>Dieser Stempelvorrichtung ist mit einem Mechanismus ausgestattet, der die Unterlegscheibe w\u00e4hrend des Stempelvorgangs sicher an Ort und Stelle h\u00e4lt, wodurch sie effizienter und genauer ist als andere L\u00f6sungen. Die St\u00fctzplattform f\u00fcr die Unterlegscheibe bietet eine stabile und robuste Basis zum Festhalten beim Pr\u00e4gen, wodurch das Verletzungsrisiko durch versehentliches Schlagen auf Ihre Finger oder die Notwendigkeit, \u00fcberm\u00e4\u00dfige Kraft anzuwenden, eliminiert wird. Das Design des BitJig erm\u00f6glicht auch einen pr\u00e4ziseren Abdruck der ausgew\u00e4hlten Phrase oder des Semencodes, um sicherzustellen, dass die auf den Unterlegscheiben gespeicherten privaten Schl\u00fcssel deutlich lesbar und leicht zu lesen sind.<\/p>\n<p>Dieses Produkt enth\u00e4lt:<\/p>\n<ul>\n<li>Ein (1) BitJig M6.<\/li>\n<\/ul>\n<p>Der Hammer oder Schl\u00e4gel ist nicht enthalten. Wir empfehlen die Verwendung eines schweren Stahlhammers von mindestens 0.8-1 kg. Falls Sie einen Hammer ben\u00f6tigen, werfen Sie einen Blick auf unser <a>Fortgeschrittenen-Paket<\/a>.<\/p>\n<p>Um den BitJig zu verwenden, ben\u00f6tigen Benutzer Metallstempel, um ihre ausgew\u00e4hlte Phrase oder ihren Semencode auf die Unterlegscheiben zu pr\u00e4gen. Schauen Sie sich unsere <a href=\"https:\/\/hideyourkeys.io\/de\/produkt\/bitjig-m6-basis-paket\/\">Basic Pack<\/a>-Option an, wenn Sie keine Stempel haben.<\/p>\n<p>Pr\u00fcfen Sie das <a href=\"https:\/\/hideyourkeys.io\/de\/produkt\/bitjig-handbuch\/\">Produkthandbuch.<\/a><\/p>\n<p>&nbsp;<\/p>\n<p>&nbsp;<\/p>\n","protected":false},"excerpt":{"rendered":"<p>BitJig M6 ist ein Werkzeug, mit dem eine Seed-Phrase in Metall graviert werden kann (Backup-Phrase in Metallscheiben), um sie sicher aufzubewahren<\/p>\n","protected":false},"featured_media":19520,"comment_status":"open","ping_status":"closed","template":"","meta":{"powered_cache_disable_cache":false,"powered_cache_disable_lazyload":false,"powered_cache_disable_css_optimization":false,"powered_cache_disable_js_optimization":false},"product_brand":[],"product_cat":[264],"product_tag":[294,388,389],"class_list":{"0":"post-12081","1":"product","2":"type-product","3":"status-publish","4":"has-post-thumbnail","6":"product_cat-stempel-kapseln","7":"product_tag-bitcoin-de","8":"product_tag-stampfer","9":"product_tag-stanzvorrichtung","10":"pa_color-grau-weis","12":"first","13":"instock","14":"taxable","15":"shipping-taxable","16":"purchasable","17":"product-type-simple"},"_links":{"self":[{"href":"https:\/\/hideyourkeys.io\/de\/wp-json\/wp\/v2\/product\/12081","targetHints":{"allow":["GET"]}}],"collection":[{"href":"https:\/\/hideyourkeys.io\/de\/wp-json\/wp\/v2\/product"}],"about":[{"href":"https:\/\/hideyourkeys.io\/de\/wp-json\/wp\/v2\/types\/product"}],"replies":[{"embeddable":true,"href":"https:\/\/hideyourkeys.io\/de\/wp-json\/wp\/v2\/comments?post=12081"}],"wp:featuredmedia":[{"embeddable":true,"href":"https:\/\/hideyourkeys.io\/de\/wp-json\/wp\/v2\/media\/19520"}],"wp:attachment":[{"href":"https:\/\/hideyourkeys.io\/de\/wp-json\/wp\/v2\/media?parent=12081"}],"wp:term":[{"taxonomy":"product_brand","embeddable":true,"href":"https:\/\/hideyourkeys.io\/de\/wp-json\/wp\/v2\/product_brand?post=12081"},{"taxonomy":"product_cat","embeddable":true,"href":"https:\/\/hideyourkeys.io\/de\/wp-json\/wp\/v2\/product_cat?post=12081"},{"taxonomy":"product_tag","embeddable":true,"href":"https:\/\/hideyourkeys.io\/de\/wp-json\/wp\/v2\/product_tag?post=12081"}],"curies":[{"name":"wp","href":"https:\/\/api.w.org\/{rel}","templated":true}]}}