{"id":15822,"date":"2024-10-07T17:10:52","date_gmt":"2024-10-07T17:10:52","guid":{"rendered":"https:\/\/hideyourkeys.io\/product\/bitjig-lite-2\/"},"modified":"2024-11-12T07:30:05","modified_gmt":"2024-11-12T07:30:05","slug":"bitjig-lite","status":"publish","type":"product","link":"https:\/\/hideyourkeys.io\/de\/produkt\/bitjig-lite\/","title":{"rendered":"BitJig Lite"},"content":{"rendered":"<p>Der BitJig Lite ist eine Bitcoin-Unterlegscheiben-Pr\u00e4geschablone, die verwendet wird, um eine Seed-Phrase (Ihre privaten Schl\u00fcssel oder mnemonische Phrase) auf Metallunterlegscheiben zu stempeln, f\u00fcr Bitcoin oder andere Kryptow\u00e4hrungen. Mit diesem Werkzeug k\u00f6nnen Sie Ihre privaten Schl\u00fcssel auf sichere und langlebige Weise einfach erstellen und speichern. Der BitJig Lite wird manuell mit einem Hammer (oder besser mit einem Holzhammer) bedient, die Toleranzen sind perfekt f\u00fcr ein Set von M8-24-Washern.<\/p>\n<p>Mit diesem Werkzeug k\u00f6nnen Sie sich in Bezug auf die Sicherheit Ihrer Kryptow\u00e4hrungsinvestitionen sicher f\u00fchlen und Ihre privaten Schl\u00fcssel jederzeit problemlos abrufen. Der BitJig ist die perfekte Alternative zu Produkten wie Billfodl oder Cryptotag, um Ihre Seed-Phrase in Metall zu speichern.<\/p>\n<p>Diese Bitcoin-Unterlegscheiben-Pr\u00e4geschablone hat zwei L\u00f6cher (6 mm und 7 mm Breite), um die Kompatibilit\u00e4t mit den meisten im Markt erh\u00e4ltlichen Stahlstempeln sicherzustellen. Wir empfehlen, einen Amboss zur Unterst\u00fctzung des BitJig zu verwenden, zusammen mit Klebeband, um die Unterlegscheibe zu fixieren und ein Verrutschen w\u00e4hrend des Pr\u00e4gevorgangs zu verhindern. <\/p>\n<p>Dieses Produkt enth\u00e4lt:<\/p>\n<ul>\n<li>Ein (1) BitJig Lite.<\/li>\n<\/ul>\n<p>Der Schl\u00e4gel oder Hammer ist nicht enthalten. Wir empfehlen die Verwendung eines harten Stahlmauls von mindestens 0,8-1 kg.<\/p>\n<p>Um diese Bitcoin-Waschvorrichtung zu verwenden, ben\u00f6tigen Benutzer Metallstempel, um die von ihnen gew\u00e4hlte Phrase oder den Seed-Code auf die Unterlegscheiben zu drucken.<\/p>\n<p>Pr\u00fcfen Sie das <a href=\"https:\/\/hideyourkeys.io\/de\/produkt\/bitjig-handbuch\/\">Produkthandbuch.<\/a><\/p>\n","protected":false},"excerpt":{"rendered":"<p>Holen Sie sich Ihre Seed-Phrase in Metallscheiben mit dem BitJig Lite, unserer erschwinglichen Bitcoin-Unterlegscheiben-Stanzvorrichtungsoption<\/p>\n","protected":false},"featured_media":15771,"comment_status":"open","ping_status":"closed","template":"","meta":{"powered_cache_disable_cache":false,"powered_cache_disable_lazyload":false,"powered_cache_disable_css_optimization":false,"powered_cache_disable_js_optimization":false},"product_brand":[],"product_cat":[264],"product_tag":[294,388,389],"class_list":{"0":"post-15822","1":"product","2":"type-product","3":"status-publish","4":"has-post-thumbnail","6":"product_cat-stempel-kapseln","7":"product_tag-bitcoin-de","8":"product_tag-stampfer","9":"product_tag-stanzvorrichtung","10":"pa_color-grau","11":"pa_color-weis","13":"first","14":"instock","15":"taxable","16":"shipping-taxable","17":"purchasable","18":"product-type-variable"},"_links":{"self":[{"href":"https:\/\/hideyourkeys.io\/de\/wp-json\/wp\/v2\/product\/15822","targetHints":{"allow":["GET"]}}],"collection":[{"href":"https:\/\/hideyourkeys.io\/de\/wp-json\/wp\/v2\/product"}],"about":[{"href":"https:\/\/hideyourkeys.io\/de\/wp-json\/wp\/v2\/types\/product"}],"replies":[{"embeddable":true,"href":"https:\/\/hideyourkeys.io\/de\/wp-json\/wp\/v2\/comments?post=15822"}],"wp:featuredmedia":[{"embeddable":true,"href":"https:\/\/hideyourkeys.io\/de\/wp-json\/wp\/v2\/media\/15771"}],"wp:attachment":[{"href":"https:\/\/hideyourkeys.io\/de\/wp-json\/wp\/v2\/media?parent=15822"}],"wp:term":[{"taxonomy":"product_brand","embeddable":true,"href":"https:\/\/hideyourkeys.io\/de\/wp-json\/wp\/v2\/product_brand?post=15822"},{"taxonomy":"product_cat","embeddable":true,"href":"https:\/\/hideyourkeys.io\/de\/wp-json\/wp\/v2\/product_cat?post=15822"},{"taxonomy":"product_tag","embeddable":true,"href":"https:\/\/hideyourkeys.io\/de\/wp-json\/wp\/v2\/product_tag?post=15822"}],"curies":[{"name":"wp","href":"https:\/\/api.w.org\/{rel}","templated":true}]}}