{"id":17179,"date":"2025-01-30T21:33:56","date_gmt":"2025-01-30T21:33:56","guid":{"rendered":"https:\/\/hideyourkeys.io\/product\/aluminum-seed-phrase-capsule-m8\/"},"modified":"2025-01-31T09:09:20","modified_gmt":"2025-01-31T09:09:20","slug":"aluminium-wiederherstellungskapsel-m8","status":"publish","type":"product","link":"https:\/\/hideyourkeys.io\/de\/produkt\/aluminium-wiederherstellungskapsel-m8\/","title":{"rendered":"Aluminium-Wiederherstellungskapsel (M8)"},"content":{"rendered":"<p>Sch\u00fctzen Sie Ihre Wiederherstellungsphrase mit der Aluminium-Wiederherstellungskapsel (M8) \u2013 eine langlebige und sichere L\u00f6sung zum Schutz Ihrer Wiederherstellungsw\u00f6rter. Diese Kapsel aus hochwertigem Aluminium sch\u00fctzt Ihre sensiblen Informationen vor Wasser, Korrosion und anderen Bedrohungen, die Ihre Krypto-Assets gef\u00e4hrden k\u00f6nnten. Jede Kapsel kann ein Set gestanzter Metall-Unterlegscheiben (M8-24) aufnehmen, die mit unserem BitJig M8 hergestellt wurden.<\/p>\n<p>Die Seed-Phrase muss zuvor in Metallscheiben gestanzt werden; sehen Sie sich unseren Stempel an, um eine ordnungsgem\u00e4\u00dfe Sicherung der Seed-Phrase zu erstellen. Dieses Produkt enth\u00e4lt eine M8-Schraube, die f\u00fcr 24 Unterlegscheiben (ebenfalls im Lieferumfang enthalten) und eine Mutter passt. Sie passen alle perfekt in die Kapsel. Die Kapsel hat eine H\u00f6he von 100 mm und einen Durchmesser von 30 mm.<\/p>\n<p>Dieses Produkt enth\u00e4lt:<\/p>\n<p>Eine (1) Aufbewahrungskapsel aus Aluminium<br \/>\nSatz Unterlegscheiben (25), mit einer (1) Mutter und einer (1) Schraube<\/p>\n","protected":false},"excerpt":{"rendered":"<p>Eine wasserdichte und korrosionsbest\u00e4ndige Aluminiumkapsel, in der Sie Ihre Krypto-Wiederherstellungsphrase sicher aufbewahren k\u00f6nnen.<\/p>\n","protected":false},"featured_media":17164,"comment_status":"open","ping_status":"closed","template":"","meta":{"powered_cache_disable_cache":false,"powered_cache_disable_lazyload":false,"powered_cache_disable_css_optimization":false,"powered_cache_disable_js_optimization":false},"product_brand":[],"product_cat":[264],"product_tag":[294],"class_list":{"0":"post-17179","1":"product","2":"type-product","3":"status-publish","4":"has-post-thumbnail","6":"product_cat-stempel-kapseln","7":"product_tag-bitcoin-de","9":"first","10":"instock","11":"taxable","12":"shipping-taxable","13":"purchasable","14":"product-type-variable"},"_links":{"self":[{"href":"https:\/\/hideyourkeys.io\/de\/wp-json\/wp\/v2\/product\/17179","targetHints":{"allow":["GET"]}}],"collection":[{"href":"https:\/\/hideyourkeys.io\/de\/wp-json\/wp\/v2\/product"}],"about":[{"href":"https:\/\/hideyourkeys.io\/de\/wp-json\/wp\/v2\/types\/product"}],"replies":[{"embeddable":true,"href":"https:\/\/hideyourkeys.io\/de\/wp-json\/wp\/v2\/comments?post=17179"}],"wp:featuredmedia":[{"embeddable":true,"href":"https:\/\/hideyourkeys.io\/de\/wp-json\/wp\/v2\/media\/17164"}],"wp:attachment":[{"href":"https:\/\/hideyourkeys.io\/de\/wp-json\/wp\/v2\/media?parent=17179"}],"wp:term":[{"taxonomy":"product_brand","embeddable":true,"href":"https:\/\/hideyourkeys.io\/de\/wp-json\/wp\/v2\/product_brand?post=17179"},{"taxonomy":"product_cat","embeddable":true,"href":"https:\/\/hideyourkeys.io\/de\/wp-json\/wp\/v2\/product_cat?post=17179"},{"taxonomy":"product_tag","embeddable":true,"href":"https:\/\/hideyourkeys.io\/de\/wp-json\/wp\/v2\/product_tag?post=17179"}],"curies":[{"name":"wp","href":"https:\/\/api.w.org\/{rel}","templated":true}]}}