{"id":17635,"date":"2025-02-19T20:21:18","date_gmt":"2025-02-19T20:21:18","guid":{"rendered":"https:\/\/hideyourkeys.io\/?post_type=product&#038;p=17635"},"modified":"2025-02-24T20:07:04","modified_gmt":"2025-02-24T20:07:04","slug":"bitjig-m14","status":"publish","type":"product","link":"https:\/\/hideyourkeys.io\/de\/produkt\/bitjig-m14\/","title":{"rendered":"BitJig M14"},"content":{"rendered":"<p>Der BitJig M14 ist ein Werkzeug, mit dem eine Wiederherstellungsphrase (Ihre privaten Schl\u00fcssel oder mnemonische Phrase) auf eine gro\u00dfe Metallunterlegscheibe eingepr\u00e4gt wird, f\u00fcr Bitcoin oder andere Kryptow\u00e4hrungen, um eine sehr kompakte Stahl-Wiederherstellungsphrase zu erhalten. Mit diesem Werkzeug k\u00f6nnen Sie Ihre privaten Schl\u00fcssel auf sichere und langlebige Weise einfach erstellen und speichern. Der BitJig M14 wird manuell mit einem Hammer (vorzugsweise einem Holzhammer) bedient, die Toleranzen sind perfekt f\u00fcr eine M14-44 Unterlegscheibe.<\/p>\n<p>Mit diesem Werkzeug k\u00f6nnen Sie sich in Bezug auf die Sicherheit Ihrer Kryptow\u00e4hrungsinvestitionen sicher f\u00fchlen und Ihre privaten Schl\u00fcssel jederzeit problemlos abrufen. Der BitJig ist die perfekte Alternative zu Produkten wie Billfodl oder Cryptotag, um Ihre kompakte Stahl-Wiederherstellungsphrase zu erhalten.<\/p>\n<p>Dieser Stempelvorrichtung ist mit einem Mechanismus ausgestattet, der die Unterlegscheibe w\u00e4hrend des Stempelvorgangs sicher an Ort und Stelle h\u00e4lt, wodurch sie effizienter und genauer ist als andere L\u00f6sungen. Die St\u00fctzplattform bietet eine stabile und robuste Basis, um sie w\u00e4hrend des Stempelns zu halten, wodurch das Risiko einer Verletzung durch versehentliches H\u00e4mmern auf die Finger oder die Notwendigkeit, \u00fcberm\u00e4\u00dfige Kraft anzuwenden, eliminiert wird. Das Design des BitJig erm\u00f6glicht auch einen pr\u00e4ziseren Abdruck der gew\u00e4hlten Phrase oder des Seed-Codes, wodurch sichergestellt wird, dass die auf der Unterlegscheibe gespeicherten privaten Schl\u00fcssel deutlich lesbar und leicht zu lesen sind, um eine kompakte Stahl-Wiederherstellungsphrase zu erhalten.<\/p>\n<p>Dieses Produkt enth\u00e4lt:<\/p>\n<ul>\n<li>Ein (1) BitJig M14.<\/li>\n<\/ul>\n<p>Der Schl\u00e4gel oder Hammer ist nicht enthalten. Wir empfehlen die Verwendung eines harten Stahlmauls von mindestens 0,8-1 kg.<\/p>\n<p>Falls Sie einen Hammer ben\u00f6tigen, werfen Sie einen Blick auf unser erweitertes Paket.<\/p>\n<p>Um den BitJig zu verwenden, ben\u00f6tigen die Benutzer Metallstempel mit einer Seitenl\u00e4nge von 6 mm, um ihre gew\u00e4hlte Phrase oder Seed-Code auf die Unterlegscheibe zu pr\u00e4gen. \u00dcberpr\u00fcfen Sie unsere Basispackungsoption, wenn Sie keine Stempel haben.<\/p>\n<p>Pr\u00fcfen Sie das <a href=\"https:\/\/hideyourkeys.io\/de\/produkt\/bitjig-handbuch\/\">Produkthandbuch.<\/a><\/p>\n<p>&nbsp;<\/p>\n<p>&nbsp;<\/p>\n","protected":false},"excerpt":{"rendered":"<p>Der BitJig M14 ist ein Werkzeug, mit dem eine Wiederherstellungsphrase (Sicherungsphrase) auf Metallunterlegscheiben eingraviert wird, um sie sicher zu speichern. Holen Sie sich jetzt Ihre kompakte Stahl-Wiederherstellungsphrase.<\/p>\n","protected":false},"featured_media":19672,"comment_status":"open","ping_status":"closed","template":"","meta":{"powered_cache_disable_cache":false,"powered_cache_disable_lazyload":false,"powered_cache_disable_css_optimization":false,"powered_cache_disable_js_optimization":false},"product_brand":[],"product_cat":[264],"product_tag":[294,388,389],"class_list":{"0":"post-17635","1":"product","2":"type-product","3":"status-publish","4":"has-post-thumbnail","6":"product_cat-stempel-kapseln","7":"product_tag-bitcoin-de","8":"product_tag-stampfer","9":"product_tag-stanzvorrichtung","11":"first","12":"instock","13":"taxable","14":"shipping-taxable","15":"purchasable","16":"product-type-simple"},"_links":{"self":[{"href":"https:\/\/hideyourkeys.io\/de\/wp-json\/wp\/v2\/product\/17635","targetHints":{"allow":["GET"]}}],"collection":[{"href":"https:\/\/hideyourkeys.io\/de\/wp-json\/wp\/v2\/product"}],"about":[{"href":"https:\/\/hideyourkeys.io\/de\/wp-json\/wp\/v2\/types\/product"}],"replies":[{"embeddable":true,"href":"https:\/\/hideyourkeys.io\/de\/wp-json\/wp\/v2\/comments?post=17635"}],"wp:featuredmedia":[{"embeddable":true,"href":"https:\/\/hideyourkeys.io\/de\/wp-json\/wp\/v2\/media\/19672"}],"wp:attachment":[{"href":"https:\/\/hideyourkeys.io\/de\/wp-json\/wp\/v2\/media?parent=17635"}],"wp:term":[{"taxonomy":"product_brand","embeddable":true,"href":"https:\/\/hideyourkeys.io\/de\/wp-json\/wp\/v2\/product_brand?post=17635"},{"taxonomy":"product_cat","embeddable":true,"href":"https:\/\/hideyourkeys.io\/de\/wp-json\/wp\/v2\/product_cat?post=17635"},{"taxonomy":"product_tag","embeddable":true,"href":"https:\/\/hideyourkeys.io\/de\/wp-json\/wp\/v2\/product_tag?post=17635"}],"curies":[{"name":"wp","href":"https:\/\/api.w.org\/{rel}","templated":true}]}}