{"id":17706,"date":"2025-02-19T20:51:30","date_gmt":"2025-02-19T20:51:30","guid":{"rendered":"https:\/\/hideyourkeys.io\/?post_type=product&#038;p=17706"},"modified":"2025-07-15T00:00:10","modified_gmt":"2025-07-15T00:00:10","slug":"bitjig-m14-basis-paket","status":"publish","type":"product","link":"https:\/\/hideyourkeys.io\/de\/produkt\/bitjig-m14-basis-paket\/","title":{"rendered":"BitJig M14 Basis-Paket"},"content":{"rendered":"<p>Sch\u00fctzen Sie Ihre Kryptow\u00e4hrungen sicher und zuverl\u00e4ssig mit unserer All-in-One-Speicherl\u00f6sung. Mit unserem BitJig M14 Basis-Paket ist Ihr Bitcoin oder Ihre Kryptow\u00e4hrung sicher und gesch\u00fctzt. Mit diesem Paket k\u00f6nnen Sie sich in der Sicherheit Ihrer Kryptow\u00e4hrungs-Investitionen sicher f\u00fchlen und Ihre privaten Schl\u00fcssel bei Bedarf problemlos abrufen. Der BitJig ist die perfekte Alternative zu Produkten wie BillFodl oder Cryptotag, um Ihre kompakte Bitcoin-Wiederherstellungsphrase auf Metall zu speichern.<\/p>\n<p>Stempeln Sie einfach Ihren Satz auf die Unterlegscheibe, bewahren Sie ihn in der Kapsel auf und bewahren Sie ihn an einem sicheren Ort auf. Die Unterlegscheiben-Kapsel verf\u00fcgt \u00fcber einen Magneten, mit dem Sie die Kapsel an jeder metallischen Oberfl\u00e4che befestigen k\u00f6nnen. Besuchen Sie unseren Shop f\u00fcr zus\u00e4tzliche Kapseln und Unterlegscheiben, um neue Seed-S\u00e4tze zu erstellen.<\/p>\n<p>Dieses Paket enth\u00e4lt:<\/p>\n<ul>\n<li>Ein (1) BitJig M14<\/li>\n<li>Zwei (2) magnetische Unterlegscheiben-Kapseln<\/li>\n<li>Zwei (2) Unterlegscheiben mit einem Durchmesser von 44 mm<\/li>\n<li>Satz mit 36 hochwertigen Briefmarken<\/li>\n<\/ul>\n<p>Der Schl\u00e4gel oder Hammer ist nicht enthalten. Wir empfehlen die Verwendung eines harten Stahlmauls von mindestens 0,8-1 kg.<\/p>\n<p>Falls Sie einen Hammer ben\u00f6tigen, werfen Sie einen Blick auf unser erweitertes Paket.<\/p>\n<p>\u00dcberpr\u00fcfen Sie unser <a href=\"https:\/\/hideyourkeys.io\/de\/produkt\/bitjig-handbuch\/\">Stempel-Produkthandbuch<\/a>.<\/p>\n","protected":false},"excerpt":{"rendered":"<p>Probieren Sie unser BitJig M14 Paket aus, um Ihre Seed-Phrasen auf Metall zu gravieren. Sie erhalten ein klares und zuverl\u00e4ssiges Ergebnis. Holen Sie sich Ihre kompakte Bitcoin-Wiederherstellungsphrase.<\/p>\n","protected":false},"featured_media":19707,"comment_status":"open","ping_status":"closed","template":"","meta":{"powered_cache_disable_cache":false,"powered_cache_disable_lazyload":false,"powered_cache_disable_css_optimization":false,"powered_cache_disable_js_optimization":false},"product_brand":[],"product_cat":[271,264],"product_tag":[310,298,387,388,389],"class_list":{"0":"post-17706","1":"product","2":"type-product","3":"status-publish","4":"has-post-thumbnail","6":"product_cat-pakete-sonstige","7":"product_cat-stempel-kapseln","8":"product_tag-bitcoin-metal-geldborse","9":"product_tag-bitjig-de","10":"product_tag-saatgutspeicher-aus-metall","11":"product_tag-stampfer","12":"product_tag-stanzvorrichtung","14":"first","15":"instock","16":"sale","17":"featured","18":"taxable","19":"shipping-taxable","20":"purchasable","21":"product-type-variable"},"_links":{"self":[{"href":"https:\/\/hideyourkeys.io\/de\/wp-json\/wp\/v2\/product\/17706","targetHints":{"allow":["GET"]}}],"collection":[{"href":"https:\/\/hideyourkeys.io\/de\/wp-json\/wp\/v2\/product"}],"about":[{"href":"https:\/\/hideyourkeys.io\/de\/wp-json\/wp\/v2\/types\/product"}],"replies":[{"embeddable":true,"href":"https:\/\/hideyourkeys.io\/de\/wp-json\/wp\/v2\/comments?post=17706"}],"wp:featuredmedia":[{"embeddable":true,"href":"https:\/\/hideyourkeys.io\/de\/wp-json\/wp\/v2\/media\/19707"}],"wp:attachment":[{"href":"https:\/\/hideyourkeys.io\/de\/wp-json\/wp\/v2\/media?parent=17706"}],"wp:term":[{"taxonomy":"product_brand","embeddable":true,"href":"https:\/\/hideyourkeys.io\/de\/wp-json\/wp\/v2\/product_brand?post=17706"},{"taxonomy":"product_cat","embeddable":true,"href":"https:\/\/hideyourkeys.io\/de\/wp-json\/wp\/v2\/product_cat?post=17706"},{"taxonomy":"product_tag","embeddable":true,"href":"https:\/\/hideyourkeys.io\/de\/wp-json\/wp\/v2\/product_tag?post=17706"}],"curies":[{"name":"wp","href":"https:\/\/api.w.org\/{rel}","templated":true}]}}