{"id":17800,"date":"2025-02-23T17:04:42","date_gmt":"2025-02-23T17:04:42","guid":{"rendered":"https:\/\/hideyourkeys.io\/?post_type=product&#038;p=17800"},"modified":"2025-02-23T17:43:47","modified_gmt":"2025-02-23T17:43:47","slug":"krux","status":"publish","type":"product","link":"https:\/\/hideyourkeys.io\/de\/produkt\/krux\/","title":{"rendered":"Krux Wallet"},"content":{"rendered":"<p>Krux ist eine Open-Source-Hardware-Wallet, die f\u00fcr eine sichere Selbstverwahrung von Bitcoin entwickelt wurde. Die Krux-Hardware-Wallet funktioniert offline, sodass Benutzer Transaktionen generieren und signieren k\u00f6nnen, ohne private Schl\u00fcssel online Bedrohungen auszusetzen. Das minimalistische Design und die auditable Firmware gew\u00e4hrleisten eine zuverl\u00e4ssige und verifizierbare Sicherheitsl\u00f6sung.  <\/p>\n<div class=\"flex max-w-full flex-col flex-grow\">\n<div class=\"min-h-8 text-message flex w-full flex-col items-end gap-2 whitespace-normal break-words text-start [.text-message+&amp;]:mt-5\" dir=\"auto\" data-message-author-role=\"assistant\" data-message-id=\"4021c7ea-7af2-49a9-9b99-ff2aeb3090ca\" data-message-model-slug=\"gpt-4o\">\n<div class=\"flex w-full flex-col gap-1 empty:hidden first:pt-[3px]\">\n<div class=\"markdown prose w-full break-words dark:prose-invert dark\">\n<p data-start=\"0\" data-end=\"448\" data-is-last-node=\"\" data-is-only-node=\"\">Wir bieten zwei Optionen an. Sie k\u00f6nnen die <strong data-start=\"117\" data-end=\"145\">komplette Hardware-Wallet kaufen<\/strong>, vollst\u00e4ndig montiert und einsatzbereit mit allen Krux-Funktionen, oder nur das hintere <strong data-start=\"216\" data-end=\"245\">Geh\u00e4use f\u00fcr ein Wonder MV<\/strong>, speziell f\u00fcr dieses Ger\u00e4t entwickelt, mit dem Krux-Symbol, das darauf in 3D gedruckt ist. <\/p>\n<\/div>\n<\/div>\n<\/div>\n<\/div>\n<p><strong>Hauptmerkmale:<\/strong><\/p>\n<ul>\n<li data-start=\"50\" data-end=\"115\"><strong data-start=\"52\" data-end=\"68\">Open-Source: <\/strong>Transparent und von der Gemeinschaft verifizierbar.<\/li>\n<li data-start=\"116\" data-end=\"204\"><strong data-start=\"118\" data-end=\"139\">Vollst\u00e4ndig isoliert: <\/strong>Arbeitet ohne Internetverbindung f\u00fcr verbesserte Sicherheit.<\/li>\n<li data-start=\"205\" data-end=\"301\"><strong data-start=\"207\" data-end=\"254\">Offline-Transaktionssignierung und -erzeugung:<\/strong> Sch\u00fctzt private Schl\u00fcssel vor Online-Bedrohungen.<\/li>\n<li data-start=\"302\" data-end=\"379\"><strong data-start=\"304\" data-end=\"340\">Kompatibilit\u00e4t mit Bitcoin-Standards: <\/strong>Unterst\u00fctzt BIP-39, BIP-32 und BIP-85.<\/li>\n<li data-start=\"380\" data-end=\"433\"><strong data-start=\"382\" data-end=\"407\">Minimalistische Benutzeroberfl\u00e4che:<\/strong> Einfach und benutzerfreundlich.<\/li>\n<li data-start=\"434\" data-end=\"512\"><strong data-start=\"436\" data-end=\"459\">Auditiertes Firmware:<\/strong> Kann von jedem \u00fcberpr\u00fcft, ge\u00e4ndert und verifiziert werden.<\/li>\n<li data-start=\"513\" data-end=\"597\"><strong data-start=\"515\" data-end=\"553\">Unterst\u00fctzt mehrere Adressformate:<\/strong> Beinhaltet natives SegWit (bech32) und mehr.<\/li>\n<li data-start=\"598\" data-end=\"689\"><strong data-start=\"600\" data-end=\"626\">Sichere Backup-Optionen:<\/strong> Kompatibel mit Wiederherstellungsphrasen und anderen Sicherheitsmethoden.<\/li>\n<\/ul>\n<p>\u00dcbernehmen Sie die vollst\u00e4ndige Kontrolle \u00fcber die Sicherheit Ihres Bitcoins mit der Krux-Hardware-Wallet und sch\u00fctzen Sie Ihre Gelder mit Vertrauen.<\/p>\n","protected":false},"excerpt":{"rendered":"<p>Krux ist eine Open-Source-Hardware-Wallet, die f\u00fcr eine sichere Selbstverwahrung von Bitcoin entwickelt wurde. Die Krux-Hardware-Wallet funktioniert offline, sodass Benutzer Transaktionen generieren und signieren k\u00f6nnen, ohne private Schl\u00fcssel online Bedrohungen auszusetzen. Das minimalistische Design und die auditable Firmware gew\u00e4hrleisten eine zuverl\u00e4ssige und verifizierbare Sicherheitsl\u00f6sung.  <\/p>\n","protected":false},"featured_media":17836,"comment_status":"open","ping_status":"closed","template":"","meta":{"powered_cache_disable_cache":false,"powered_cache_disable_lazyload":false,"powered_cache_disable_css_optimization":false,"powered_cache_disable_js_optimization":false},"product_brand":[],"product_cat":[271],"product_tag":[294,772],"class_list":{"0":"post-17800","1":"product","2":"type-product","3":"status-publish","4":"has-post-thumbnail","6":"product_cat-pakete-sonstige","7":"product_tag-bitcoin-de","8":"product_tag-seedsigner-de","9":"pa_color-schwarz","11":"first","12":"instock","13":"taxable","14":"shipping-taxable","15":"purchasable","16":"product-type-variable"},"_links":{"self":[{"href":"https:\/\/hideyourkeys.io\/de\/wp-json\/wp\/v2\/product\/17800","targetHints":{"allow":["GET"]}}],"collection":[{"href":"https:\/\/hideyourkeys.io\/de\/wp-json\/wp\/v2\/product"}],"about":[{"href":"https:\/\/hideyourkeys.io\/de\/wp-json\/wp\/v2\/types\/product"}],"replies":[{"embeddable":true,"href":"https:\/\/hideyourkeys.io\/de\/wp-json\/wp\/v2\/comments?post=17800"}],"wp:featuredmedia":[{"embeddable":true,"href":"https:\/\/hideyourkeys.io\/de\/wp-json\/wp\/v2\/media\/17836"}],"wp:attachment":[{"href":"https:\/\/hideyourkeys.io\/de\/wp-json\/wp\/v2\/media?parent=17800"}],"wp:term":[{"taxonomy":"product_brand","embeddable":true,"href":"https:\/\/hideyourkeys.io\/de\/wp-json\/wp\/v2\/product_brand?post=17800"},{"taxonomy":"product_cat","embeddable":true,"href":"https:\/\/hideyourkeys.io\/de\/wp-json\/wp\/v2\/product_cat?post=17800"},{"taxonomy":"product_tag","embeddable":true,"href":"https:\/\/hideyourkeys.io\/de\/wp-json\/wp\/v2\/product_tag?post=17800"}],"curies":[{"name":"wp","href":"https:\/\/api.w.org\/{rel}","templated":true}]}}