{"id":17872,"date":"2025-02-23T19:55:37","date_gmt":"2025-02-23T19:55:37","guid":{"rendered":"https:\/\/hideyourkeys.io\/?post_type=product&#038;p=17872"},"modified":"2025-03-23T14:50:15","modified_gmt":"2025-03-23T14:50:15","slug":"magnetische-kapsel-wiederherstellungsphrase-m14","status":"publish","type":"product","link":"https:\/\/hideyourkeys.io\/de\/produkt\/magnetische-kapsel-wiederherstellungsphrase-m14\/","title":{"rendered":"Magnetische Kapsel f\u00fcr Wiederherstellungsphrase (M14)"},"content":{"rendered":"<p>Diese Kapseln sind darauf ausgelegt, Ihre wertvollen Bitcoin- oder anderen Kryptosamenphrasen sicher zu speichern und sicherzustellen, dass sie sicher und gesch\u00fctzt bleiben. Die Kapsel f\u00fcr Krypto-Unterlegscheiben ist praktisch klein und kompakt gestaltet, sodass sie leicht \u00fcberallhin mitgenommen werden kann.<\/p>\n<p>Jede Kapsel kann eine gro\u00dfe Metall-Unterlegscheibe (M14-44) aufnehmen, die mit unserem BitJig M14 gefertigt wurde und deine Bitcoin- oder Krypto-Wiederherstellungsphrase anzeigt, wodurch eine zus\u00e4tzliche Schutzschicht gegen unbefugten Zugriff entsteht. Diese Funktion gew\u00e4hrleistet, dass Ihre wertvollen Bitcoin-Verm\u00f6genswerte jederzeit sicher und gesch\u00fctzt sind.<\/p>\n<p>Die magnetischen Kapseln sind die perfekte M\u00f6glichkeit, deine gro\u00dfen 44-mm-Unterlegscheiben zu verstecken; du kannst sie an jeder Metalloberfl\u00e4che befestigen. Sie ist die ideale Kapsel f\u00fcr Bitcoin-Unterlegscheiben.<\/p>\n<p>Dieses Produkt enth\u00e4lt:<\/p>\n<ul>\n<li>Zwei (2) magnetische Kapseln<\/li>\n<li>Zwei (2) Unterlegscheiben mit 44 mm Durchmesser<\/li>\n<\/ul>\n","protected":false},"excerpt":{"rendered":"<p>Magnetische Kapsel zur Aufbewahrung einer in Metall gravierten Wiederherstellungsphrase. Kapsel f\u00fcr Bitcoin-Unterlegscheiben.<\/p>\n","protected":false},"featured_media":18195,"comment_status":"open","ping_status":"closed","template":"","meta":{"powered_cache_disable_cache":false,"powered_cache_disable_lazyload":false,"powered_cache_disable_css_optimization":false,"powered_cache_disable_js_optimization":false},"product_brand":[],"product_cat":[271,264],"product_tag":[302,399],"class_list":{"0":"post-17872","1":"product","2":"type-product","3":"status-publish","4":"has-post-thumbnail","6":"product_cat-pakete-sonstige","7":"product_cat-stempel-kapseln","8":"product_tag-kapsel","9":"product_tag-seedphrase-ausblenden","10":"pa_color-grau","11":"pa_color-schwarz","12":"pa_color-weis","14":"first","15":"instock","16":"taxable","17":"shipping-taxable","18":"purchasable","19":"product-type-variable"},"_links":{"self":[{"href":"https:\/\/hideyourkeys.io\/de\/wp-json\/wp\/v2\/product\/17872","targetHints":{"allow":["GET"]}}],"collection":[{"href":"https:\/\/hideyourkeys.io\/de\/wp-json\/wp\/v2\/product"}],"about":[{"href":"https:\/\/hideyourkeys.io\/de\/wp-json\/wp\/v2\/types\/product"}],"replies":[{"embeddable":true,"href":"https:\/\/hideyourkeys.io\/de\/wp-json\/wp\/v2\/comments?post=17872"}],"wp:featuredmedia":[{"embeddable":true,"href":"https:\/\/hideyourkeys.io\/de\/wp-json\/wp\/v2\/media\/18195"}],"wp:attachment":[{"href":"https:\/\/hideyourkeys.io\/de\/wp-json\/wp\/v2\/media?parent=17872"}],"wp:term":[{"taxonomy":"product_brand","embeddable":true,"href":"https:\/\/hideyourkeys.io\/de\/wp-json\/wp\/v2\/product_brand?post=17872"},{"taxonomy":"product_cat","embeddable":true,"href":"https:\/\/hideyourkeys.io\/de\/wp-json\/wp\/v2\/product_cat?post=17872"},{"taxonomy":"product_tag","embeddable":true,"href":"https:\/\/hideyourkeys.io\/de\/wp-json\/wp\/v2\/product_tag?post=17872"}],"curies":[{"name":"wp","href":"https:\/\/api.w.org\/{rel}","templated":true}]}}