{"id":19227,"date":"2025-10-10T08:49:23","date_gmt":"2025-10-10T08:49:23","guid":{"rendered":"https:\/\/hideyourkeys.io\/?post_type=product&#038;p=19227"},"modified":"2025-11-02T17:39:46","modified_gmt":"2025-11-02T17:39:46","slug":"bitjig-free-12-steckplatzen","status":"publish","type":"product","link":"https:\/\/hideyourkeys.io\/de\/produkt\/bitjig-free-12-steckplatzen\/","title":{"rendered":"BitJig Free 12 Steckpl\u00e4tzen"},"content":{"rendered":"<p>Haben Sie einen 3D-Drucker? Dann k\u00f6nnen Sie diese Unterlegscheiben-Stanzvorrichtung, die BitJig Free, selbst ausdrucken, Sie ben\u00f6tigen einen Amboss, um die Unterlegscheiben darauf zu stempeln. Laden Sie die .zip mit der . STL-Dateien. Das perfekte Ger\u00e4t, um mit der Gravur Ihrer Wiederherstellungsphrasen f\u00fcr Bitcoin oder Crypto zu beginnen.<\/p>\n","protected":false},"excerpt":{"rendered":"<p>BitJig Free mit 12 Steckpl\u00e4tzen \u2013 Drucken Sie Ihre eigene Stanzschablone. Laden Sie die .STL-Dateien herunter und beginnen Sie, Ihre Seed-Phrase auf M8-Unterlegscheiben zu gravieren.<\/p>\n","protected":false},"featured_media":15800,"comment_status":"open","ping_status":"closed","template":"","meta":{"powered_cache_disable_cache":false,"powered_cache_disable_lazyload":false,"powered_cache_disable_css_optimization":false,"powered_cache_disable_js_optimization":false},"product_brand":[],"product_cat":[267],"product_tag":[294,415,388,389],"class_list":{"0":"post-19227","1":"product","2":"type-product","3":"status-publish","4":"has-post-thumbnail","6":"product_cat-anleitungen-und-handbucher","7":"product_tag-bitcoin-de","8":"product_tag-handbuch","9":"product_tag-stampfer","10":"product_tag-stanzvorrichtung","12":"first","13":"instock","14":"downloadable","15":"taxable","16":"shipping-taxable","17":"purchasable","18":"product-type-simple"},"_links":{"self":[{"href":"https:\/\/hideyourkeys.io\/de\/wp-json\/wp\/v2\/product\/19227","targetHints":{"allow":["GET"]}}],"collection":[{"href":"https:\/\/hideyourkeys.io\/de\/wp-json\/wp\/v2\/product"}],"about":[{"href":"https:\/\/hideyourkeys.io\/de\/wp-json\/wp\/v2\/types\/product"}],"replies":[{"embeddable":true,"href":"https:\/\/hideyourkeys.io\/de\/wp-json\/wp\/v2\/comments?post=19227"}],"wp:featuredmedia":[{"embeddable":true,"href":"https:\/\/hideyourkeys.io\/de\/wp-json\/wp\/v2\/media\/15800"}],"wp:attachment":[{"href":"https:\/\/hideyourkeys.io\/de\/wp-json\/wp\/v2\/media?parent=19227"}],"wp:term":[{"taxonomy":"product_brand","embeddable":true,"href":"https:\/\/hideyourkeys.io\/de\/wp-json\/wp\/v2\/product_brand?post=19227"},{"taxonomy":"product_cat","embeddable":true,"href":"https:\/\/hideyourkeys.io\/de\/wp-json\/wp\/v2\/product_cat?post=19227"},{"taxonomy":"product_tag","embeddable":true,"href":"https:\/\/hideyourkeys.io\/de\/wp-json\/wp\/v2\/product_tag?post=19227"}],"curies":[{"name":"wp","href":"https:\/\/api.w.org\/{rel}","templated":true}]}}