{"id":19326,"date":"2025-12-13T14:16:51","date_gmt":"2025-12-13T14:16:51","guid":{"rendered":"https:\/\/hideyourkeys.io\/product\/stahlstempel-buchstaben-zahlen\/"},"modified":"2025-12-13T14:32:29","modified_gmt":"2025-12-13T14:32:29","slug":"stahlstempel-buchstaben-zahlen","status":"publish","type":"product","link":"https:\/\/hideyourkeys.io\/de\/produkt\/stahlstempel-buchstaben-zahlen\/","title":{"rendered":"Buchstaben- und Zahlenstempel aus Stahl"},"content":{"rendered":"<p>Sch\u00fctzen Sie Ihr Bitcoin oder Krypto mit diesem pr\u00e4zisen Satz Buchstaben- und Zahlenstempel aus Stahl. Entwickelt zum Gravieren Ihrer BIP39-Wiederherstellungsphrase auf Metallscheiben, sind sie vollst\u00e4ndig mit allen BitJig-Modellen f\u00fcr perfekte, ausgerichtete Pr\u00e4gung kompatibel. <\/p>\n<p>Dieser 36-teilige Satz enth\u00e4lt das komplette Alphabet (A-Z), alle Zahlen von 0 bis 9 (wobei ein einzelner, umkehrbarer Stempel sowohl f\u00fcr die 6 als auch die 9 dient) sowie das kaufm\u00e4nnische Und-Zeichen (&amp;). Er bietet jedes Zeichen, das zum Pr\u00e4gen jeder standardm\u00e4\u00dfigen 12- oder 24-W\u00f6rter-Wiederherstellungsphrase ben\u00f6tigt wird, und erm\u00f6glicht das Hinzuf\u00fcgen benutzerdefinierter Beschriftungen oder Kennungen. <\/p>\n<p>Gefertigt aus geh\u00e4rtetem Werkzeugstahl, weist jeder Stempel einen Standard-Sch\u00e4ftdurchmesser von 6 mm und eine 4 mm hohe Zeichenpr\u00e4gung auf, die f\u00fcr klare und dauerhafte Abdrucke sorgt. Erstellen Sie ein feuersicheres und wasserfestes Backup mit vollst\u00e4ndiger Sicherheit und behalten Sie die volle Kontrolle sowie Privatsph\u00e4re von Anfang bis Ende. <\/p>\n","protected":false},"excerpt":{"rendered":"<p>Sch\u00fctzen Sie Ihr Bitcoin oder Krypto mit diesem pr\u00e4zisen Satz Buchstaben- und Zahlenstempel aus Stahl. Entwickelt zum Gravieren Ihrer BIP39-Wiederherstellungsphrase auf Metallscheiben, sind sie vollst\u00e4ndig mit allen BitJig-Modellen f\u00fcr perfekte, ausgerichtete Pr\u00e4gung kompatibel. <\/p>\n","protected":false},"featured_media":19321,"comment_status":"open","ping_status":"closed","template":"","meta":{"powered_cache_disable_cache":false,"powered_cache_disable_lazyload":false,"powered_cache_disable_css_optimization":false,"powered_cache_disable_js_optimization":false},"product_brand":[],"product_cat":[264],"product_tag":[294,388,389],"class_list":{"0":"post-19326","1":"product","2":"type-product","3":"status-publish","4":"has-post-thumbnail","6":"product_cat-stempel-kapseln","7":"product_tag-bitcoin-de","8":"product_tag-stampfer","9":"product_tag-stanzvorrichtung","11":"first","12":"instock","13":"taxable","14":"shipping-taxable","15":"purchasable","16":"product-type-simple"},"_links":{"self":[{"href":"https:\/\/hideyourkeys.io\/de\/wp-json\/wp\/v2\/product\/19326","targetHints":{"allow":["GET"]}}],"collection":[{"href":"https:\/\/hideyourkeys.io\/de\/wp-json\/wp\/v2\/product"}],"about":[{"href":"https:\/\/hideyourkeys.io\/de\/wp-json\/wp\/v2\/types\/product"}],"replies":[{"embeddable":true,"href":"https:\/\/hideyourkeys.io\/de\/wp-json\/wp\/v2\/comments?post=19326"}],"wp:featuredmedia":[{"embeddable":true,"href":"https:\/\/hideyourkeys.io\/de\/wp-json\/wp\/v2\/media\/19321"}],"wp:attachment":[{"href":"https:\/\/hideyourkeys.io\/de\/wp-json\/wp\/v2\/media?parent=19326"}],"wp:term":[{"taxonomy":"product_brand","embeddable":true,"href":"https:\/\/hideyourkeys.io\/de\/wp-json\/wp\/v2\/product_brand?post=19326"},{"taxonomy":"product_cat","embeddable":true,"href":"https:\/\/hideyourkeys.io\/de\/wp-json\/wp\/v2\/product_cat?post=19326"},{"taxonomy":"product_tag","embeddable":true,"href":"https:\/\/hideyourkeys.io\/de\/wp-json\/wp\/v2\/product_tag?post=19326"}],"curies":[{"name":"wp","href":"https:\/\/api.w.org\/{rel}","templated":true}]}}