{"id":5259,"date":"2023-09-03T17:59:30","date_gmt":"2023-09-03T17:59:30","guid":{"rendered":"https:\/\/hideyourkeys.io\/product\/magnetische-verstecktasche-fuer-hardware-wallet\/"},"modified":"2024-11-12T08:04:02","modified_gmt":"2024-11-12T08:04:02","slug":"magnetisches-etui-zum-verstecken-von-hardware-wallet","status":"publish","type":"product","link":"https:\/\/hideyourkeys.io\/de\/produkt\/magnetisches-etui-zum-verstecken-von-hardware-wallet\/","title":{"rendered":"Magnetische Verstecktasche f\u00fcr Hardware Wallet"},"content":{"rendered":"<div class=\"flex flex-grow flex-col gap-3 max-w-full\">\n<div class=\"min-h-[20px] flex flex-col items-start gap-3 overflow-x-auto whitespace-pre-wrap break-words\">\n<div class=\"markdown prose w-full break-words dark:prose-invert light\">\n<p>Wir stellen unsere neue magnetische H\u00fclle vor, um Hardware-Wallet zu verstecken, Ihr Lieblingsversteck f\u00fcr Hardware-Wallet ! Diese H\u00fclle ist mit Magneten auf der R\u00fcckseite ausgestattet, mit denen Sie Ihr Ger\u00e4t sicher hinter oder unter jeder metallischen Oberfl\u00e4che verstecken k\u00f6nnen. Diese H\u00fclle stellt sicher, dass Ihr Lieblingsger\u00e4t verborgen bleibt und gleichzeitig leicht wiederhergestellt werden kann, sodass Sie nie vergessen, wo es sich befindet.  <\/p>\n<p>Dieses Produkt enth\u00e4lt:<\/p>\n<ul>\n<li>Eine magnetische H\u00fclle f\u00fcr eine Hardware-Geldb\u00f6rse Ihrer Wahl<\/li>\n<\/ul>\n<p><strong>HINWEIS:<\/strong> Die Hardware f\u00fcr die Brieftasche ist nicht enthalten.<\/p>\n<\/div>\n<\/div>\n<\/div>\n","protected":false},"excerpt":{"rendered":"<p>H\u00fclle zum Verstecken der Hardware-Wallet, die mit Magneten auf der R\u00fcckseite versehen ist und es Ihnen erm\u00f6glicht, Ihr Ger\u00e4t sicher hinter oder unter jeder metallischen Oberfl\u00e4che zu verstecken.<\/p>\n","protected":false},"featured_media":15090,"comment_status":"open","ping_status":"closed","template":"","meta":{"powered_cache_disable_cache":false,"powered_cache_disable_lazyload":false,"powered_cache_disable_css_optimization":false,"powered_cache_disable_js_optimization":false},"product_brand":[],"product_cat":[271],"product_tag":[325,327],"class_list":{"0":"post-5259","1":"product","2":"type-product","3":"status-publish","4":"has-post-thumbnail","6":"product_cat-pakete-sonstige","7":"product_tag-hardware-wallet-de","8":"product_tag-hardware-wallet-verbergen","9":"pa_color-grau","10":"pa_color-schwarz","11":"pa_color-weis","13":"first","14":"instock","15":"taxable","16":"shipping-taxable","17":"purchasable","18":"product-type-variable"},"_links":{"self":[{"href":"https:\/\/hideyourkeys.io\/de\/wp-json\/wp\/v2\/product\/5259","targetHints":{"allow":["GET"]}}],"collection":[{"href":"https:\/\/hideyourkeys.io\/de\/wp-json\/wp\/v2\/product"}],"about":[{"href":"https:\/\/hideyourkeys.io\/de\/wp-json\/wp\/v2\/types\/product"}],"replies":[{"embeddable":true,"href":"https:\/\/hideyourkeys.io\/de\/wp-json\/wp\/v2\/comments?post=5259"}],"wp:featuredmedia":[{"embeddable":true,"href":"https:\/\/hideyourkeys.io\/de\/wp-json\/wp\/v2\/media\/15090"}],"wp:attachment":[{"href":"https:\/\/hideyourkeys.io\/de\/wp-json\/wp\/v2\/media?parent=5259"}],"wp:term":[{"taxonomy":"product_brand","embeddable":true,"href":"https:\/\/hideyourkeys.io\/de\/wp-json\/wp\/v2\/product_brand?post=5259"},{"taxonomy":"product_cat","embeddable":true,"href":"https:\/\/hideyourkeys.io\/de\/wp-json\/wp\/v2\/product_cat?post=5259"},{"taxonomy":"product_tag","embeddable":true,"href":"https:\/\/hideyourkeys.io\/de\/wp-json\/wp\/v2\/product_tag?post=5259"}],"curies":[{"name":"wp","href":"https:\/\/api.w.org\/{rel}","templated":true}]}}