{"id":5575,"date":"2023-08-23T23:18:28","date_gmt":"2023-08-23T23:18:28","guid":{"rendered":"https:\/\/hideyourkeys.io\/product\/garten-drain\/"},"modified":"2025-02-02T22:28:06","modified_gmt":"2025-02-02T22:28:06","slug":"gartenabfluss","status":"publish","type":"product","link":"https:\/\/hideyourkeys.io\/de\/produkt\/gartenabfluss\/","title":{"rendered":"Garten Drain"},"content":{"rendered":"<p>Wir stellen die perfekte Kombination aus Funktion und Stil f\u00fcr Krypto-Enthusiasten vor &#8211; unseren neuen Gartenabfluss Bitcoin Seed-Aufbewahrungsbeh\u00e4lter!<\/p>\n<p>Sorgf\u00e4ltig gestaltet, um einem realistischen Gartenentw\u00e4sserungssystem zu \u00e4hneln, wird dieser innovative Beh\u00e4lter sicherlich Aufmerksamkeit erregen und Gespr\u00e4che anregen. Aber lassen Sie sich nicht von seinem Aussehen t\u00e4uschen &#8211; im Inneren finden Sie einen Platz f\u00fcr eine Reihe von Unterlegscheiben , die mit unseren <a href=\"https:\/\/hideyourkeys.io\/de\/produkt\/bitjig-m8-basis-paket\/\">Stempeln<\/a> gestempelt sind. Dies ist der perfekte Artikel, um Ihre Bitcoin oder andere Kryptow\u00e4hrungssamen sicher und diskret zu verstecken.<\/p>\n<p>Dieser Aufbewahrungsbeh\u00e4lter \u00e4hnelt einem echten Gartenabfluss, sodass Sie sicher sein k\u00f6nnen, dass Ihre Kryptow\u00e4hrungs-Seed-Phrase perfekt verborgen und vor den Elementen sowie potenziellem Diebstahl gesch\u00fctzt ist. Ob Sie ein erfahrener Investor sind oder gerade erst in die Welt der Kryptow\u00e4hrung einsteigen, dieser Beh\u00e4lter ist ein Muss f\u00fcr jeden, der seine digitalen Verm\u00f6genswerte sicher und gesch\u00fctzt aufbewahren m\u00f6chte.<\/p>\n<p>Dieses Produkt enth\u00e4lt:<\/p>\n<ul>\n<li>Ein (1) Gartenabfluss<\/li>\n<li>Satz Unterlegscheiben (25), mit einer (1) Mutter und einer (1) Schraube<\/li>\n<\/ul>\n<p>Pr\u00fcfen Sie unser <a href=\"https:\/\/hideyourkeys.io\/de\/produkt\/garten-abfluss-handbuch\/\">Produkthandbuch<\/a><\/p>\n","protected":false},"excerpt":{"rendered":"<p>Gef\u00e4lschter Gartenabfluss zur Aufbewahrung Ihrer in Metall gravierten Wiederherstellungsphrasen. Begraben Wiederherstellungsphrase.<\/p>\n","protected":false},"featured_media":14362,"comment_status":"open","ping_status":"closed","template":"","meta":{"powered_cache_disable_cache":false,"powered_cache_disable_lazyload":false,"powered_cache_disable_css_optimization":false,"powered_cache_disable_js_optimization":false},"product_brand":[],"product_cat":[275],"product_tag":[318,399],"class_list":{"0":"post-5575","1":"product","2":"type-product","3":"status-publish","4":"has-post-thumbnail","6":"product_cat-pflanzentopfe-vasen","7":"product_tag-garten","8":"product_tag-seedphrase-ausblenden","9":"pa_color-grau","10":"pa_color-schwarz","12":"first","13":"instock","14":"taxable","15":"shipping-taxable","16":"purchasable","17":"product-type-variable"},"_links":{"self":[{"href":"https:\/\/hideyourkeys.io\/de\/wp-json\/wp\/v2\/product\/5575","targetHints":{"allow":["GET"]}}],"collection":[{"href":"https:\/\/hideyourkeys.io\/de\/wp-json\/wp\/v2\/product"}],"about":[{"href":"https:\/\/hideyourkeys.io\/de\/wp-json\/wp\/v2\/types\/product"}],"replies":[{"embeddable":true,"href":"https:\/\/hideyourkeys.io\/de\/wp-json\/wp\/v2\/comments?post=5575"}],"wp:featuredmedia":[{"embeddable":true,"href":"https:\/\/hideyourkeys.io\/de\/wp-json\/wp\/v2\/media\/14362"}],"wp:attachment":[{"href":"https:\/\/hideyourkeys.io\/de\/wp-json\/wp\/v2\/media?parent=5575"}],"wp:term":[{"taxonomy":"product_brand","embeddable":true,"href":"https:\/\/hideyourkeys.io\/de\/wp-json\/wp\/v2\/product_brand?post=5575"},{"taxonomy":"product_cat","embeddable":true,"href":"https:\/\/hideyourkeys.io\/de\/wp-json\/wp\/v2\/product_cat?post=5575"},{"taxonomy":"product_tag","embeddable":true,"href":"https:\/\/hideyourkeys.io\/de\/wp-json\/wp\/v2\/product_tag?post=5575"}],"curies":[{"name":"wp","href":"https:\/\/api.w.org\/{rel}","templated":true}]}}