{"id":5591,"date":"2023-08-23T23:20:59","date_gmt":"2023-08-23T23:20:59","guid":{"rendered":"https:\/\/hideyourkeys.io\/product\/vase-mit-gestapelten-kugeln\/"},"modified":"2025-02-02T22:23:47","modified_gmt":"2025-02-02T22:23:47","slug":"blumenvase-safe","status":"publish","type":"product","link":"https:\/\/hideyourkeys.io\/de\/produkt\/blumenvase-safe\/","title":{"rendered":"Blumenvase Safe"},"content":{"rendered":"<p>Diese einzigartige Vase ist nicht nur ein Dekorationsobjekt f\u00fcr Ihr Zuhause oder B\u00fcro, sondern auch eine sichere und bequeme M\u00f6glichkeit, Ihre Wiederherstellungsphrasen aufzubewahren. Die Vase verf\u00fcgt \u00fcber ein verstecktes Fach, das den Schutz Ihrer Wiederherstellungsphrasen gew\u00e4hrleistet. Die mit unseren Stempeln Wiederherstellungsphrasen k\u00f6nnen in der Vase aufbewahrt werden. Auf diese Weise k\u00f6nnen Sie sicher sein, dass Ihre Wiederherstellungsphrasen jederzeit sicher und gesch\u00fctzt sind. Der perfekte Ort, um Wiederherstellungsphrase zu verstecken. Diese Vase zur Aufbewahrung von Wiederherstellungsphrasen ist ein innovatives und praktisches Produkt, das Funktionalit\u00e4t und Design vereint.<\/p>\n<p>Dieses Produkt enth\u00e4lt:<\/p>\n<ul>\n<li>Eine (1) Blumenvase Safe<\/li>\n<li>Satz Unterlegscheiben (25) mit einer (1) Mutter und einer (1) Schraube<\/li>\n<\/ul>\n","protected":false},"excerpt":{"rendered":"<p>Blumenvase zum Verstecken Wiederherstellungsphrasen im Inneren<\/p>\n","protected":false},"featured_media":14112,"comment_status":"open","ping_status":"closed","template":"","meta":{"powered_cache_disable_cache":false,"powered_cache_disable_lazyload":false,"powered_cache_disable_css_optimization":false,"powered_cache_disable_js_optimization":false},"product_brand":[],"product_cat":[275],"product_tag":[399,407],"class_list":{"0":"post-5591","1":"product","2":"type-product","3":"status-publish","4":"has-post-thumbnail","6":"product_cat-pflanzentopfe-vasen","7":"product_tag-seedphrase-ausblenden","8":"product_tag-vase-de","9":"pa_color-beige-de","10":"pa_color-granit-de","11":"pa_color-grau","12":"pa_color-schwarz","13":"pa_color-weis","14":"pa_size-gros","15":"pa_size-klein","16":"pa_style-streifen","17":"pa_style-texturiert","19":"first","20":"instock","21":"taxable","22":"shipping-taxable","23":"purchasable","24":"product-type-variable"},"_links":{"self":[{"href":"https:\/\/hideyourkeys.io\/de\/wp-json\/wp\/v2\/product\/5591","targetHints":{"allow":["GET"]}}],"collection":[{"href":"https:\/\/hideyourkeys.io\/de\/wp-json\/wp\/v2\/product"}],"about":[{"href":"https:\/\/hideyourkeys.io\/de\/wp-json\/wp\/v2\/types\/product"}],"replies":[{"embeddable":true,"href":"https:\/\/hideyourkeys.io\/de\/wp-json\/wp\/v2\/comments?post=5591"}],"wp:featuredmedia":[{"embeddable":true,"href":"https:\/\/hideyourkeys.io\/de\/wp-json\/wp\/v2\/media\/14112"}],"wp:attachment":[{"href":"https:\/\/hideyourkeys.io\/de\/wp-json\/wp\/v2\/media?parent=5591"}],"wp:term":[{"taxonomy":"product_brand","embeddable":true,"href":"https:\/\/hideyourkeys.io\/de\/wp-json\/wp\/v2\/product_brand?post=5591"},{"taxonomy":"product_cat","embeddable":true,"href":"https:\/\/hideyourkeys.io\/de\/wp-json\/wp\/v2\/product_cat?post=5591"},{"taxonomy":"product_tag","embeddable":true,"href":"https:\/\/hideyourkeys.io\/de\/wp-json\/wp\/v2\/product_tag?post=5591"}],"curies":[{"name":"wp","href":"https:\/\/api.w.org\/{rel}","templated":true}]}}