{"id":5613,"date":"2023-08-23T23:24:09","date_gmt":"2023-08-23T23:24:09","guid":{"rendered":"https:\/\/hideyourkeys.io\/product\/hideyourkeys-hardware-geldboerse\/"},"modified":"2024-11-12T07:35:30","modified_gmt":"2024-11-12T07:35:30","slug":"hideyourkeys-hardware-wallet","status":"publish","type":"product","link":"https:\/\/hideyourkeys.io\/de\/produkt\/hideyourkeys-hardware-wallet\/","title":{"rendered":"HideYourKeys Hardware-Wallet"},"content":{"rendered":"<p>Wir stellen Ihnen die einfachste Hardware-Wallet f\u00fcr nahtloses Bitcoin-Management vor \u2013 Ihr Schl\u00fcssel zur m\u00fchelosen Kontrolle \u00fcber Ihre digitalen Verm\u00f6genswerte. Mit einem schlanken Design und einem praktischen USB-C-Anschluss sorgt unsere Hardware-Wallet f\u00fcr eine schnelle Konnektivit\u00e4t f\u00fcr sichere Transaktionen und Updates.  Die benutzerfreundliche Oberfl\u00e4che vereinfacht den Verwaltungsprozess und erm\u00f6glicht es Ihnen m\u00fchelos, Ihre Bitcoin zu senden, zu empfangen und Ihre Bitcoin-Best\u00e4nde mit Zuversicht zu \u00fcberwachen.<\/p>\n<p>Beginnen Sie Ihre Bitcoin-Reise mit unserer Open-Source-Wallet. Basierend auf einem Arduino-Entwicklungsboard, auf dem eine Open-Source-Software f\u00fcr die Wallet vorinstalliert ist.<\/p>\n<p>Detaillierte Anleitungen finden Sie in der mitgelieferten ausf\u00fchrlichen <a href=\"https:\/\/hideyourkeys.io\/de\/produkt\/hardware-wallet-manual\/\">Bedienungsanleitung<\/a>, die das volle Potenzial des Produkts freisetzt.<\/p>\n<p>Dieses Produkt enth\u00e4lt:<\/p>\n<ul>\n<li>Eine (1) Hardware-Wallet. USB-C-Anschlusskabel nicht enthalten.<\/li>\n<\/ul>\n","protected":false},"excerpt":{"rendered":"<p>Entwicklung Hardware-Wallet nur f\u00fcr Bitcoin. Hardware Wallet DIY. <\/p>\n","protected":false},"featured_media":15282,"comment_status":"open","ping_status":"closed","template":"","meta":{"powered_cache_disable_cache":false,"powered_cache_disable_lazyload":false,"powered_cache_disable_css_optimization":false,"powered_cache_disable_js_optimization":false},"product_brand":[],"product_cat":[271],"product_tag":[294,325],"class_list":{"0":"post-5613","1":"product","2":"type-product","3":"status-publish","4":"has-post-thumbnail","6":"product_cat-pakete-sonstige","7":"product_tag-bitcoin-de","8":"product_tag-hardware-wallet-de","9":"pa_color-durchsichtiges-grun","10":"pa_color-weis","12":"first","13":"instock","14":"taxable","15":"shipping-taxable","16":"purchasable","17":"product-type-variable"},"_links":{"self":[{"href":"https:\/\/hideyourkeys.io\/de\/wp-json\/wp\/v2\/product\/5613","targetHints":{"allow":["GET"]}}],"collection":[{"href":"https:\/\/hideyourkeys.io\/de\/wp-json\/wp\/v2\/product"}],"about":[{"href":"https:\/\/hideyourkeys.io\/de\/wp-json\/wp\/v2\/types\/product"}],"replies":[{"embeddable":true,"href":"https:\/\/hideyourkeys.io\/de\/wp-json\/wp\/v2\/comments?post=5613"}],"wp:featuredmedia":[{"embeddable":true,"href":"https:\/\/hideyourkeys.io\/de\/wp-json\/wp\/v2\/media\/15282"}],"wp:attachment":[{"href":"https:\/\/hideyourkeys.io\/de\/wp-json\/wp\/v2\/media?parent=5613"}],"wp:term":[{"taxonomy":"product_brand","embeddable":true,"href":"https:\/\/hideyourkeys.io\/de\/wp-json\/wp\/v2\/product_brand?post=5613"},{"taxonomy":"product_cat","embeddable":true,"href":"https:\/\/hideyourkeys.io\/de\/wp-json\/wp\/v2\/product_cat?post=5613"},{"taxonomy":"product_tag","embeddable":true,"href":"https:\/\/hideyourkeys.io\/de\/wp-json\/wp\/v2\/product_tag?post=5613"}],"curies":[{"name":"wp","href":"https:\/\/api.w.org\/{rel}","templated":true}]}}