{"id":5657,"date":"2023-08-23T23:29:12","date_gmt":"2023-08-23T23:29:12","guid":{"rendered":"https:\/\/hideyourkeys.io\/product\/schlanke-vase\/"},"modified":"2025-02-02T22:21:55","modified_gmt":"2025-02-02T22:21:55","slug":"lampensafe","status":"publish","type":"product","link":"https:\/\/hideyourkeys.io\/de\/produkt\/lampensafe\/","title":{"rendered":"Lampensafe"},"content":{"rendered":"<p>Diese einzigartige Lampe ist nicht nur eine dekorative Leuchte f\u00fcr Ihr Zuhause oder B\u00fcro, sondern auch eine sichere und bequeme M\u00f6glichkeit, Ihre Wiederherstellungsphrasen und ein Hardware-Wallet aufzubewahren.<br \/>\nDie Lampe verf\u00fcgt \u00fcber ein verstecktes Fach, das den Schutz Ihrer Wiederherstellungsphrasen gew\u00e4hrleistet.<br \/>\nDie Wiederherstellungsphrasen k\u00f6nnen in der Lampe aufbewahrt werden. Auf diese Weise k\u00f6nnen Sie sicher sein, dass Ihre Wiederherstellungsphrasen jederzeit sicher und gesch\u00fctzt sind.<\/p>\n<p>Diese Lampe ist in zwei Stilrichtungen gestaltet. Der erste Stil ist ein elegantes Streifendesign (Streifen). Der zweite Stil weist ein Punktemuster (Punkte) auf.<\/p>\n<p>Dieses Produkt enth\u00e4lt:<\/p>\n<ul>\n<li>Eine (1) Lampensafe<\/li>\n<li>Satz Unterlegscheiben (25) mit einer (1) Mutter und einer (1) Schraube<\/li>\n<\/ul>\n<p>Schau dir unser <a href=\"https:\/\/hideyourkeys.io\/de\/produkt\/vasen-handbuch\/\">Handbuch<\/a> f\u00fcr Lampen und Vasen an<\/p>\n","protected":false},"excerpt":{"rendered":"<p>Lampe zum Verstecken der Wiederherstellungsphrase und\/oder Hardware-Wallet im Inneren. Verstecken Sie Wiederherstellungsphrase in einer Lampe.<\/p>\n","protected":false},"featured_media":14578,"comment_status":"open","ping_status":"closed","template":"","meta":{"powered_cache_disable_cache":false,"powered_cache_disable_lazyload":false,"powered_cache_disable_css_optimization":false,"powered_cache_disable_js_optimization":false},"product_brand":[],"product_cat":[271,275],"product_tag":[399,407],"class_list":{"0":"post-5657","1":"product","2":"type-product","3":"status-publish","4":"has-post-thumbnail","6":"product_cat-pakete-sonstige","7":"product_cat-pflanzentopfe-vasen","8":"product_tag-seedphrase-ausblenden","9":"product_tag-vase-de","10":"pa_color-beige-de","11":"pa_color-grau","12":"pa_color-schwarz","13":"pa_color-weis","14":"pa_style-punkte","15":"pa_style-streifen","17":"first","18":"instock","19":"taxable","20":"shipping-taxable","21":"purchasable","22":"product-type-variable"},"_links":{"self":[{"href":"https:\/\/hideyourkeys.io\/de\/wp-json\/wp\/v2\/product\/5657","targetHints":{"allow":["GET"]}}],"collection":[{"href":"https:\/\/hideyourkeys.io\/de\/wp-json\/wp\/v2\/product"}],"about":[{"href":"https:\/\/hideyourkeys.io\/de\/wp-json\/wp\/v2\/types\/product"}],"replies":[{"embeddable":true,"href":"https:\/\/hideyourkeys.io\/de\/wp-json\/wp\/v2\/comments?post=5657"}],"wp:featuredmedia":[{"embeddable":true,"href":"https:\/\/hideyourkeys.io\/de\/wp-json\/wp\/v2\/media\/14578"}],"wp:attachment":[{"href":"https:\/\/hideyourkeys.io\/de\/wp-json\/wp\/v2\/media?parent=5657"}],"wp:term":[{"taxonomy":"product_brand","embeddable":true,"href":"https:\/\/hideyourkeys.io\/de\/wp-json\/wp\/v2\/product_brand?post=5657"},{"taxonomy":"product_cat","embeddable":true,"href":"https:\/\/hideyourkeys.io\/de\/wp-json\/wp\/v2\/product_cat?post=5657"},{"taxonomy":"product_tag","embeddable":true,"href":"https:\/\/hideyourkeys.io\/de\/wp-json\/wp\/v2\/product_tag?post=5657"}],"curies":[{"name":"wp","href":"https:\/\/api.w.org\/{rel}","templated":true}]}}