{"id":5705,"date":"2023-08-23T23:32:48","date_gmt":"2023-08-23T23:32:48","guid":{"rendered":"https:\/\/hideyourkeys.io\/product\/saatgut-satz-kapsel\/"},"modified":"2025-02-02T22:19:20","modified_gmt":"2025-02-02T22:19:20","slug":"wiederherstellungsphrase-kapsel","status":"publish","type":"product","link":"https:\/\/hideyourkeys.io\/de\/produkt\/wiederherstellungsphrase-kapsel\/","title":{"rendered":"Kapsel f\u00fcr Wiederherstellungsphrase (M8)"},"content":{"rendered":"<p>Diese Kapseln wurden entwickelt, um Ihre wertvollen Bitcoin oder andere Wiederherstellungsphrasen sicher aufzubewahren und sicherzustellen, dass sie sicher und gesch\u00fctzt bleiben. Die Kapsel f\u00fcr Unterlegscheiben ist au\u00dferdem praktisch klein und kompakt gestaltet, so dass Sie sie \u00fcberall hin mitnehmen k\u00f6nnen. Jede Kapsel kann mit einem Satz gestanzter Unterlegscheiben (M8-24) ausgestattet werden, die mit unserem <a>BitJig<\/a> hergestellt wurden und Ihre Bitcoin- oder Wiederherstellungsphrase anzeigen und so eine zus\u00e4tzliche Schutzschicht gegen unbefugten Zugriff bieten.<\/p>\n<p>Diese Funktion gew\u00e4hrleistet, dass Ihre wertvollen Bitcoin-Verm\u00f6genswerte jederzeit sicher und gesch\u00fctzt sind.<\/p>\n<p>Die Seed-Phrase muss zuvor in Metallscheiben gestanzt werden; sehen Sie sich unseren Stempel an, um eine ordnungsgem\u00e4\u00dfe Sicherung der Seed-Phrase zu erstellen. Dieses Produkt enth\u00e4lt eine M8-Schraube, die f\u00fcr 24 Unterlegscheiben (ebenfalls im Lieferumfang enthalten) und eine Mutter passt. Sie passen alle perfekt in die Kapsel. Die Kapsel ist 62 mm hoch und hat einen Durchmesser von 33 mm.<\/p>\n<p>Neben ihrem praktischen Nutzen sind unsere Bitcoin Seed Phrase Capsules auch ein stilvolles und einzigartiges Accessoire. Sie sind in einer Vielzahl von verschiedenen Farben und Designs erh\u00e4ltlich, sodass Sie diejenige ausw\u00e4hlen k\u00f6nnen, die am besten Ihren pers\u00f6nlichen Stil widerspiegelt.<\/p>\n<p>Dieses Produkt enth\u00e4lt:<\/p>\n<ul>\n<li>Eine (1) Speicherkapsel<\/li>\n<li>Satz Unterlegscheiben (25), mit einer (1) Mutter und einer (1) Schraube<\/li>\n<\/ul>\n","protected":false},"excerpt":{"rendered":"<p>Kapsel zum Aufbewahren der auf Metall gravierten Wiederherstellungsphrase . Kapsel f\u00fcr Unterlegscheiben.<\/p>\n","protected":false},"featured_media":14844,"comment_status":"open","ping_status":"closed","template":"","meta":{"powered_cache_disable_cache":false,"powered_cache_disable_lazyload":false,"powered_cache_disable_css_optimization":false,"powered_cache_disable_js_optimization":false},"product_brand":[],"product_cat":[264],"product_tag":[302,399],"class_list":{"0":"post-5705","1":"product","2":"type-product","3":"status-publish","4":"has-post-thumbnail","6":"product_cat-stempel-kapseln","7":"product_tag-kapsel","8":"product_tag-seedphrase-ausblenden","9":"pa_color-beige-de","10":"pa_color-granit-de","11":"pa_color-grau","12":"pa_color-schwarz","13":"pa_color-weis","15":"first","16":"instock","17":"taxable","18":"shipping-taxable","19":"purchasable","20":"product-type-variable"},"_links":{"self":[{"href":"https:\/\/hideyourkeys.io\/de\/wp-json\/wp\/v2\/product\/5705","targetHints":{"allow":["GET"]}}],"collection":[{"href":"https:\/\/hideyourkeys.io\/de\/wp-json\/wp\/v2\/product"}],"about":[{"href":"https:\/\/hideyourkeys.io\/de\/wp-json\/wp\/v2\/types\/product"}],"replies":[{"embeddable":true,"href":"https:\/\/hideyourkeys.io\/de\/wp-json\/wp\/v2\/comments?post=5705"}],"wp:featuredmedia":[{"embeddable":true,"href":"https:\/\/hideyourkeys.io\/de\/wp-json\/wp\/v2\/media\/14844"}],"wp:attachment":[{"href":"https:\/\/hideyourkeys.io\/de\/wp-json\/wp\/v2\/media?parent=5705"}],"wp:term":[{"taxonomy":"product_brand","embeddable":true,"href":"https:\/\/hideyourkeys.io\/de\/wp-json\/wp\/v2\/product_brand?post=5705"},{"taxonomy":"product_cat","embeddable":true,"href":"https:\/\/hideyourkeys.io\/de\/wp-json\/wp\/v2\/product_cat?post=5705"},{"taxonomy":"product_tag","embeddable":true,"href":"https:\/\/hideyourkeys.io\/de\/wp-json\/wp\/v2\/product_tag?post=5705"}],"curies":[{"name":"wp","href":"https:\/\/api.w.org\/{rel}","templated":true}]}}