{"id":5848,"date":"2023-08-23T23:42:29","date_gmt":"2023-08-23T23:42:29","guid":{"rendered":"https:\/\/hideyourkeys.io\/product\/seed-phrase-kapsel-3-pack\/"},"modified":"2025-02-02T21:57:42","modified_gmt":"2025-02-02T21:57:42","slug":"wiederherstellungsphrase-kapsel-3er-pack","status":"publish","type":"product","link":"https:\/\/hideyourkeys.io\/de\/produkt\/wiederherstellungsphrase-kapsel-3er-pack\/","title":{"rendered":"Kapsel f\u00fcr Wiederherstellungsphrase &#8211; 3er Pack (M8)"},"content":{"rendered":"<p>Diese Kapseln wurden entwickelt, um Ihre wertvollen Bitcoin oder andere Wiederherstellungsphrasen sicher aufzubewahren und sicherzustellen, dass sie sicher und gesch\u00fctzt bleiben, und jetzt kommen sie im 3er-Pack! Die Kapseln sind au\u00dferdem klein und kompakt, so dass Sie sie \u00fcberallhin mitnehmen k\u00f6nnen.<\/p>\n<p>Jede Kapsel zum Verstecken von Wiederherstellungsphrasen kann mit einem Satz gestanzter Unterlegscheiben versehen werden, die mit unserem <a href=\"https:\/\/hideyourkeys.io\/de\/produkt\/bitjig-m8-basis-paket\/\">BitJig<\/a> (M8-24) hergestellt wurden und Ihre Bitcoin- oder Crypto-Seed-Phrase anzeigen und so eine zus\u00e4tzliche Schutzschicht gegen unbefugten Zugriff bieten.Wiederherstellungsphrase Diese Funktion gew\u00e4hrleistet, dass Ihre wertvollen Bitcoin-Verm\u00f6genswerte jederzeit sicher und gesch\u00fctzt sind.<\/p>\n<p>Die Seed-Phrase muss zuvor in Metallscheiben gestanzt werden; sehen Sie sich unseren Stempel an, um eine ordnungsgem\u00e4\u00dfe Sicherung der Seed-Phrase zu erstellen. Dieses Produkt enth\u00e4lt eine M8-Schraube, die f\u00fcr 24 Unterlegscheiben (ebenfalls im Lieferumfang enthalten) und eine Mutter passt. Sie passen alle perfekt in die Kapsel.<\/p>\n<p>Neben ihrem praktischen Nutzen sind unsere Bitcoin Seed Phrase Capsules auch ein stilvolles und einzigartiges Accessoire. Sie sind in einer Vielzahl von verschiedenen Farben und Designs erh\u00e4ltlich, sodass Sie diejenige ausw\u00e4hlen k\u00f6nnen, die am besten Ihren pers\u00f6nlichen Stil widerspiegelt.<\/p>\n<p>Dieses Produkt enth\u00e4lt:<\/p>\n<ul>\n<li>Drei (3) Vorratskapseln<\/li>\n<li>Drei S\u00e4tze Unterlegscheiben (75), mit drei (3) Muttern und drei (3) Schrauben<\/li>\n<\/ul>\n","protected":false},"excerpt":{"rendered":"<p>Packung mit 3 Unterlegscheibe , die perfekte Kapsel zum Verstecken von Wiederherstellungsphrasen.<\/p>\n","protected":false},"featured_media":14919,"comment_status":"open","ping_status":"closed","template":"","meta":{"powered_cache_disable_cache":false,"powered_cache_disable_lazyload":false,"powered_cache_disable_css_optimization":false,"powered_cache_disable_js_optimization":false},"product_brand":[],"product_cat":[271],"product_tag":[302,399],"class_list":{"0":"post-5848","1":"product","2":"type-product","3":"status-publish","4":"has-post-thumbnail","6":"product_cat-pakete-sonstige","7":"product_tag-kapsel","8":"product_tag-seedphrase-ausblenden","10":"first","11":"instock","12":"taxable","13":"shipping-taxable","14":"purchasable","15":"product-type-variable"},"_links":{"self":[{"href":"https:\/\/hideyourkeys.io\/de\/wp-json\/wp\/v2\/product\/5848","targetHints":{"allow":["GET"]}}],"collection":[{"href":"https:\/\/hideyourkeys.io\/de\/wp-json\/wp\/v2\/product"}],"about":[{"href":"https:\/\/hideyourkeys.io\/de\/wp-json\/wp\/v2\/types\/product"}],"replies":[{"embeddable":true,"href":"https:\/\/hideyourkeys.io\/de\/wp-json\/wp\/v2\/comments?post=5848"}],"wp:featuredmedia":[{"embeddable":true,"href":"https:\/\/hideyourkeys.io\/de\/wp-json\/wp\/v2\/media\/14919"}],"wp:attachment":[{"href":"https:\/\/hideyourkeys.io\/de\/wp-json\/wp\/v2\/media?parent=5848"}],"wp:term":[{"taxonomy":"product_brand","embeddable":true,"href":"https:\/\/hideyourkeys.io\/de\/wp-json\/wp\/v2\/product_brand?post=5848"},{"taxonomy":"product_cat","embeddable":true,"href":"https:\/\/hideyourkeys.io\/de\/wp-json\/wp\/v2\/product_cat?post=5848"},{"taxonomy":"product_tag","embeddable":true,"href":"https:\/\/hideyourkeys.io\/de\/wp-json\/wp\/v2\/product_tag?post=5848"}],"curies":[{"name":"wp","href":"https:\/\/api.w.org\/{rel}","templated":true}]}}