{"id":5872,"date":"2023-09-03T13:11:21","date_gmt":"2023-09-03T13:11:21","guid":{"rendered":"https:\/\/hideyourkeys.io\/product\/der-endgueltige-leitfaden-fuer-die-aufbewahrung-von-bitcoin\/"},"modified":"2024-10-24T21:46:44","modified_gmt":"2024-10-24T21:46:44","slug":"der-definitive-pleb-leitfaden-zur-aufbewahrung-von-bitcoin","status":"publish","type":"product","link":"https:\/\/hideyourkeys.io\/de\/produkt\/der-definitive-pleb-leitfaden-zur-aufbewahrung-von-bitcoin\/","title":{"rendered":"Der endg\u00fcltige Leitfaden f\u00fcr die Aufbewahrung von Bitcoin"},"content":{"rendered":"<p align=\"justify\"><span style=\"font-family: Liberation Sans, sans-serif;\"><span style=\"font-size: medium;\">Wenn es darum geht, Ihre Bitcoin (oder andere Kryptow\u00e4hrungen) zu sch\u00fctzen, ist es entscheidend, die Kontrolle \u00fcber Ihre Schl\u00fcssel zu haben und sich nicht auf B\u00f6rsen oder Dritte zu verlassen. In diesem Leitfaden werden die Methoden erl\u00e4utert, die aus unserer Sicht effektiv und effizient genug sind, um Bitcoin sicher zu speichern. Finden Sie heraus, wie Sie Bitcoin am besten selbst verwahren k\u00f6nnen.<\/span><\/span><\/p>\n<p align=\"justify\"><span style=\"font-family: Liberation Sans, sans-serif;\"><span style=\"font-size: medium;\">Die Methoden betonen die physische Speicherung von Schl\u00fcsseln, fernab von internetexponierten Ger\u00e4ten oder Hardware-Degradation. Anstelle von anf\u00e4lligen papierbasierten L\u00f6sungen werden wir die M\u00f6glichkeit untersuchen, Ihre Schl\u00fcsselphrase auf Metall zu gravieren und Schritt-f\u00fcr-Schritt-Anleitungen f\u00fcr die Generierung von Bitcoin-Schl\u00fcsseln mit Hardware-Wallets oder anderen gleichwertigen Methoden wie Offline-Tools oder manuellen Tools (W\u00fcrfel, Taschenrechner&#8230;) bereitzustellen.  <\/span><\/span><\/p>\n","protected":false},"excerpt":{"rendered":"<p>Die ausf\u00fchrliche Anleitung, wie Sie Ihre Bitcoins richtig aufbewahren. Finden Sie heraus, wie Sie Bitcoin am besten selbst verwahren k\u00f6nnen. <\/p>\n","protected":false},"featured_media":16421,"comment_status":"open","ping_status":"closed","template":"","meta":{"powered_cache_disable_cache":false,"powered_cache_disable_lazyload":false,"powered_cache_disable_css_optimization":false,"powered_cache_disable_js_optimization":false},"product_brand":[],"product_cat":[267],"product_tag":[294,415],"class_list":{"0":"post-5872","1":"product","2":"type-product","3":"status-publish","4":"has-post-thumbnail","6":"product_cat-anleitungen-und-handbucher","7":"product_tag-bitcoin-de","8":"product_tag-handbuch","10":"first","11":"instock","12":"downloadable","13":"taxable","14":"shipping-taxable","15":"purchasable","16":"product-type-simple"},"_links":{"self":[{"href":"https:\/\/hideyourkeys.io\/de\/wp-json\/wp\/v2\/product\/5872","targetHints":{"allow":["GET"]}}],"collection":[{"href":"https:\/\/hideyourkeys.io\/de\/wp-json\/wp\/v2\/product"}],"about":[{"href":"https:\/\/hideyourkeys.io\/de\/wp-json\/wp\/v2\/types\/product"}],"replies":[{"embeddable":true,"href":"https:\/\/hideyourkeys.io\/de\/wp-json\/wp\/v2\/comments?post=5872"}],"wp:featuredmedia":[{"embeddable":true,"href":"https:\/\/hideyourkeys.io\/de\/wp-json\/wp\/v2\/media\/16421"}],"wp:attachment":[{"href":"https:\/\/hideyourkeys.io\/de\/wp-json\/wp\/v2\/media?parent=5872"}],"wp:term":[{"taxonomy":"product_brand","embeddable":true,"href":"https:\/\/hideyourkeys.io\/de\/wp-json\/wp\/v2\/product_brand?post=5872"},{"taxonomy":"product_cat","embeddable":true,"href":"https:\/\/hideyourkeys.io\/de\/wp-json\/wp\/v2\/product_cat?post=5872"},{"taxonomy":"product_tag","embeddable":true,"href":"https:\/\/hideyourkeys.io\/de\/wp-json\/wp\/v2\/product_tag?post=5872"}],"curies":[{"name":"wp","href":"https:\/\/api.w.org\/{rel}","templated":true}]}}