{"id":5903,"date":"2023-09-03T14:16:13","date_gmt":"2023-09-03T14:16:13","guid":{"rendered":"https:\/\/hideyourkeys.io\/product\/sukkulenten-topf-safes-handbuch\/"},"modified":"2024-10-24T21:38:31","modified_gmt":"2024-10-24T21:38:31","slug":"blumentopf-tresor-handbuch","status":"publish","type":"product","link":"https:\/\/hideyourkeys.io\/de\/produkt\/blumentopf-tresor-handbuch\/","title":{"rendered":"Blumentopf Tresor Handbuch"},"content":{"rendered":"<p>\u00dcberpr\u00fcfen Sie unser Handbuch f\u00fcr den sicheren Pflanzentopf, um die ordnungsgem\u00e4\u00dfe Verwendung des Produkts sicherzustellen. Entdecken Sie einen unserer Vorschl\u00e4ge, um Ihre Wiederherstellungsphrase zu verstecken, ohne dass die Leute es bemerken.  Gravieren Sie Wiederherstellungsphrase in Metall und verstecken Sie sie in einem unserer T\u00f6pfe. Wir empfehlen, unsere Handb\u00fccher herunterzuladen, bevor Sie die Produkte kaufen.<\/p>\n","protected":false},"excerpt":{"rendered":"<p>Pflanztopf Safe Manuell. Gravieren Sie Wiederherstellungsphrase in Metall und verstecken Sie sie in einem unserer T\u00f6pfe. <\/p>\n","protected":false},"featured_media":16382,"comment_status":"open","ping_status":"closed","template":"","meta":{"powered_cache_disable_cache":false,"powered_cache_disable_lazyload":false,"powered_cache_disable_css_optimization":false,"powered_cache_disable_js_optimization":false},"product_brand":[],"product_cat":[267],"product_tag":[294,415,399,314],"class_list":{"0":"post-5903","1":"product","2":"type-product","3":"status-publish","4":"has-post-thumbnail","6":"product_cat-anleitungen-und-handbucher","7":"product_tag-bitcoin-de","8":"product_tag-handbuch","9":"product_tag-seedphrase-ausblenden","10":"product_tag-unechter-topf","12":"first","13":"instock","14":"downloadable","15":"taxable","16":"shipping-taxable","17":"purchasable","18":"product-type-simple"},"_links":{"self":[{"href":"https:\/\/hideyourkeys.io\/de\/wp-json\/wp\/v2\/product\/5903","targetHints":{"allow":["GET"]}}],"collection":[{"href":"https:\/\/hideyourkeys.io\/de\/wp-json\/wp\/v2\/product"}],"about":[{"href":"https:\/\/hideyourkeys.io\/de\/wp-json\/wp\/v2\/types\/product"}],"replies":[{"embeddable":true,"href":"https:\/\/hideyourkeys.io\/de\/wp-json\/wp\/v2\/comments?post=5903"}],"wp:featuredmedia":[{"embeddable":true,"href":"https:\/\/hideyourkeys.io\/de\/wp-json\/wp\/v2\/media\/16382"}],"wp:attachment":[{"href":"https:\/\/hideyourkeys.io\/de\/wp-json\/wp\/v2\/media?parent=5903"}],"wp:term":[{"taxonomy":"product_brand","embeddable":true,"href":"https:\/\/hideyourkeys.io\/de\/wp-json\/wp\/v2\/product_brand?post=5903"},{"taxonomy":"product_cat","embeddable":true,"href":"https:\/\/hideyourkeys.io\/de\/wp-json\/wp\/v2\/product_cat?post=5903"},{"taxonomy":"product_tag","embeddable":true,"href":"https:\/\/hideyourkeys.io\/de\/wp-json\/wp\/v2\/product_tag?post=5903"}],"curies":[{"name":"wp","href":"https:\/\/api.w.org\/{rel}","templated":true}]}}