{"id":5905,"date":"2023-09-03T14:22:11","date_gmt":"2023-09-03T14:22:11","guid":{"rendered":"https:\/\/hideyourkeys.io\/product\/vasen-handbuch\/"},"modified":"2024-10-24T21:20:56","modified_gmt":"2024-10-24T21:20:56","slug":"vasen-handbuch","status":"publish","type":"product","link":"https:\/\/hideyourkeys.io\/de\/produkt\/vasen-handbuch\/","title":{"rendered":"Vasen und Lampen Handbuch"},"content":{"rendered":"<p>Lesen Sie unser Handbuch f\u00fcr Vasen und Lampen, um sicherzustellen, dass das Produkt ordnungsgem\u00e4\u00df verwendet wird. Entdecken Sie einen unserer Vorschl\u00e4ge, um Ihre Wiederherstellungsphrase zu verstecken, ohne dass die Leute es bemerken. Kreative M\u00f6glichkeit, eine Wiederherstellungsphrase zu verstecken Wir empfehlen, unsere Handb\u00fccher herunterzuladen, bevor Sie die Produkte kaufen.  <\/p>\n","protected":false},"excerpt":{"rendered":"<p>Vasen und Lampen. Handbuch<\/p>\n","protected":false},"featured_media":16376,"comment_status":"open","ping_status":"closed","template":"","meta":{"powered_cache_disable_cache":false,"powered_cache_disable_lazyload":false,"powered_cache_disable_css_optimization":false,"powered_cache_disable_js_optimization":false},"product_brand":[],"product_cat":[267],"product_tag":[294,415,399],"class_list":{"0":"post-5905","1":"product","2":"type-product","3":"status-publish","4":"has-post-thumbnail","6":"product_cat-anleitungen-und-handbucher","7":"product_tag-bitcoin-de","8":"product_tag-handbuch","9":"product_tag-seedphrase-ausblenden","11":"first","12":"instock","13":"downloadable","14":"taxable","15":"shipping-taxable","16":"purchasable","17":"product-type-simple"},"_links":{"self":[{"href":"https:\/\/hideyourkeys.io\/de\/wp-json\/wp\/v2\/product\/5905","targetHints":{"allow":["GET"]}}],"collection":[{"href":"https:\/\/hideyourkeys.io\/de\/wp-json\/wp\/v2\/product"}],"about":[{"href":"https:\/\/hideyourkeys.io\/de\/wp-json\/wp\/v2\/types\/product"}],"replies":[{"embeddable":true,"href":"https:\/\/hideyourkeys.io\/de\/wp-json\/wp\/v2\/comments?post=5905"}],"wp:featuredmedia":[{"embeddable":true,"href":"https:\/\/hideyourkeys.io\/de\/wp-json\/wp\/v2\/media\/16376"}],"wp:attachment":[{"href":"https:\/\/hideyourkeys.io\/de\/wp-json\/wp\/v2\/media?parent=5905"}],"wp:term":[{"taxonomy":"product_brand","embeddable":true,"href":"https:\/\/hideyourkeys.io\/de\/wp-json\/wp\/v2\/product_brand?post=5905"},{"taxonomy":"product_cat","embeddable":true,"href":"https:\/\/hideyourkeys.io\/de\/wp-json\/wp\/v2\/product_cat?post=5905"},{"taxonomy":"product_tag","embeddable":true,"href":"https:\/\/hideyourkeys.io\/de\/wp-json\/wp\/v2\/product_tag?post=5905"}],"curies":[{"name":"wp","href":"https:\/\/api.w.org\/{rel}","templated":true}]}}