{"id":5909,"date":"2023-09-03T15:56:41","date_gmt":"2023-09-03T15:56:41","guid":{"rendered":"https:\/\/hideyourkeys.io\/product\/gartenabfluss-handbuch\/"},"modified":"2024-10-24T19:21:34","modified_gmt":"2024-10-24T19:21:34","slug":"garten-abfluss-handbuch","status":"publish","type":"product","link":"https:\/\/hideyourkeys.io\/de\/produkt\/garten-abfluss-handbuch\/","title":{"rendered":"Gartenabfluss-Handbuch"},"content":{"rendered":"<p>\u00dcberpr\u00fcfen Sie unser Gartenablauf-Handbuch, um die ordnungsgem\u00e4\u00dfe Verwendung des Produkts sicherzustellen. Entdecken Sie einen unserer Vorschl\u00e4ge, um Ihre Wiederherstellungsphrase zu verstecken, ohne dass die Leute es bemerken. Krypto-Seed ausblenden. Wir empfehlen, unsere Handb\u00fccher herunterzuladen, bevor Sie die Produkte kaufen. <\/p>\n","protected":false},"excerpt":{"rendered":"<p>Fake-Gartenabfluss-Handbuch<\/p>\n","protected":false},"featured_media":16371,"comment_status":"open","ping_status":"closed","template":"","meta":{"powered_cache_disable_cache":false,"powered_cache_disable_lazyload":false,"powered_cache_disable_css_optimization":false,"powered_cache_disable_js_optimization":false},"product_brand":[],"product_cat":[267],"product_tag":[415,399],"class_list":{"0":"post-5909","1":"product","2":"type-product","3":"status-publish","4":"has-post-thumbnail","6":"product_cat-anleitungen-und-handbucher","7":"product_tag-handbuch","8":"product_tag-seedphrase-ausblenden","10":"first","11":"instock","12":"downloadable","13":"taxable","14":"shipping-taxable","15":"purchasable","16":"product-type-simple"},"_links":{"self":[{"href":"https:\/\/hideyourkeys.io\/de\/wp-json\/wp\/v2\/product\/5909","targetHints":{"allow":["GET"]}}],"collection":[{"href":"https:\/\/hideyourkeys.io\/de\/wp-json\/wp\/v2\/product"}],"about":[{"href":"https:\/\/hideyourkeys.io\/de\/wp-json\/wp\/v2\/types\/product"}],"replies":[{"embeddable":true,"href":"https:\/\/hideyourkeys.io\/de\/wp-json\/wp\/v2\/comments?post=5909"}],"wp:featuredmedia":[{"embeddable":true,"href":"https:\/\/hideyourkeys.io\/de\/wp-json\/wp\/v2\/media\/16371"}],"wp:attachment":[{"href":"https:\/\/hideyourkeys.io\/de\/wp-json\/wp\/v2\/media?parent=5909"}],"wp:term":[{"taxonomy":"product_brand","embeddable":true,"href":"https:\/\/hideyourkeys.io\/de\/wp-json\/wp\/v2\/product_brand?post=5909"},{"taxonomy":"product_cat","embeddable":true,"href":"https:\/\/hideyourkeys.io\/de\/wp-json\/wp\/v2\/product_cat?post=5909"},{"taxonomy":"product_tag","embeddable":true,"href":"https:\/\/hideyourkeys.io\/de\/wp-json\/wp\/v2\/product_tag?post=5909"}],"curies":[{"name":"wp","href":"https:\/\/api.w.org\/{rel}","templated":true}]}}