{"id":5911,"date":"2023-09-03T15:57:33","date_gmt":"2023-09-03T15:57:33","guid":{"rendered":"https:\/\/hideyourkeys.io\/product\/der-schnelle-leitfaden-zum-speichern-von-bitcoin\/"},"modified":"2024-10-27T13:56:40","modified_gmt":"2024-10-27T13:56:40","slug":"was-macht-bitcoin-sinn-von-bitcoin","status":"publish","type":"product","link":"https:\/\/hideyourkeys.io\/de\/produkt\/was-macht-bitcoin-sinn-von-bitcoin\/","title":{"rendered":"Bitcoin verstehen"},"content":{"rendered":"<p>Du wei\u00dft, dass du unseren fast 200-seitigen <a href=\"https:\/\/hideyourkeys.io\/de\/produkt\/der-definitive-pleb-leitfaden-zur-aufbewahrung-von-bitcoin\/\">Pleb-Guide<\/a> nicht lesen wolltest, weil du gerade erst mit Bitcoin anf\u00e4ngst&#8230; Dann werfen Sie einen Blick auf unseren Leitfaden &#8222;Making Sense of Bitcoin&#8220;, dies ist eine Zusammenfassung mit unseren besten Tipps und Empfehlungen, um Ihre Bitcoins richtig zu lagern und sie besser zu verstehen. Entdecken Sie mit unserem Leitfaden, was Bitcoin ist und welches Potenzial es hat. Der Leitfaden beginnt mit den g\u00e4ngigsten FAQs im Zusammenhang mit Bitcoin und konzentriert sich dann auf die physische Speicherung von Schl\u00fcsseln, fern von internetexponierten Ger\u00e4ten oder Hardware-Degradation.  <\/p>\n<p> Anstelle von anf\u00e4lligen papierbasierten L\u00f6sungen werden wir die M\u00f6glichkeit erkunden, Ihren Schl\u00fcsselsatz auf Metall zu gravieren. Es bietet auch Schritt-f\u00fcr-Schritt-Anleitungen zum Generieren von Bitcoin-Schl\u00fcsseln mithilfe von Hardware-Wallets oder anderen gleichwertigen Methoden, wie Offline-Tools oder manuellen Tools (W\u00fcrfel, Taschenrechner&#8230;).<\/p>\n<div class=\"flex max-w-full flex-col flex-grow\">\n<div class=\"min-h-8 text-message flex w-full flex-col items-end gap-2 whitespace-normal break-words [.text-message+&amp;]:mt-5\" dir=\"auto\" data-message-author-role=\"assistant\" data-message-id=\"88561fb1-06aa-47fb-83b3-87d04eb8cf6a\" data-message-model-slug=\"gpt-4o\">\n<div class=\"flex w-full flex-col gap-1 empty:hidden first:pt-[3px]\">\n<div class=\"markdown prose w-full break-words dark:prose-invert dark\">\n<p>Ein weiteres Schl\u00fcsselprinzip von Bitcoin ist &#8222;Don&#8217;t Trust, Verify&#8220;, also verlassen Sie sich nicht nur auf unsere Leitf\u00e4den \u2013 es gibt eine F\u00fclle von Informationen online, die Sie erkunden k\u00f6nnen. Ein guter Ausgangspunkt ist <a href=\"https:\/\/bitcoin.org\" target=\"_new\" rel=\"noopener\">bitcoin.org<\/a>, wo Sie Ressourcen, Dokumentationen und Links zu weiteren Informationen \u00fcber die Technologie, Sicherheit und Community von Bitcoin finden. Tauchen Sie ein und beginnen Sie, sich selbst zu \u00fcberzeugen!  <\/p>\n<\/div>\n<\/div>\n<\/div>\n<\/div>\n<div class=\"mb-2 flex gap-3 empty:hidden -ml-2\">\n<div class=\"items-center justify-start rounded-xl p-1 flex\">\n<div class=\"flex items-center\"><\/div>\n<\/div>\n<\/div>\n","protected":false},"excerpt":{"rendered":"<p>Werfen Sie einen Blick auf unseren Leitfaden &#8222;Making Sense of Bitcoin&#8220;, dies ist eine Zusammenfassung mit unseren besten Tipps und Empfehlungen, um Ihre Bitcoins richtig zu lagern und sie besser zu verstehen. Entdecken Sie mit unserem Leitfaden, was Bitcoin ist und welches Potenzial es hat. <\/p>\n","protected":false},"featured_media":16584,"comment_status":"open","ping_status":"closed","template":"","meta":{"powered_cache_disable_cache":false,"powered_cache_disable_lazyload":false,"powered_cache_disable_css_optimization":false,"powered_cache_disable_js_optimization":false},"product_brand":[],"product_cat":[267],"product_tag":[294,415,399],"class_list":{"0":"post-5911","1":"product","2":"type-product","3":"status-publish","4":"has-post-thumbnail","6":"product_cat-anleitungen-und-handbucher","7":"product_tag-bitcoin-de","8":"product_tag-handbuch","9":"product_tag-seedphrase-ausblenden","11":"first","12":"instock","13":"downloadable","14":"taxable","15":"shipping-taxable","16":"purchasable","17":"product-type-simple"},"_links":{"self":[{"href":"https:\/\/hideyourkeys.io\/de\/wp-json\/wp\/v2\/product\/5911","targetHints":{"allow":["GET"]}}],"collection":[{"href":"https:\/\/hideyourkeys.io\/de\/wp-json\/wp\/v2\/product"}],"about":[{"href":"https:\/\/hideyourkeys.io\/de\/wp-json\/wp\/v2\/types\/product"}],"replies":[{"embeddable":true,"href":"https:\/\/hideyourkeys.io\/de\/wp-json\/wp\/v2\/comments?post=5911"}],"wp:featuredmedia":[{"embeddable":true,"href":"https:\/\/hideyourkeys.io\/de\/wp-json\/wp\/v2\/media\/16584"}],"wp:attachment":[{"href":"https:\/\/hideyourkeys.io\/de\/wp-json\/wp\/v2\/media?parent=5911"}],"wp:term":[{"taxonomy":"product_brand","embeddable":true,"href":"https:\/\/hideyourkeys.io\/de\/wp-json\/wp\/v2\/product_brand?post=5911"},{"taxonomy":"product_cat","embeddable":true,"href":"https:\/\/hideyourkeys.io\/de\/wp-json\/wp\/v2\/product_cat?post=5911"},{"taxonomy":"product_tag","embeddable":true,"href":"https:\/\/hideyourkeys.io\/de\/wp-json\/wp\/v2\/product_tag?post=5911"}],"curies":[{"name":"wp","href":"https:\/\/api.w.org\/{rel}","templated":true}]}}