{"id":5914,"date":"2023-09-03T16:00:56","date_gmt":"2023-09-03T16:00:56","guid":{"rendered":"https:\/\/hideyourkeys.io\/product\/hardware-wallet-handbuch\/"},"modified":"2024-11-12T08:00:16","modified_gmt":"2024-11-12T08:00:16","slug":"hardware-wallet-manual","status":"publish","type":"product","link":"https:\/\/hideyourkeys.io\/de\/produkt\/hardware-wallet-manual\/","title":{"rendered":"Hardware-Wallet-Handbuch"},"content":{"rendered":"<p>Pr\u00fcfen Sie unser Hardware-Handbuch, um die ordnungsgem\u00e4\u00dfe Verwendung des Produkts sicherzustellen. Da es sich um ein Entwicklungsger\u00e4t handelt, empfiehlt es sich dringend, das vollst\u00e4ndige Handbuch vor dem Kauf des Produkts durchzulesen. Das Handbuch enth\u00e4lt auch Anweisungen, um ein Ger\u00e4t selbst zu flashen, um eine Hardware-Wallet DIY zu erhalten. Wir empfehlen, unsere Handb\u00fccher herunterzuladen, bevor Sie die Produkte kaufen.<\/p>\n","protected":false},"excerpt":{"rendered":"<p>Handbuch zur Hardware-Brieftasche<\/p>\n","protected":false},"featured_media":16392,"comment_status":"open","ping_status":"closed","template":"","meta":{"powered_cache_disable_cache":false,"powered_cache_disable_lazyload":false,"powered_cache_disable_css_optimization":false,"powered_cache_disable_js_optimization":false},"product_brand":[],"product_cat":[267],"product_tag":[415,325],"class_list":{"0":"post-5914","1":"product","2":"type-product","3":"status-publish","4":"has-post-thumbnail","6":"product_cat-anleitungen-und-handbucher","7":"product_tag-handbuch","8":"product_tag-hardware-wallet-de","10":"first","11":"instock","12":"downloadable","13":"taxable","14":"shipping-taxable","15":"purchasable","16":"product-type-simple"},"_links":{"self":[{"href":"https:\/\/hideyourkeys.io\/de\/wp-json\/wp\/v2\/product\/5914","targetHints":{"allow":["GET"]}}],"collection":[{"href":"https:\/\/hideyourkeys.io\/de\/wp-json\/wp\/v2\/product"}],"about":[{"href":"https:\/\/hideyourkeys.io\/de\/wp-json\/wp\/v2\/types\/product"}],"replies":[{"embeddable":true,"href":"https:\/\/hideyourkeys.io\/de\/wp-json\/wp\/v2\/comments?post=5914"}],"wp:featuredmedia":[{"embeddable":true,"href":"https:\/\/hideyourkeys.io\/de\/wp-json\/wp\/v2\/media\/16392"}],"wp:attachment":[{"href":"https:\/\/hideyourkeys.io\/de\/wp-json\/wp\/v2\/media?parent=5914"}],"wp:term":[{"taxonomy":"product_brand","embeddable":true,"href":"https:\/\/hideyourkeys.io\/de\/wp-json\/wp\/v2\/product_brand?post=5914"},{"taxonomy":"product_cat","embeddable":true,"href":"https:\/\/hideyourkeys.io\/de\/wp-json\/wp\/v2\/product_cat?post=5914"},{"taxonomy":"product_tag","embeddable":true,"href":"https:\/\/hideyourkeys.io\/de\/wp-json\/wp\/v2\/product_tag?post=5914"}],"curies":[{"name":"wp","href":"https:\/\/api.w.org\/{rel}","templated":true}]}}