{"id":8750,"date":"2023-11-25T14:29:33","date_gmt":"2023-11-25T14:29:33","guid":{"rendered":"https:\/\/hideyourkeys.io\/?post_type=product&#038;p=8750"},"modified":"2025-02-02T21:57:32","modified_gmt":"2025-02-02T21:57:32","slug":"wiederherstellungsphrase-kapsel-mini","status":"publish","type":"product","link":"https:\/\/hideyourkeys.io\/de\/produkt\/wiederherstellungsphrase-kapsel-mini\/","title":{"rendered":"Kapsel f\u00fcr Wiederherstellungsphrase Mini (M6)"},"content":{"rendered":"<p>Diese Kapseln sind darauf ausgelegt, Ihre wertvollen Bitcoin- oder anderen Kryptosamenphrasen sicher zu speichern und sicherzustellen, dass sie sicher und gesch\u00fctzt bleiben. Diese Kapsel f\u00fcr Unterlegscheiben ist au\u00dferdem klein und kompakt gestaltet, sodass Sie sie leicht \u00fcberall hin mitnehmen k\u00f6nnen. Jetzt in noch kompakterem Format.<\/p>\n<p>Jede Kapsel kann ein Set gestanzter Metall-Unterlegscheiben (M6-18) aufnehmen, die mit unserem <a href=\"https:\/\/hideyourkeys.io\/de\/produkt\/bitjig-m6-basis-paket\/\">BitJig M6<\/a> hergestellt wurden und Ihre Bitcoin- oder Krypto-Wiederherstellungsphrase anzeigen, wodurch eine zus\u00e4tzliche Schutzschicht gegen unbefugten Zugriff entsteht. Diese Funktion gew\u00e4hrleistet, dass Ihre wertvollen Bitcoin-Verm\u00f6genswerte jederzeit sicher und gesch\u00fctzt sind.<\/p>\n<p>Die Seed-Phrase muss zuvor in Metallscheiben gestanzt werden; sehen Sie sich unseren Stempel an, um eine ordnungsgem\u00e4\u00dfe Sicherung der Seed-Phrase zu erstellen. Dieses Produkt enth\u00e4lt eine M6-Schraube, die auf 24 Unterlegscheiben (ebenfalls enthalten) passt, sowie eine Mutter. Sie passen alle perfekt in die Kapsel. Die Kapsel ist 54 mm hoch und hat einen Durchmesser von 28 mm.<\/p>\n<p>Neben ihrem praktischen Nutzen sind unsere Bitcoin Seed Phrase Capsules auch ein stilvolles und einzigartiges Accessoire. Sie sind in einer Vielzahl von verschiedenen Farben und Designs erh\u00e4ltlich, sodass Sie diejenige ausw\u00e4hlen k\u00f6nnen, die am besten Ihren pers\u00f6nlichen Stil widerspiegelt.<\/p>\n<p>Dieses Produkt enth\u00e4lt:<\/p>\n<ul>\n<li>Eine (1) Speicherkapsel<\/li>\n<li>Satz Unterlegscheiben (25), mit einer (1) Mutter und einer (1) Schraube<\/li>\n<\/ul>\n","protected":false},"excerpt":{"rendered":"<p>Kapsel f\u00fcr Unterlegscheiben zur Aufbewahrung der auf Metall eingravierten Wiederherstellungsphrase<\/p>\n","protected":false},"featured_media":14839,"comment_status":"open","ping_status":"closed","template":"","meta":{"powered_cache_disable_cache":false,"powered_cache_disable_lazyload":false,"powered_cache_disable_css_optimization":false,"powered_cache_disable_js_optimization":false},"product_brand":[],"product_cat":[264],"product_tag":[302,399],"class_list":{"0":"post-8750","1":"product","2":"type-product","3":"status-publish","4":"has-post-thumbnail","6":"product_cat-stempel-kapseln","7":"product_tag-kapsel","8":"product_tag-seedphrase-ausblenden","9":"pa_color-beige-de","10":"pa_color-granit-de","11":"pa_color-grau","12":"pa_color-schwarz","13":"pa_color-weis","15":"first","16":"instock","17":"taxable","18":"shipping-taxable","19":"purchasable","20":"product-type-variable"},"_links":{"self":[{"href":"https:\/\/hideyourkeys.io\/de\/wp-json\/wp\/v2\/product\/8750","targetHints":{"allow":["GET"]}}],"collection":[{"href":"https:\/\/hideyourkeys.io\/de\/wp-json\/wp\/v2\/product"}],"about":[{"href":"https:\/\/hideyourkeys.io\/de\/wp-json\/wp\/v2\/types\/product"}],"replies":[{"embeddable":true,"href":"https:\/\/hideyourkeys.io\/de\/wp-json\/wp\/v2\/comments?post=8750"}],"wp:featuredmedia":[{"embeddable":true,"href":"https:\/\/hideyourkeys.io\/de\/wp-json\/wp\/v2\/media\/14839"}],"wp:attachment":[{"href":"https:\/\/hideyourkeys.io\/de\/wp-json\/wp\/v2\/media?parent=8750"}],"wp:term":[{"taxonomy":"product_brand","embeddable":true,"href":"https:\/\/hideyourkeys.io\/de\/wp-json\/wp\/v2\/product_brand?post=8750"},{"taxonomy":"product_cat","embeddable":true,"href":"https:\/\/hideyourkeys.io\/de\/wp-json\/wp\/v2\/product_cat?post=8750"},{"taxonomy":"product_tag","embeddable":true,"href":"https:\/\/hideyourkeys.io\/de\/wp-json\/wp\/v2\/product_tag?post=8750"}],"curies":[{"name":"wp","href":"https:\/\/api.w.org\/{rel}","templated":true}]}}