{"id":8856,"date":"2023-11-25T14:45:40","date_gmt":"2023-11-25T14:45:40","guid":{"rendered":"https:\/\/hideyourkeys.io\/?post_type=product&#038;p=8856"},"modified":"2025-02-02T21:56:10","modified_gmt":"2025-02-02T21:56:10","slug":"wiederherstellungsphrase-kapsel-mini-3er-pack","status":"publish","type":"product","link":"https:\/\/hideyourkeys.io\/de\/produkt\/wiederherstellungsphrase-kapsel-mini-3er-pack\/","title":{"rendered":"Kapsel f\u00fcr Wiederherstellungsphrase Mini &#8211; 3er Pack (M6)"},"content":{"rendered":"<p>Sie fragen sich, wie Sie Wiederherstellungsphrasen speichern k\u00f6nnen? Diese Kapseln wurden entwickelt, um Ihre wertvollen Bitcoin oder andere Wiederherstellungsphrasen sicher aufzubewahren und sicherzustellen, dass sie sicher und gesch\u00fctzt bleiben, und jetzt kommen sie im 3er-Pack! Die Kapseln sind au\u00dferdem klein und kompakt, so dass Sie sie \u00fcberallhin mitnehmen k\u00f6nnen.<\/p>\n<p>Jede Kapsel kann mit einem Satz gestanzter Unterlegscheiben ausgestattet werden, die mit unserem <a href=\"https:\/\/hideyourkeys.io\/de\/produkt\/bitjig-m6-basis-paket\/\">BitJig M<\/a>6 hergestellt wurden und Ihre Bitcoin- oder Wiederherstellungsphrase anzeigen und so eine zus\u00e4tzliche Schutzschicht gegen unbefugten Zugriff bieten. Diese Funktion gew\u00e4hrleistet, dass Ihre wertvollen Bitcoin-Verm\u00f6genswerte jederzeit sicher und gesch\u00fctzt sind.<\/p>\n<p>Die Seed-Phrase muss zuvor in Metallscheiben gestanzt werden; sehen Sie sich unseren Stempel an, um eine ordnungsgem\u00e4\u00dfe Sicherung der Seed-Phrase zu erstellen. Dieses Produkt enth\u00e4lt eine M6-Schraube, die auf 24 Unterlegscheiben (ebenfalls enthalten) passt, sowie eine Mutter. Sie passen alle perfekt in die Kapsel.<\/p>\n<p>Neben ihrem praktischen Nutzen sind unsere Bitcoin Seed Phrase Capsules auch ein stilvolles und einzigartiges Accessoire. Sie sind in einer Vielzahl von verschiedenen Farben und Designs erh\u00e4ltlich, sodass Sie diejenige ausw\u00e4hlen k\u00f6nnen, die am besten Ihren pers\u00f6nlichen Stil widerspiegelt.<\/p>\n<p>Dieses Produkt enth\u00e4lt:<\/p>\n<ul>\n<li>Drei (3) Vorratskapseln<\/li>\n<li>Drei S\u00e4tze Unterlegscheiben (75), mit drei (3) Muttern und drei (3) Schrauben<\/li>\n<\/ul>\n","protected":false},"excerpt":{"rendered":"<p>Sie fragen sich, wie Sie Wiederherstellungsphrasen speichern k\u00f6nnen? Packung mit 3 Unterlegscheibe zum Verstecken Wiederherstellungsphrasen.<\/p>\n","protected":false},"featured_media":14919,"comment_status":"open","ping_status":"closed","template":"","meta":{"powered_cache_disable_cache":false,"powered_cache_disable_lazyload":false,"powered_cache_disable_css_optimization":false,"powered_cache_disable_js_optimization":false},"product_brand":[],"product_cat":[271],"product_tag":[302,399],"class_list":{"0":"post-8856","1":"product","2":"type-product","3":"status-publish","4":"has-post-thumbnail","6":"product_cat-pakete-sonstige","7":"product_tag-kapsel","8":"product_tag-seedphrase-ausblenden","10":"first","11":"instock","12":"taxable","13":"shipping-taxable","14":"purchasable","15":"product-type-variable"},"_links":{"self":[{"href":"https:\/\/hideyourkeys.io\/de\/wp-json\/wp\/v2\/product\/8856","targetHints":{"allow":["GET"]}}],"collection":[{"href":"https:\/\/hideyourkeys.io\/de\/wp-json\/wp\/v2\/product"}],"about":[{"href":"https:\/\/hideyourkeys.io\/de\/wp-json\/wp\/v2\/types\/product"}],"replies":[{"embeddable":true,"href":"https:\/\/hideyourkeys.io\/de\/wp-json\/wp\/v2\/comments?post=8856"}],"wp:featuredmedia":[{"embeddable":true,"href":"https:\/\/hideyourkeys.io\/de\/wp-json\/wp\/v2\/media\/14919"}],"wp:attachment":[{"href":"https:\/\/hideyourkeys.io\/de\/wp-json\/wp\/v2\/media?parent=8856"}],"wp:term":[{"taxonomy":"product_brand","embeddable":true,"href":"https:\/\/hideyourkeys.io\/de\/wp-json\/wp\/v2\/product_brand?post=8856"},{"taxonomy":"product_cat","embeddable":true,"href":"https:\/\/hideyourkeys.io\/de\/wp-json\/wp\/v2\/product_cat?post=8856"},{"taxonomy":"product_tag","embeddable":true,"href":"https:\/\/hideyourkeys.io\/de\/wp-json\/wp\/v2\/product_tag?post=8856"}],"curies":[{"name":"wp","href":"https:\/\/api.w.org\/{rel}","templated":true}]}}