{"id":4504,"date":"2023-08-24T10:14:23","date_gmt":"2023-08-24T10:14:23","guid":{"rendered":"https:\/\/hideyourkeys.io\/quienes-somos\/"},"modified":"2025-02-02T08:23:41","modified_gmt":"2025-02-02T08:23:41","slug":"quienes-somos","status":"publish","type":"page","link":"https:\/\/hideyourkeys.io\/es\/quienes-somos\/","title":{"rendered":"Qui\u00e9nes somos"},"content":{"rendered":"\n<div class=\"wp-block-stackable-text stk-block-text stk-block stk-ca77bfc\" data-block-id=\"ca77bfc\"><p class=\"stk-block-text__text\">Bienvenido a HideYourKeys &#8211; su socio honesto en bitcoin<\/p><\/div>\n\n<div class=\"wp-block-stackable-text stk-block-text stk-block stk-3cb9623\" data-block-id=\"3cb9623\"><p class=\"stk-block-text__text has-text-align-justify\">En HideYourKeys, creemos en el poder de la soberan\u00eda financiera y la libertad personal. Nuestra misi\u00f3n es capacitar a las personas para que tomen el control de sus activos digitales proporcionando soluciones innovadoras y seguras para almacenar y salvaguardar criptomonedas, centr\u00e1ndonos principalmente en el bitcoin.<\/p><\/div>\n\n<div class=\"wp-block-stackable-text stk-block-text stk-block stk-ab87af0\" data-block-id=\"ab87af0\"><p class=\"stk-block-text__text has-text-align-justify\">En un mundo en el que las transacciones digitales y las finanzas descentralizadas son cada vez m\u00e1s frecuentes, la necesidad de medidas de seguridad s\u00f3lidas nunca ha sido mayor. Las criptomonedas ofrecen una autonom\u00eda financiera sin parang\u00f3n, pero un gran poder conlleva una gran responsabilidad. Ah\u00ed es donde entra HideYourKeys.<\/p><\/div>\n\n<div class=\"wp-block-stackable-text stk-block-text stk-block stk-0ecc1f1\" data-block-id=\"0ecc1f1\"><p class=\"stk-block-text__text has-text-align-justify\">Nuestro equipo de entusiastas del bitcoin, expertos en seguridad y profesionales expertos en tecnolog\u00eda est\u00e1 comprometido con el desarrollo de herramientas y t\u00e9cnicas que le permitan proteger su riqueza f\u00edsica y digital al tiempo que mantiene su privacidad y libertad.<\/p><\/div>\n\n<div class=\"wp-block-stackable-text stk-block-text stk-block stk-9f8deb8\" data-block-id=\"9f8deb8\"><p class=\"stk-block-text__text\">Entendemos que las necesidades de seguridad de cada persona son \u00fanicas, y por eso ofrecemos una gama de soluciones personalizables para satisfacer distintos niveles de experiencia y requisitos.<\/p><\/div>\n\n<div class=\"wp-block-stackable-text stk-block-text stk-block stk-46e8b37\" data-block-id=\"46e8b37\"><p class=\"stk-block-text__text has-text-align-justify\">En HideYourKeys, somos algo m\u00e1s que un destino para productos extraordinarios: somos un movimiento. \u00bfCansado de la misma historia de siempre? Nosotros tambi\u00e9n. Por eso, adem\u00e1s de crear una amplia gama de piezas modernas y elegantes, fomentamos las comunidades que se erigen como ciudadelas de Bitcoin, lugares donde personas de ideas afines se re\u00fanen para superar los retos de nuestro mundo.  <\/p><\/div>\n\n<div class=\"wp-block-stackable-text stk-block-text stk-block stk-48db9b8\" data-block-id=\"48db9b8\"><p class=\"stk-block-text__text\">Estamos reimaginando posibilidades y le invitamos a formar parte de ello. Acomp\u00e1\u00f1enos en un viaje de innovaci\u00f3n, belleza y empoderamiento.  <\/p><\/div>\n\n<div class=\"wp-block-stackable-text stk-block-text stk-block stk-c005194\" data-block-id=\"c005194\"><p class=\"stk-block-text__text\">Bienvenido, a\u00fan es pronto.<\/p><\/div>\n","protected":false},"excerpt":{"rendered":"<p>Bienvenido a HideYourKeys &#8211; su socio honesto en bitcoin En HideYourKeys, creemos en el poder de la soberan\u00eda financiera y la libertad personal. Nuestra misi\u00f3n es capacitar a las personas para que tomen el control de sus activos digitales proporcionando soluciones innovadoras y seguras para almacenar y salvaguardar criptomonedas, centr\u00e1ndonos principalmente en el bitcoin. En [&hellip;]<\/p>\n","protected":false},"author":1,"featured_media":0,"parent":0,"menu_order":0,"comment_status":"closed","ping_status":"open","template":"","meta":{"powered_cache_disable_cache":false,"powered_cache_disable_lazyload":false,"powered_cache_disable_css_optimization":false,"powered_cache_disable_js_optimization":false,"footnotes":""},"class_list":["post-4504","page","type-page","status-publish","hentry"],"blocksy_meta":[],"_links":{"self":[{"href":"https:\/\/hideyourkeys.io\/es\/wp-json\/wp\/v2\/pages\/4504","targetHints":{"allow":["GET"]}}],"collection":[{"href":"https:\/\/hideyourkeys.io\/es\/wp-json\/wp\/v2\/pages"}],"about":[{"href":"https:\/\/hideyourkeys.io\/es\/wp-json\/wp\/v2\/types\/page"}],"author":[{"embeddable":true,"href":"https:\/\/hideyourkeys.io\/es\/wp-json\/wp\/v2\/users\/1"}],"replies":[{"embeddable":true,"href":"https:\/\/hideyourkeys.io\/es\/wp-json\/wp\/v2\/comments?post=4504"}],"version-history":[{"count":0,"href":"https:\/\/hideyourkeys.io\/es\/wp-json\/wp\/v2\/pages\/4504\/revisions"}],"wp:attachment":[{"href":"https:\/\/hideyourkeys.io\/es\/wp-json\/wp\/v2\/media?parent=4504"}],"curies":[{"name":"wp","href":"https:\/\/api.w.org\/{rel}","templated":true}]}}