{"id":4530,"date":"2023-09-03T13:55:27","date_gmt":"2023-09-03T13:55:27","guid":{"rendered":"https:\/\/hideyourkeys.io\/descargas\/"},"modified":"2025-10-10T19:54:34","modified_gmt":"2025-10-10T19:54:34","slug":"descargas","status":"publish","type":"page","link":"https:\/\/hideyourkeys.io\/es\/descargas\/","title":{"rendered":"Descargas"},"content":{"rendered":"\n<div class=\"wp-block-stackable-text stk-block-text stk-block stk-bf728cb\" data-block-id=\"bf728cb\"><p class=\"stk-block-text__text\">En esta secci\u00f3n, encontrar\u00e1 descargas de nuestros manuales para los productos de la tienda, as\u00ed como gu\u00edas que le ayudar\u00e1n a entender las diferentes formas de autocustodia de Bitcoin\/Crypto.<\/p><\/div>\n\n<div class=\"wp-block-stackable-heading stk-block-heading stk-block-heading--v2 stk-block stk-b4f3c02\" id=\"3-d-printing-files\" data-block-id=\"b4f3c02\"><h2 class=\"stk-block-heading__text\">Archivos de Impresi\u00f3n 3D<\/h2><\/div>\n\n<div class=\"wp-block-stackable-text stk-block-text stk-block stk-3441832\" data-block-id=\"3441832\"><p class=\"stk-block-text__text has-text-align-justify\">Descarga los archivos .STL para imprimir tu propia plantilla:<\/p><\/div>\n\n<div class=\"wp-block-stackable-text stk-block-text stk-block stk-40bac39\" data-block-id=\"40bac39\"><p class=\"stk-block-text__text\"><strong>BitJig Free:<\/strong><\/p><\/div>\n\n<div class=\"wp-block-stackable-text stk-block-text stk-block stk-6e1c72d\" data-block-id=\"6e1c72d\"><p class=\"stk-block-text__text has-text-align-justify\">Si tienes una impresora 3D, puedes descargar los archivos .STL para imprimir la versi\u00f3n BitJig Free, lo que te permitir\u00e1 grabar f\u00e1cilmente tus palabras de recuperaci\u00f3n en arandelas M8 (24 mm).<\/p><\/div>\n\n<div class=\"wp-block-stackable-button-group stk-block-button-group stk-block stk-b63c85c\" data-block-id=\"b63c85c\"><div class=\"stk-row stk-inner-blocks stk-block-content stk-button-group\">\n<div class=\"wp-block-stackable-button stk-block-button my-animated-button stk-block stk-efd8c2b\" data-block-id=\"efd8c2b\"><style>.stk-efd8c2b .stk-button{background:var(--theme-palette-color-1, #FE9412) !important;border-top-left-radius:50px !important;border-top-right-radius:50px !important;border-bottom-right-radius:50px !important;border-bottom-left-radius:50px !important;}.stk-efd8c2b .stk-button:hover:after{background:var(--theme-palette-color-4, #0E0D12) !important;opacity:1 !important;}.stk-efd8c2b .stk-button:before{border-style:solid !important;border-color:var(--theme-palette-color-1, #FE9412) !important;border-top-width:2px !important;border-right-width:2px !important;border-bottom-width:2px !important;border-left-width:2px !important;}.stk-efd8c2b .stk-button:hover:before{border-color:var(--theme-palette-color-4, #0E0D12) !important;border-top-width:2px !important;border-right-width:2px !important;border-bottom-width:2px !important;border-left-width:2px !important;}.stk-efd8c2b .stk-button__inner-text{font-size:14px !important;color:var(--theme-palette-color-8, #ffffff) !important;}.stk-efd8c2b .stk-button:hover .stk-button__inner-text{color:var(--theme-palette-color-8, #ffffff) !important;}@media screen and (max-width:999px){.stk-efd8c2b .stk-button__inner-text{font-size:14px !important;}}<\/style><a class=\"stk-link stk-button stk--hover-effect-lift\" href=\"https:\/\/hideyourkeys.io\/es\/producto\/bitjig-free\/\" rel=\"noreferrer noopener\"><span class=\"has-text-color stk-button__inner-text\"><strong>DESCARGAR<\/strong><\/span><\/a><\/div>\n<\/div><\/div>\n\n<div class=\"wp-block-stackable-text stk-block-text stk-block stk-861f796\" data-block-id=\"861f796\"><p class=\"stk-block-text__text\"><strong>BitJig Free 12 ranuras:<\/strong><\/p><\/div>\n\n<div class=\"wp-block-stackable-text stk-block-text stk-block stk-bdcf1cd\" data-block-id=\"bdcf1cd\"><p class=\"stk-block-text__text has-text-align-justify\">Si tienes una impresora 3D, puedes descargar los archivos .STL para imprimir la versi\u00f3n BitJig Free, lo que te permitir\u00e1 grabar f\u00e1cilmente tus palabras de recuperaci\u00f3n en arandelas M8 (24 mm).<\/p><\/div>\n\n<div class=\"wp-block-stackable-button-group stk-block-button-group stk-block stk-d37c79e\" data-block-id=\"d37c79e\"><div class=\"stk-row stk-inner-blocks stk-block-content stk-button-group\">\n<div class=\"wp-block-stackable-button stk-block-button my-animated-button stk-block stk-27ffd7e\" data-block-id=\"27ffd7e\"><style>.stk-27ffd7e .stk-button{background:var(--theme-palette-color-1, #FE9412) !important;border-top-left-radius:50px !important;border-top-right-radius:50px !important;border-bottom-right-radius:50px !important;border-bottom-left-radius:50px !important;}.stk-27ffd7e .stk-button:hover:after{background:var(--theme-palette-color-4, #0E0D12) !important;opacity:1 !important;}.stk-27ffd7e .stk-button:before{border-style:solid !important;border-color:var(--theme-palette-color-1, #FE9412) !important;border-top-width:2px !important;border-right-width:2px !important;border-bottom-width:2px !important;border-left-width:2px !important;}.stk-27ffd7e .stk-button:hover:before{border-color:var(--theme-palette-color-4, #0E0D12) !important;border-top-width:2px !important;border-right-width:2px !important;border-bottom-width:2px !important;border-left-width:2px !important;}.stk-27ffd7e .stk-button__inner-text{font-size:14px !important;color:var(--theme-palette-color-8, #ffffff) !important;}.stk-27ffd7e .stk-button:hover .stk-button__inner-text{color:var(--theme-palette-color-8, #ffffff) !important;}@media screen and (max-width:999px){.stk-27ffd7e .stk-button__inner-text{font-size:14px !important;}}<\/style><a class=\"stk-link stk-button stk--hover-effect-lift\" href=\"https:\/\/hideyourkeys.io\/es\/producto\/bitjig-free-12-slots\/\" rel=\"noreferrer noopener\"><span class=\"has-text-color stk-button__inner-text\"><strong>DESCARGAR<\/strong><\/span><\/a><\/div>\n<\/div><\/div>\n\n<div class=\"wp-block-stackable-heading stk-block-heading stk-block-heading--v2 stk-block stk-1e41cc3\" id=\"guides\" data-block-id=\"1e41cc3\"><h2 class=\"stk-block-heading__text\">Gu\u00edas<\/h2><\/div>\n\n<div class=\"wp-block-stackable-text stk-block-text stk-block stk-7a03249\" data-block-id=\"7a03249\"><p class=\"stk-block-text__text has-text-align-justify\">Descargue nuestras gu\u00edas:<\/p><\/div>\n\n<div class=\"wp-block-stackable-text stk-block-text stk-block stk-e1a92cb\" data-block-id=\"e1a92cb\"><p class=\"stk-block-text__text\"><strong>La gu\u00eda plebeya definitiva para almacenar su Bitcoin<\/strong><\/p><\/div>\n\n<div class=\"wp-block-stackable-text stk-block-text stk-block stk-96793be\" data-block-id=\"96793be\"><p class=\"stk-block-text__text has-text-align-justify\">Cuando se trata de salvaguardar su Bitcoin (u otras criptomonedas), es crucial tener el control sobre sus claves y no depender de intercambios o terceros. Esta gu\u00eda explicar\u00e1 los m\u00e9todos que son lo suficientemente eficaces y eficientes para el almacenamiento seguro de Bitcoin bajo nuestra perspectiva.<\/p><\/div>\n\n<div class=\"wp-block-stackable-button-group stk-block-button-group stk-block stk-2fa8e2f\" data-block-id=\"2fa8e2f\"><div class=\"stk-row stk-inner-blocks stk-block-content stk-button-group\">\n<div class=\"wp-block-stackable-button stk-block-button my-animated-button stk-block stk-12fa784\" data-block-id=\"12fa784\"><style>.stk-12fa784 .stk-button{background:var(--theme-palette-color-1, #FE9412) !important;}.stk-12fa784 .stk-button:hover:after{background:var(--theme-palette-color-4, #0E0D12) !important;opacity:1 !important;}.stk-12fa784 .stk-button:before{border-style:solid !important;border-color:var(--theme-palette-color-1, #FE9412) !important;border-top-width:2px !important;border-right-width:2px !important;border-bottom-width:2px !important;border-left-width:2px !important;}.stk-12fa784 .stk-button:hover:before{border-color:var(--theme-palette-color-4, #0E0D12) !important;border-top-width:2px !important;border-right-width:2px !important;border-bottom-width:2px !important;border-left-width:2px !important;}.stk-12fa784 .stk-button__inner-text{font-size:14px !important;color:var(--theme-palette-color-8, #ffffff) !important;}.stk-12fa784 .stk-button:hover .stk-button__inner-text{color:var(--theme-palette-color-8, #ffffff) !important;}@media screen and (max-width:999px){.stk-12fa784 .stk-button__inner-text{font-size:14px !important;}}<\/style><a class=\"stk-link stk-button stk--hover-effect-lift\" href=\"https:\/\/hideyourkeys.io\/es\/producto\/la-guia-definitiva-pleb-para-guardar-tu-bitcoin\/\" rel=\"noreferrer noopener\"><span class=\"has-text-color stk-button__inner-text\"><strong>DESCARGAR<\/strong><\/span><\/a><\/div>\n<\/div><\/div>\n\n<div class=\"wp-block-stackable-text stk-block-text stk-block stk-ff41b96\" data-block-id=\"ff41b96\"><p class=\"stk-block-text__text\"><strong>Comprendiendo Bitcoin<\/strong><\/p><\/div>\n\n<div class=\"wp-block-stackable-text stk-block-text stk-block stk-4bdba1a\" data-block-id=\"4bdba1a\"><p class=\"stk-block-text__text has-text-align-justify\">Cuando se trata de salvaguardar su Bitcoin (u otras criptomonedas), es crucial tener el control sobre sus claves y no depender de intercambios o terceros. Esta gu\u00eda te ayudar\u00e1 a entender Bitcoin y te explicar\u00e1 los m\u00e9todos que son lo suficientemente eficaces y eficientes para el almacenamiento seguro de Bitcoin desde nuestra perspectiva.<\/p><\/div>\n\n<div class=\"wp-block-stackable-button-group stk-block-button-group stk-block stk-f9b9cdf\" data-block-id=\"f9b9cdf\"><div class=\"stk-row stk-inner-blocks stk-block-content stk-button-group\">\n<div class=\"wp-block-stackable-button stk-block-button my-animated-button stk-block stk-373e94c\" data-block-id=\"373e94c\"><style>.stk-373e94c .stk-button{background:var(--theme-palette-color-1, #FE9412) !important;}.stk-373e94c .stk-button:hover:after{background:var(--theme-palette-color-4, #0E0D12) !important;opacity:1 !important;}.stk-373e94c .stk-button:before{border-style:solid !important;border-color:var(--theme-palette-color-1, #FE9412) !important;border-top-width:2px !important;border-right-width:2px !important;border-bottom-width:2px !important;border-left-width:2px !important;}.stk-373e94c .stk-button:hover:before{border-color:var(--theme-palette-color-4, #0E0D12) !important;border-top-width:2px !important;border-right-width:2px !important;border-bottom-width:2px !important;border-left-width:2px !important;}.stk-373e94c .stk-button__inner-text{font-size:14px !important;color:var(--theme-palette-color-8, #ffffff) !important;}.stk-373e94c .stk-button:hover .stk-button__inner-text{color:var(--theme-palette-color-8, #ffffff) !important;}@media screen and (max-width:999px){.stk-373e94c .stk-button__inner-text{font-size:14px !important;}}<\/style><a class=\"stk-link stk-button stk--hover-effect-lift\" href=\"https:\/\/hideyourkeys.io\/es\/producto\/que-es-el-bitcoin-que-le-da-sentido-a-bitcoin\/\" rel=\"noreferrer noopener\"><span class=\"has-text-color stk-button__inner-text\"><strong>DESCARGAR<\/strong><\/span><\/a><\/div>\n<\/div><\/div>\n\n<div class=\"wp-block-stackable-text stk-block-text stk-block stk-0a1d691\" data-block-id=\"0a1d691\"><p class=\"stk-block-text__text\"><strong>\u00bfC\u00f3mo entender Bitcoin en menos de 1 hora?<\/strong><\/p><\/div>\n\n<div class=\"wp-block-stackable-text stk-block-text stk-block stk-a161ab2\" data-block-id=\"a161ab2\"><p class=\"stk-block-text__text has-text-align-justify\">La gu\u00eda de introducci\u00f3n perfecta para \u00abrellenar de naranja\u00bb a tus amigos y familiares.<\/p><\/div>\n\n<div class=\"wp-block-stackable-button-group stk-block-button-group stk-block stk-42dc740\" data-block-id=\"42dc740\"><div class=\"stk-row stk-inner-blocks stk-block-content stk-button-group\">\n<div class=\"wp-block-stackable-button stk-block-button my-animated-button stk-block stk-d6c261d\" data-block-id=\"d6c261d\"><style>.stk-d6c261d .stk-button{background:var(--theme-palette-color-1, #FE9412) !important;}.stk-d6c261d .stk-button:hover:after{background:var(--theme-palette-color-4, #0E0D12) !important;opacity:1 !important;}.stk-d6c261d .stk-button:before{border-style:solid !important;border-color:var(--theme-palette-color-1, #FE9412) !important;border-top-width:2px !important;border-right-width:2px !important;border-bottom-width:2px !important;border-left-width:2px !important;}.stk-d6c261d .stk-button:hover:before{border-color:var(--theme-palette-color-4, #0E0D12) !important;border-top-width:2px !important;border-right-width:2px !important;border-bottom-width:2px !important;border-left-width:2px !important;}.stk-d6c261d .stk-button__inner-text{font-size:14px !important;color:var(--theme-palette-color-8, #ffffff) !important;}.stk-d6c261d .stk-button:hover .stk-button__inner-text{color:var(--theme-palette-color-8, #ffffff) !important;}@media screen and (max-width:999px){.stk-d6c261d .stk-button__inner-text{font-size:14px !important;}}<\/style><a class=\"stk-link stk-button stk--hover-effect-lift\" href=\"https:\/\/hideyourkeys.io\/es\/producto\/entender-bitcoin-menos-1-hora\/\" rel=\"noreferrer noopener\"><span class=\"has-text-color stk-button__inner-text\"><strong>DESCARGAR<\/strong><\/span><\/a><\/div>\n<\/div><\/div>\n\n<div class=\"wp-block-stackable-heading stk-block-heading stk-block-heading--v2 stk-block stk-b88887a\" id=\"manuals\" data-block-id=\"b88887a\"><h2 class=\"stk-block-heading__text\">Manuales<\/h2><\/div>\n\n<div class=\"wp-block-stackable-text stk-block-text stk-block stk-51faa7c\" data-block-id=\"51faa7c\"><p class=\"stk-block-text__text has-text-align-justify\">Descargue nuestros manuales:<\/p><\/div>\n\n<div class=\"wp-block-stackable-text stk-block-text stk-block stk-23f8361\" data-block-id=\"23f8361\"><p class=\"stk-block-text__text\"><strong>Manual de BitJig:<\/strong><\/p><\/div>\n\n<div class=\"wp-block-stackable-text stk-block-text stk-block stk-dcbba58\" data-block-id=\"dcbba58\"><p class=\"stk-block-text__text\">Descargue nuestros manuales de plantillas de estampaci\u00f3n para grabar correctamente sus arandelas met\u00e1licas.<\/p><\/div>\n\n<div class=\"wp-block-stackable-button-group stk-block-button-group stk-block stk-43b5c08\" data-block-id=\"43b5c08\"><div class=\"stk-row stk-inner-blocks stk-block-content stk-button-group\">\n<div class=\"wp-block-stackable-button stk-block-button my-animated-button stk-block stk-526dc3e\" data-block-id=\"526dc3e\"><style>.stk-526dc3e .stk-button{background:var(--theme-palette-color-1, #FE9412) !important;}.stk-526dc3e .stk-button:hover:after{background:var(--theme-palette-color-4, #0E0D12) !important;opacity:1 !important;}.stk-526dc3e .stk-button:before{border-style:solid !important;border-color:var(--theme-palette-color-1, #FE9412) !important;border-top-width:2px !important;border-right-width:2px !important;border-bottom-width:2px !important;border-left-width:2px !important;}.stk-526dc3e .stk-button:hover:before{border-color:var(--theme-palette-color-4, #0E0D12) !important;border-top-width:2px !important;border-right-width:2px !important;border-bottom-width:2px !important;border-left-width:2px !important;}.stk-526dc3e .stk-button__inner-text{font-size:14px !important;color:var(--theme-palette-color-8, #ffffff) !important;}.stk-526dc3e .stk-button:hover .stk-button__inner-text{color:var(--theme-palette-color-8, #ffffff) !important;}@media screen and (max-width:999px){.stk-526dc3e .stk-button__inner-text{font-size:14px !important;}}<\/style><a class=\"stk-link stk-button stk--hover-effect-lift\" href=\"https:\/\/hideyourkeys.io\/es\/producto\/bitjig-manual\/\" rel=\"noreferrer noopener\"><span class=\"has-text-color stk-button__inner-text\"><strong>DESCARGAR<\/strong><\/span><\/a><\/div>\n<\/div><\/div>\n\n<div class=\"wp-block-stackable-text stk-block-text stk-block stk-36cf19e\" data-block-id=\"36cf19e\"><p class=\"stk-block-text__text\"><strong>Macetas:<\/strong><\/p><\/div>\n\n<div class=\"wp-block-stackable-text stk-block-text stk-block stk-2942d2f\" data-block-id=\"2942d2f\"><p class=\"stk-block-text__text\">Consulte nuestro manual de macetas para ver c\u00f3mo ocultar sus frases de semillas en el interior.<\/p><\/div>\n\n<div class=\"wp-block-stackable-button-group stk-block-button-group stk-block stk-4290e67\" data-block-id=\"4290e67\"><div class=\"stk-row stk-inner-blocks stk-block-content stk-button-group\">\n<div class=\"wp-block-stackable-button stk-block-button my-animated-button stk-block stk-d34c3e5\" data-block-id=\"d34c3e5\"><style>.stk-d34c3e5 .stk-button{background:var(--theme-palette-color-1, #FE9412) !important;}.stk-d34c3e5 .stk-button:hover:after{background:var(--theme-palette-color-4, #0E0D12) !important;opacity:1 !important;}.stk-d34c3e5 .stk-button:before{border-style:solid !important;border-color:var(--theme-palette-color-1, #FE9412) !important;border-top-width:2px !important;border-right-width:2px !important;border-bottom-width:2px !important;border-left-width:2px !important;}.stk-d34c3e5 .stk-button:hover:before{border-color:var(--theme-palette-color-4, #0E0D12) !important;border-top-width:2px !important;border-right-width:2px !important;border-bottom-width:2px !important;border-left-width:2px !important;}.stk-d34c3e5 .stk-button__inner-text{font-size:14px !important;color:var(--theme-palette-color-8, #ffffff) !important;}.stk-d34c3e5 .stk-button:hover .stk-button__inner-text{color:var(--theme-palette-color-8, #ffffff) !important;}@media screen and (max-width:999px){.stk-d34c3e5 .stk-button__inner-text{font-size:14px !important;}}<\/style><a class=\"stk-link stk-button stk--hover-effect-lift\" href=\"https:\/\/hideyourkeys.io\/product\/succulent-pots-manual\/\" rel=\"noreferrer noopener\"><span class=\"has-text-color stk-button__inner-text\"><strong>DESCARGAR<\/strong><\/span><\/a><\/div>\n<\/div><\/div>\n\n<div class=\"wp-block-stackable-text stk-block-text stk-block stk-597c41e\" data-block-id=\"597c41e\"><p class=\"stk-block-text__text\"><strong>Jarrones:<\/strong><\/p><\/div>\n\n<div class=\"wp-block-stackable-text stk-block-text stk-block stk-272909e\" data-block-id=\"272909e\"><p class=\"stk-block-text__text\">\u00bfQuieres un lugar perfecto para esconder tu frase mnemonica? Consulte nuestro manual de jarrones<\/p><\/div>\n\n<div class=\"wp-block-stackable-button-group stk-block-button-group stk-block stk-502c116\" data-block-id=\"502c116\"><div class=\"stk-row stk-inner-blocks stk-block-content stk-button-group\">\n<div class=\"wp-block-stackable-button stk-block-button my-animated-button stk-block stk-a6a0e95\" data-block-id=\"a6a0e95\"><style>.stk-a6a0e95 .stk-button{background:var(--theme-palette-color-1, #FE9412) !important;}.stk-a6a0e95 .stk-button:hover:after{background:var(--theme-palette-color-4, #0E0D12) !important;opacity:1 !important;}.stk-a6a0e95 .stk-button:before{border-style:solid !important;border-color:var(--theme-palette-color-1, #FE9412) !important;border-top-width:2px !important;border-right-width:2px !important;border-bottom-width:2px !important;border-left-width:2px !important;}.stk-a6a0e95 .stk-button:hover:before{border-color:var(--theme-palette-color-4, #0E0D12) !important;border-top-width:2px !important;border-right-width:2px !important;border-bottom-width:2px !important;border-left-width:2px !important;}.stk-a6a0e95 .stk-button__inner-text{font-size:14px !important;color:var(--theme-palette-color-8, #ffffff) !important;}.stk-a6a0e95 .stk-button:hover .stk-button__inner-text{color:var(--theme-palette-color-8, #ffffff) !important;}@media screen and (max-width:999px){.stk-a6a0e95 .stk-button__inner-text{font-size:14px !important;}}<\/style><a class=\"stk-link stk-button stk--hover-effect-lift\" href=\"https:\/\/hideyourkeys.io\/es\/producto\/jarrones-manual\/\" rel=\"noreferrer noopener\"><span class=\"has-text-color stk-button__inner-text\"><strong>DESCARGAR<\/strong><\/span><\/a><\/div>\n<\/div><\/div>\n\n<div class=\"wp-block-stackable-text stk-block-text stk-block stk-d62c768\" data-block-id=\"d62c768\"><p class=\"stk-block-text__text\"><strong>Desag\u00fce de jard\u00edn:<\/strong><\/p><\/div>\n\n<div class=\"wp-block-stackable-text stk-block-text stk-block stk-a639ffd\" data-block-id=\"a639ffd\"><p class=\"stk-block-text__text\">\u00bfTienes un bonito jard\u00edn? Bueno, podr\u00eda ser un buen lugar para esconder tus llaves. Consulta nuestro manual:<\/p><\/div>\n\n<div class=\"wp-block-stackable-button-group stk-block-button-group stk-block stk-706c2c7\" data-block-id=\"706c2c7\"><div class=\"stk-row stk-inner-blocks stk-block-content stk-button-group\">\n<div class=\"wp-block-stackable-button stk-block-button my-animated-button stk-block stk-2ca94bf\" data-block-id=\"2ca94bf\"><style>.stk-2ca94bf .stk-button{background:var(--theme-palette-color-1, #FE9412) !important;}.stk-2ca94bf .stk-button:hover:after{background:var(--theme-palette-color-4, #0E0D12) !important;opacity:1 !important;}.stk-2ca94bf .stk-button:before{border-style:solid !important;border-color:var(--theme-palette-color-1, #FE9412) !important;border-top-width:2px !important;border-right-width:2px !important;border-bottom-width:2px !important;border-left-width:2px !important;}.stk-2ca94bf .stk-button:hover:before{border-color:var(--theme-palette-color-4, #0E0D12) !important;border-top-width:2px !important;border-right-width:2px !important;border-bottom-width:2px !important;border-left-width:2px !important;}.stk-2ca94bf .stk-button__inner-text{font-size:14px !important;color:var(--theme-palette-color-8, #ffffff) !important;}.stk-2ca94bf .stk-button:hover .stk-button__inner-text{color:var(--theme-palette-color-8, #ffffff) !important;}@media screen and (max-width:999px){.stk-2ca94bf .stk-button__inner-text{font-size:14px !important;}}<\/style><a class=\"stk-link stk-button stk--hover-effect-lift\" href=\"https:\/\/hideyourkeys.io\/es\/producto\/desague-de-jardin-manual\/\" rel=\"noreferrer noopener\"><span class=\"has-text-color stk-button__inner-text\"><strong>DESCARGAR<\/strong><\/span><\/a><\/div>\n<\/div><\/div>\n\n<div class=\"wp-block-stackable-text stk-block-text stk-block stk-a3f497b\" data-block-id=\"a3f497b\"><p class=\"stk-block-text__text\"><strong>Cartera de hardware:<\/strong><\/p><\/div>\n\n<div class=\"wp-block-stackable-text stk-block-text stk-block stk-a0cdb72\" data-block-id=\"a0cdb72\"><p class=\"stk-block-text__text\">\u00bfQuieres probar nuestro monedero electr\u00f3nico? Bueno, primero deber\u00edas leer el manual:<\/p><\/div>\n\n<div class=\"wp-block-stackable-button-group stk-block-button-group stk-block stk-8cda56f\" data-block-id=\"8cda56f\"><div class=\"stk-row stk-inner-blocks stk-block-content stk-button-group\">\n<div class=\"wp-block-stackable-button stk-block-button my-animated-button stk-block stk-56f5323\" data-block-id=\"56f5323\"><style>.stk-56f5323 .stk-button{background:var(--theme-palette-color-1, #FE9412) !important;}.stk-56f5323 .stk-button:hover:after{background:var(--theme-palette-color-4, #0E0D12) !important;opacity:1 !important;}.stk-56f5323 .stk-button:before{border-style:solid !important;border-color:var(--theme-palette-color-1, #FE9412) !important;border-top-width:2px !important;border-right-width:2px !important;border-bottom-width:2px !important;border-left-width:2px !important;}.stk-56f5323 .stk-button:hover:before{border-color:var(--theme-palette-color-4, #0E0D12) !important;border-top-width:2px !important;border-right-width:2px !important;border-bottom-width:2px !important;border-left-width:2px !important;}.stk-56f5323 .stk-button__inner-text{font-size:14px !important;color:var(--theme-palette-color-8, #ffffff) !important;}.stk-56f5323 .stk-button:hover .stk-button__inner-text{color:var(--theme-palette-color-8, #ffffff) !important;}@media screen and (max-width:999px){.stk-56f5323 .stk-button__inner-text{font-size:14px !important;}}<\/style><a class=\"stk-link stk-button stk--hover-effect-lift\" href=\"https:\/\/hideyourkeys.io\/es\/?attachment_id=16616\" rel=\"noreferrer noopener\"><span class=\"has-text-color stk-button__inner-text\"><strong>DESCARGAR<\/strong><\/span><\/a><\/div>\n<\/div><\/div>\n\n<div class=\"wp-block-stackable-heading stk-block-heading stk-block-heading--v2 stk-block stk-0797dec\" id=\"need-help\" data-block-id=\"0797dec\"><h2 class=\"stk-block-heading__text\">\u00bfNecesita ayuda?<\/h2><\/div>\n\n<div class=\"wp-block-stackable-text stk-block-text stk-block stk-6b416af\" data-block-id=\"6b416af\"><p class=\"stk-block-text__text\">P\u00f3ngase en contacto con nosotros en <strong>info@hideyourkeys.io<\/strong> para cualquier otra consulta<\/p><\/div>\n\n<p><\/p>\n","protected":false},"excerpt":{"rendered":"<p>En esta secci\u00f3n, encontrar\u00e1 descargas de nuestros manuales para los productos de la tienda, as\u00ed como gu\u00edas que le ayudar\u00e1n a entender las diferentes formas de autocustodia de Bitcoin\/Crypto. Archivos de Impresi\u00f3n 3D Descarga los archivos .STL para imprimir tu propia plantilla: BitJig Free: Si tienes una impresora 3D, puedes descargar los archivos .STL para [&hellip;]<\/p>\n","protected":false},"author":1,"featured_media":0,"parent":0,"menu_order":0,"comment_status":"closed","ping_status":"closed","template":"","meta":{"powered_cache_disable_cache":false,"powered_cache_disable_lazyload":false,"powered_cache_disable_css_optimization":false,"powered_cache_disable_js_optimization":false,"footnotes":""},"class_list":["post-4530","page","type-page","status-publish","hentry"],"blocksy_meta":[],"_links":{"self":[{"href":"https:\/\/hideyourkeys.io\/es\/wp-json\/wp\/v2\/pages\/4530","targetHints":{"allow":["GET"]}}],"collection":[{"href":"https:\/\/hideyourkeys.io\/es\/wp-json\/wp\/v2\/pages"}],"about":[{"href":"https:\/\/hideyourkeys.io\/es\/wp-json\/wp\/v2\/types\/page"}],"author":[{"embeddable":true,"href":"https:\/\/hideyourkeys.io\/es\/wp-json\/wp\/v2\/users\/1"}],"replies":[{"embeddable":true,"href":"https:\/\/hideyourkeys.io\/es\/wp-json\/wp\/v2\/comments?post=4530"}],"version-history":[{"count":0,"href":"https:\/\/hideyourkeys.io\/es\/wp-json\/wp\/v2\/pages\/4530\/revisions"}],"wp:attachment":[{"href":"https:\/\/hideyourkeys.io\/es\/wp-json\/wp\/v2\/media?parent=4530"}],"curies":[{"name":"wp","href":"https:\/\/api.w.org\/{rel}","templated":true}]}}