{"id":4552,"date":"2022-03-02T09:54:53","date_gmt":"2022-03-02T09:54:53","guid":{"rendered":"https:\/\/hideyourkeys.io\/politica-de-privacidad\/"},"modified":"2024-08-06T11:23:20","modified_gmt":"2024-08-06T11:23:20","slug":"politica-de-privacidad","status":"publish","type":"page","link":"https:\/\/hideyourkeys.io\/es\/politica-de-privacidad\/","title":{"rendered":"Pol\u00edtica de privacidad"},"content":{"rendered":"\n<div class=\"wp-block-stackable-text stk-block-text stk-block stk-182c3e1\" data-block-id=\"182c3e1\"><p class=\"stk-block-text__text has-text-align-justify\">Bienvenido a la secci\u00f3n de Pol\u00edtica de privacidad de HideYourKeys. Esta pol\u00edtica explica c\u00f3mo tratamos su informaci\u00f3n y datos personales cuando utiliza nuestro sitio web. Valoramos su privacidad y nos comprometemos a cumplir el Reglamento General de Protecci\u00f3n de Datos (RGPD) y el art\u00edculo 165 (3) de la Ley de Telecomunicaciones (TKG).<\/p><\/div>\n\n<div class=\"wp-block-stackable-text stk-block-text stk-block stk-f2867c8\" data-block-id=\"f2867c8\"><p class=\"stk-block-text__text has-text-align-justify\"><strong>1. Recogida y uso de datos:<\/strong> Recopilamos informaci\u00f3n personal como el nombre, la direcci\u00f3n de correo electr\u00f3nico, la direcci\u00f3n de env\u00edo y los datos de pago para procesar los pedidos y ofrecer una experiencia de compra fluida. Sus datos pueden ser utilizados para el cumplimiento de pedidos, seguimiento de pedidos, servicio al cliente y comunicaci\u00f3n sobre promociones y actualizaciones.<\/p><\/div>\n\n<div class=\"wp-block-stackable-text stk-block-text stk-block stk-585c68c\" data-block-id=\"585c68c\"><p class=\"stk-block-text__text\"><strong>2. Consentimiento y control de datos:<\/strong> Al utilizar nuestro sitio web y proporcionar su informaci\u00f3n, usted da su consentimiento a la recopilaci\u00f3n, uso y procesamiento de sus datos como se indica en esta pol\u00edtica.<\/p><\/div>\n\n<div class=\"wp-block-stackable-text stk-block-text stk-block stk-c9fadf3\" data-block-id=\"c9fadf3\"><p class=\"stk-block-text__text\"><strong>3. 3. Seguridad de los datos:<\/strong> Este sitio implementa medidas de seguridad para proteger sus datos de accesos no autorizados, divulgaci\u00f3n o alteraci\u00f3n. La informaci\u00f3n de pago est\u00e1 encriptada.<\/p><\/div>\n\n<div class=\"wp-block-stackable-text stk-block-text stk-block stk-510b4be\" data-block-id=\"510b4be\"><p class=\"stk-block-text__text\"><strong>4. Conservaci\u00f3n de datos:<\/strong> Conservamos sus datos personales \u00fanicamente durante el tiempo necesario para cumplir los fines descritos en esta pol\u00edtica o seg\u00fan lo exija la ley.<\/p><\/div>\n\n<div class=\"wp-block-stackable-text stk-block-text stk-block stk-7f842a2\" data-block-id=\"7f842a2\"><p class=\"stk-block-text__text\"><strong>5. Derechos de los interesados:<\/strong> Usted tiene derecho a acceder, rectificar o suprimir sus datos personales, as\u00ed como el derecho a restringir u oponerse al tratamiento.<\/p><\/div>\n\n<div class=\"wp-block-stackable-text stk-block-text stk-block stk-1f7fd98\" data-block-id=\"1f7fd98\"><p class=\"stk-block-text__text has-text-align-justify\"><strong>6. Cookies y seguimiento:<\/strong> Nuestro sitio web puede utilizar cookies para mejorar su experiencia de navegaci\u00f3n y analizar el tr\u00e1fico del sitio web. Consulte nuestra Pol\u00edtica de cookies para obtener m\u00e1s informaci\u00f3n.<\/p><\/div>\n\n<div class=\"wp-block-stackable-text stk-block-text stk-block stk-9b92cea\" data-block-id=\"9b92cea\"><p class=\"stk-block-text__text has-text-align-justify\">Para gestionar las cookies y tecnolog\u00edas similares utilizadas (p\u00edxeles de seguimiento, balizas web, etc.) y los consentimientos relacionados, utilizamos la herramienta de consentimiento \u00abReal Cookie Banner\u00bb. Encontrar\u00e1 informaci\u00f3n detallada sobre el funcionamiento de \u00abReal Cookie Banner\u00bb en <a href=\"https:\/\/devowl.io\/rcb\/data-processing\/\" rel=\"noreferrer noopener\" target=\"_blank\">https:\/\/devowl.io\/rcb\/data-processing\/.<\/a><\/p><\/div>\n\n<div class=\"wp-block-stackable-text stk-block-text stk-block stk-8626bfe\" data-block-id=\"8626bfe\"><p class=\"stk-block-text__text has-text-align-justify\">La base jur\u00eddica para el tratamiento de datos personales en este contexto es el art. 6 (1) lit. c GDPR y Art. 6 (1) lit. f GDPR. Nuestro inter\u00e9s leg\u00edtimo es la gesti\u00f3n de las cookies y tecnolog\u00edas similares utilizadas y los consentimientos relacionados.<\/p><\/div>\n\n<div class=\"wp-block-stackable-text stk-block-text stk-block stk-0685207\" data-block-id=\"0685207\"><p class=\"stk-block-text__text has-text-align-justify\">El suministro de datos personales no es ni contractualmente obligatorio ni necesario para la celebraci\u00f3n de un contrato. No est\u00e1 obligado a facilitar los datos personales. Si no facilita los datos personales, no podremos gestionar sus consentimientos.<\/p><\/div>\n\n<div class=\"wp-block-stackable-text stk-block-text stk-block stk-d835cc3\" data-block-id=\"d835cc3\"><p class=\"stk-block-text__text\"><strong>7. Servicios de terceros:<\/strong> Nuestro sitio web puede integrarse con servicios de terceros para el procesamiento de pagos y an\u00e1lisis. Consulte sus pol\u00edticas de privacidad por separado.<\/p><\/div>\n\n<div class=\"wp-block-stackable-text stk-block-text stk-block stk-1020084\" data-block-id=\"1020084\"><p class=\"stk-block-text__text has-text-align-justify\"><strong>8. Actualizaciones de la Pol\u00edtica de Privacidad:<\/strong> Esta Pol\u00edtica de Privacidad puede ser actualizada para reflejar cambios en las leyes de protecci\u00f3n de datos o en nuestras pr\u00e1cticas. Cualquier modificaci\u00f3n se publicar\u00e1 en nuestro sitio web.<\/p><\/div>\n\n<div class=\"wp-block-stackable-text stk-block-text stk-block stk-94c4526\" data-block-id=\"94c4526\"><p class=\"stk-block-text__text\"><strong>9. 10. Informaci\u00f3n de contacto:<\/strong> Para preguntas, dudas o solicitudes relacionadas con sus datos personales, p\u00f3ngase en contacto con nosotros en info@hideyourkeys.io<\/p><\/div>\n\n<div class=\"wp-block-stackable-text stk-block-text stk-block stk-a4464b6\" data-block-id=\"a4464b6\"><p class=\"stk-block-text__text has-text-align-justify\">Revise atentamente esta Pol\u00edtica de privacidad para saber c\u00f3mo se tratan sus datos. Al utilizar nuestro sitio web, usted acepta las condiciones establecidas en esta pol\u00edtica. Si tiene alguna pregunta o duda, no dude en ponerse en contacto con nosotros.<\/p><\/div>\n","protected":false},"excerpt":{"rendered":"<p>Bienvenido a la secci\u00f3n de Pol\u00edtica de privacidad de HideYourKeys. Esta pol\u00edtica explica c\u00f3mo tratamos su informaci\u00f3n y datos personales cuando utiliza nuestro sitio web. Valoramos su privacidad y nos comprometemos a cumplir el Reglamento General de Protecci\u00f3n de Datos (RGPD) y el art\u00edculo 165 (3) de la Ley de Telecomunicaciones (TKG). 1. Recogida y [&hellip;]<\/p>\n","protected":false},"author":1,"featured_media":0,"parent":0,"menu_order":0,"comment_status":"closed","ping_status":"open","template":"","meta":{"powered_cache_disable_cache":false,"powered_cache_disable_lazyload":false,"powered_cache_disable_css_optimization":false,"powered_cache_disable_js_optimization":false,"footnotes":""},"class_list":["post-4552","page","type-page","status-publish","hentry"],"blocksy_meta":[],"_links":{"self":[{"href":"https:\/\/hideyourkeys.io\/es\/wp-json\/wp\/v2\/pages\/4552","targetHints":{"allow":["GET"]}}],"collection":[{"href":"https:\/\/hideyourkeys.io\/es\/wp-json\/wp\/v2\/pages"}],"about":[{"href":"https:\/\/hideyourkeys.io\/es\/wp-json\/wp\/v2\/types\/page"}],"author":[{"embeddable":true,"href":"https:\/\/hideyourkeys.io\/es\/wp-json\/wp\/v2\/users\/1"}],"replies":[{"embeddable":true,"href":"https:\/\/hideyourkeys.io\/es\/wp-json\/wp\/v2\/comments?post=4552"}],"version-history":[{"count":0,"href":"https:\/\/hideyourkeys.io\/es\/wp-json\/wp\/v2\/pages\/4552\/revisions"}],"wp:attachment":[{"href":"https:\/\/hideyourkeys.io\/es\/wp-json\/wp\/v2\/media?parent=4552"}],"curies":[{"name":"wp","href":"https:\/\/api.w.org\/{rel}","templated":true}]}}