{"id":4560,"date":"2023-08-24T08:38:35","date_gmt":"2023-08-24T08:38:35","guid":{"rendered":"https:\/\/hideyourkeys.io\/politica-de-devoluciones-y-reembolsos\/"},"modified":"2024-08-06T11:23:20","modified_gmt":"2024-08-06T11:23:20","slug":"politica-de-devoluciones-y-reembolsos","status":"publish","type":"page","link":"https:\/\/hideyourkeys.io\/es\/politica-de-devoluciones-y-reembolsos\/","title":{"rendered":"Pol\u00edtica de devoluciones y reembolsos"},"content":{"rendered":"\n<p><\/p>\n\n<h3 class=\"wp-block-heading\">Visi\u00f3n general<\/h3>\n\n<div class=\"wp-block-stackable-text stk-block-text stk-block stk-7a03249\" data-block-id=\"7a03249\"><p class=\"stk-block-text__text has-text-align-justify\">Nuestra pol\u00edtica de reembolsos y devoluciones dura 14 d\u00edas. Si han transcurrido 14 d\u00edas desde su compra, no podemos ofrecerle un reembolso o cambio completo.<\/p><\/div>\n\n<div class=\"wp-block-stackable-text stk-block-text stk-block stk-96793be\" data-block-id=\"96793be\"><p class=\"stk-block-text__text has-text-align-justify\">Para poder realizar una devoluci\u00f3n, el art\u00edculo debe estar sin usar y en las mismas condiciones en las que lo recibi\u00f3. Tambi\u00e9n debe estar en el embalaje original. Para completar su devoluci\u00f3n, necesitamos un recibo o prueba de compra.<\/p><\/div>\n<h2>Reembolsos<\/h2>\n\n<div class=\"wp-block-stackable-text stk-block-text stk-block stk-51faa7c\" data-block-id=\"51faa7c\"><p class=\"stk-block-text__text has-text-align-justify\">Una vez recibida e inspeccionada su devoluci\u00f3n, le enviaremos un correo electr\u00f3nico para notificarle que hemos recibido su art\u00edculo devuelto. Tambi\u00e9n le notificaremos la aprobaci\u00f3n o denegaci\u00f3n de su devoluci\u00f3n. Si se aprueba, se procesar\u00e1 el reembolso y se aplicar\u00e1 autom\u00e1ticamente un cr\u00e9dito a su tarjeta de cr\u00e9dito o m\u00e9todo de pago original, en un plazo determinado de d\u00edas.<\/p><\/div>\n\n<div class=\"wp-block-stackable-text stk-block-text stk-block stk-23f8361\" data-block-id=\"23f8361\"><p class=\"stk-block-text__text\"><b>Reembolsos atrasados o no efectuados<\/b><\/p><\/div>\n\n<div class=\"wp-block-stackable-text stk-block-text stk-block stk-dcbba58\" data-block-id=\"dcbba58\"><p class=\"stk-block-text__text\">Si a\u00fan no ha recibido el reembolso, compruebe primero de nuevo su cuenta bancaria.<\/p><\/div>\n\n<div class=\"wp-block-stackable-text stk-block-text stk-block stk-36cf19e\" data-block-id=\"36cf19e\"><p class=\"stk-block-text__text\">A continuaci\u00f3n, p\u00f3ngase en contacto con la entidad emisora de su tarjeta de cr\u00e9dito, ya que el reembolso puede tardar alg\u00fan tiempo en hacerse efectivo oficialmente.<\/p><\/div>\n\n<div class=\"wp-block-stackable-text stk-block-text stk-block stk-2942d2f\" data-block-id=\"2942d2f\"><p class=\"stk-block-text__text\">A continuaci\u00f3n, p\u00f3ngase en contacto con su banco. A menudo transcurre cierto tiempo antes de que se contabilice el reembolso.<\/p><\/div>\n\n<div class=\"wp-block-stackable-text stk-block-text stk-block stk-597c41e\" data-block-id=\"597c41e\"><p class=\"stk-block-text__text\">Si ha hecho todo esto y a\u00fan no ha recibido el reembolso, p\u00f3ngase en contacto con nosotros en <strong>info@hideyourkeys.io<\/strong>.<\/p><\/div>\n<h2>Intercambios<\/h2>\n\n<div class=\"wp-block-stackable-text stk-block-text stk-block stk-4731d45\" data-block-id=\"4731d45\"><p class=\"stk-block-text__text has-text-align-justify\">S\u00f3lo sustituimos art\u00edculos si est\u00e1n defectuosos y sin usar. Si necesitas cambiarlo por el mismo art\u00edculo, env\u00edanos un correo electr\u00f3nico a <strong>info@hideyourkeys.io<\/strong> y te facilitaremos los datos para la devoluci\u00f3n.<\/p><\/div>\n<h2>Devoluciones<\/h2>\n\n<div class=\"wp-block-stackable-text stk-block-text stk-block stk-62b75cb\" data-block-id=\"62b75cb\"><p class=\"stk-block-text__text\">Para devolver su producto, debe ponerse en contacto con nosotros en <strong>info@hideyourkeys.io<\/strong>. <\/p><\/div>\n\n<div class=\"wp-block-stackable-text stk-block-text stk-block stk-04c1137\" data-block-id=\"04c1137\"><p class=\"stk-block-text__text has-text-align-justify\">Los gastos de env\u00edo de la devoluci\u00f3n correr\u00e1n por su cuenta. Los gastos de env\u00edo no son reembolsables. Si recibe un reembolso, se le descontar\u00e1n los gastos de env\u00edo de la devoluci\u00f3n.<\/p><\/div>\n\n<div class=\"wp-block-stackable-text stk-block-text stk-block stk-85d12fe\" data-block-id=\"85d12fe\"><p class=\"stk-block-text__text\">Dependiendo de d\u00f3nde viva, el tiempo que puede tardar en llegarle el producto intercambiado puede variar.<\/p><\/div>\n\n<div class=\"wp-block-stackable-text stk-block-text stk-block stk-7041a1d\" data-block-id=\"7041a1d\"><p class=\"stk-block-text__text has-text-align-justify\">Si va a devolver art\u00edculos m\u00e1s caros, puede considerar la posibilidad de utilizar un servicio de env\u00edo con seguimiento o contratar un seguro de env\u00edo. No garantizamos que recibamos el art\u00edculo devuelto.<\/p><\/div>\n<h2>\u00bfNecesita ayuda?<\/h2>\n\n<div class=\"wp-block-stackable-text stk-block-text stk-block stk-6b416af\" data-block-id=\"6b416af\"><p class=\"stk-block-text__text\">P\u00f3ngase en contacto con nosotros en <strong>info@hideyourkeys.io<\/strong> para cuestiones relacionadas con reembolsos y devoluciones.<\/p><\/div>\n","protected":false},"excerpt":{"rendered":"<p>Visi\u00f3n general Nuestra pol\u00edtica de reembolsos y devoluciones dura 14 d\u00edas. Si han transcurrido 14 d\u00edas desde su compra, no podemos ofrecerle un reembolso o cambio completo. Para poder realizar una devoluci\u00f3n, el art\u00edculo debe estar sin usar y en las mismas condiciones en las que lo recibi\u00f3. Tambi\u00e9n debe estar en el embalaje original. [&hellip;]<\/p>\n","protected":false},"author":1,"featured_media":0,"parent":0,"menu_order":0,"comment_status":"closed","ping_status":"closed","template":"","meta":{"powered_cache_disable_cache":false,"powered_cache_disable_lazyload":false,"powered_cache_disable_css_optimization":false,"powered_cache_disable_js_optimization":false,"footnotes":""},"class_list":["post-4560","page","type-page","status-publish","hentry"],"blocksy_meta":[],"_links":{"self":[{"href":"https:\/\/hideyourkeys.io\/es\/wp-json\/wp\/v2\/pages\/4560","targetHints":{"allow":["GET"]}}],"collection":[{"href":"https:\/\/hideyourkeys.io\/es\/wp-json\/wp\/v2\/pages"}],"about":[{"href":"https:\/\/hideyourkeys.io\/es\/wp-json\/wp\/v2\/types\/page"}],"author":[{"embeddable":true,"href":"https:\/\/hideyourkeys.io\/es\/wp-json\/wp\/v2\/users\/1"}],"replies":[{"embeddable":true,"href":"https:\/\/hideyourkeys.io\/es\/wp-json\/wp\/v2\/comments?post=4560"}],"version-history":[{"count":0,"href":"https:\/\/hideyourkeys.io\/es\/wp-json\/wp\/v2\/pages\/4560\/revisions"}],"wp:attachment":[{"href":"https:\/\/hideyourkeys.io\/es\/wp-json\/wp\/v2\/media?parent=4560"}],"curies":[{"name":"wp","href":"https:\/\/api.w.org\/{rel}","templated":true}]}}