{"id":4576,"date":"2023-08-24T12:58:33","date_gmt":"2023-08-24T12:58:33","guid":{"rendered":"https:\/\/hideyourkeys.io\/condiciones-generales\/"},"modified":"2024-08-06T11:23:20","modified_gmt":"2024-08-06T11:23:20","slug":"condiciones-generales","status":"publish","type":"page","link":"https:\/\/hideyourkeys.io\/es\/condiciones-generales\/","title":{"rendered":"Condiciones generales"},"content":{"rendered":"\n<div class=\"wp-block-stackable-text stk-block-text stk-block stk-8f55d4a\" data-block-id=\"8f55d4a\"><p class=\"stk-block-text__text\"><strong>Pol\u00edtica de atenci\u00f3n al cliente<\/strong><\/p><\/div>\n\n<div class=\"wp-block-stackable-text stk-block-text stk-block stk-6e7539c\" data-block-id=\"6e7539c\"><p class=\"stk-block-text__text has-text-align-justify\">En HideYourKeys, nos comprometemos a ofrecer un servicio al cliente excepcional y a garantizar el respeto de sus derechos de privacidad y protecci\u00f3n de datos de conformidad con el Reglamento General de Protecci\u00f3n de Datos (RGPD) y el art\u00edculo 165 (3) de la Ley de Telecomunicaciones (TKG). Por favor, t\u00f3mese un momento para familiarizarse con nuestra pol\u00edtica de servicio al cliente para entender c\u00f3mo manejamos varios aspectos de su experiencia de compra.<\/p><\/div>\n\n<div class=\"wp-block-stackable-text stk-block-text stk-block stk-b80cc6f\" data-block-id=\"b80cc6f\"><p class=\"stk-block-text__text has-text-align-justify\"><strong>1. Privacidad y protecci\u00f3n de datos:<\/strong> Valoramos su privacidad y manejamos su informaci\u00f3n personal de acuerdo con GDPR. Tiene derecho a saber c\u00f3mo se recogen, utilizan y almacenan sus datos. Para m\u00e1s detalles, consulte nuestra Pol\u00edtica de privacidad, disponible en nuestro sitio web.<\/p><\/div>\n\n<div class=\"wp-block-stackable-text stk-block-text stk-block stk-1677ba2\" data-block-id=\"1677ba2\"><p class=\"stk-block-text__text has-text-align-justify\"><strong>2. Pedido y env\u00edo:<\/strong> Tramitamos los pedidos con prontitud, con env\u00edo de mercanc\u00edas desde nuestro centro log\u00edstico en Europa. Los plazos de env\u00edo dentro de Europa son reducidos, lo que garantiza una entrega puntual. Recibir\u00e1 una confirmaci\u00f3n de pedido con informaci\u00f3n de seguimiento una vez que se env\u00ede su pedido. Para cualquier cuesti\u00f3n relacionada con su pedido, env\u00edo o seguimiento, nuestro equipo de atenci\u00f3n al cliente est\u00e1 a su disposici\u00f3n para ayudarle.<\/p><\/div>\n\n<div class=\"wp-block-stackable-text stk-block-text stk-block stk-ed6e674\" data-block-id=\"ed6e674\"><p class=\"stk-block-text__text has-text-align-justify\"><strong>3. Devoluciones y reembolsos:<\/strong> Si recibe un producto da\u00f1ado o incorrecto, p\u00f3ngase en contacto con nosotros en un plazo de 7 d\u00edas a partir de la entrega para recibir asistencia. Para los art\u00edculos no da\u00f1ados, nuestra pol\u00edtica de devoluciones permite devoluciones dentro de los 14 d\u00edas siguientes a la entrega. Consulte nuestra Pol\u00edtica de devoluciones y reembolsos para obtener instrucciones detalladas.<\/p><\/div>\n\n<div class=\"wp-block-stackable-text stk-block-text stk-block stk-bd7699e\" data-block-id=\"bd7699e\"><p class=\"stk-block-text__text has-text-align-justify\"><strong>4. Solicitudes de privacidad (art\u00edculos 13 y 14 del GDPR):<\/strong> Tiene derecho a acceder a sus datos personales y solicitar su correcci\u00f3n o eliminaci\u00f3n, seg\u00fan lo dispuesto por el GDPR. Si tiene alguna duda sobre el tratamiento de sus datos, p\u00f3ngase en contacto con nosotros en info@hideyourkeys.io.<\/p><\/div>\n\n<div class=\"wp-block-stackable-text stk-block-text stk-block stk-618223f\" data-block-id=\"618223f\"><p class=\"stk-block-text__text has-text-align-justify\"><strong>5. Contacto con el servicio de atenci\u00f3n al cliente:<\/strong> Nuestro equipo de atenci\u00f3n al cliente est\u00e1 disponible a trav\u00e9s de correo electr\u00f3nico, Nostr y otros medios sociales como se detalla en nuestra p\u00e1gina de inicio. Para consultas relacionadas con la protecci\u00f3n de datos y la privacidad, p\u00f3ngase en contacto con nosotros en info@hideyourkeys.io.<\/p><\/div>\n\n<div class=\"wp-block-stackable-text stk-block-text stk-block stk-15d1cc8\" data-block-id=\"15d1cc8\"><p class=\"stk-block-text__text has-text-align-justify\"><strong>6. 6. Comentarios y quejas:<\/strong> Agradecemos sus comentarios y nos esforzamos por resolver sus dudas lo antes posible. Si tiene alguna queja relacionada con la privacidad o la protecci\u00f3n de datos, p\u00f3ngase en contacto con nosotros en info@hideyourkeys.io.<\/p><\/div>\n\n<div class=\"wp-block-stackable-text stk-block-text stk-block stk-b40330e\" data-block-id=\"b40330e\"><p class=\"stk-block-text__text has-text-align-justify\"><strong>7. Actualizaciones de la Pol\u00edtica:<\/strong> La presente Pol\u00edtica de Atenci\u00f3n al Cliente podr\u00e1 actualizarse peri\u00f3dicamente. Cualquier cambio se comunicar\u00e1 en nuestro sitio web y puede requerir su consentimiento, si procede.<\/p><\/div>\n\n<div class=\"wp-block-stackable-text stk-block-text stk-block stk-da6b156\" data-block-id=\"da6b156\"><p class=\"stk-block-text__text has-text-align-justify\"><strong>8. Marco jur\u00eddico:<\/strong> Esta pol\u00edtica est\u00e1 alineada con las disposiciones de los art\u00edculos 13 y 14 del Reglamento General de Protecci\u00f3n de Datos (RGPD), as\u00ed como con el art\u00edculo 165 (3) de la Ley de Telecomunicaciones (TKG).<\/p><\/div>\n\n<div class=\"wp-block-stackable-text stk-block-text stk-block stk-3d2a58c\" data-block-id=\"3d2a58c\"><p class=\"stk-block-text__text has-text-align-justify\">Nuestro objetivo es ofrecer a nuestros clientes una experiencia de compra segura y sin complicaciones. Si tiene alguna pregunta o necesita ayuda, no dude en ponerse en contacto con nuestro equipo de atenci\u00f3n al cliente.<\/p><\/div>\n","protected":false},"excerpt":{"rendered":"<p>Pol\u00edtica de atenci\u00f3n al cliente En HideYourKeys, nos comprometemos a ofrecer un servicio al cliente excepcional y a garantizar el respeto de sus derechos de privacidad y protecci\u00f3n de datos de conformidad con el Reglamento General de Protecci\u00f3n de Datos (RGPD) y el art\u00edculo 165 (3) de la Ley de Telecomunicaciones (TKG). Por favor, t\u00f3mese [&hellip;]<\/p>\n","protected":false},"author":1,"featured_media":0,"parent":0,"menu_order":0,"comment_status":"closed","ping_status":"open","template":"","meta":{"powered_cache_disable_cache":false,"powered_cache_disable_lazyload":false,"powered_cache_disable_css_optimization":false,"powered_cache_disable_js_optimization":false,"footnotes":""},"class_list":["post-4576","page","type-page","status-publish","hentry"],"blocksy_meta":[],"_links":{"self":[{"href":"https:\/\/hideyourkeys.io\/es\/wp-json\/wp\/v2\/pages\/4576","targetHints":{"allow":["GET"]}}],"collection":[{"href":"https:\/\/hideyourkeys.io\/es\/wp-json\/wp\/v2\/pages"}],"about":[{"href":"https:\/\/hideyourkeys.io\/es\/wp-json\/wp\/v2\/types\/page"}],"author":[{"embeddable":true,"href":"https:\/\/hideyourkeys.io\/es\/wp-json\/wp\/v2\/users\/1"}],"replies":[{"embeddable":true,"href":"https:\/\/hideyourkeys.io\/es\/wp-json\/wp\/v2\/comments?post=4576"}],"version-history":[{"count":0,"href":"https:\/\/hideyourkeys.io\/es\/wp-json\/wp\/v2\/pages\/4576\/revisions"}],"wp:attachment":[{"href":"https:\/\/hideyourkeys.io\/es\/wp-json\/wp\/v2\/media?parent=4576"}],"curies":[{"name":"wp","href":"https:\/\/api.w.org\/{rel}","templated":true}]}}