{"id":10393,"date":"2024-02-03T11:29:45","date_gmt":"2024-02-03T11:29:45","guid":{"rendered":"https:\/\/hideyourkeys.io\/?post_type=product&#038;p=10393"},"modified":"2025-01-13T12:37:07","modified_gmt":"2025-01-13T12:37:07","slug":"frase-semilla-capsula-acero-mini-m6","status":"publish","type":"product","link":"https:\/\/hideyourkeys.io\/es\/producto\/frase-semilla-capsula-acero-mini-m6\/","title":{"rendered":"C\u00e1psula de acero para frase de recuperaci\u00f3n Mini (M6)"},"content":{"rendered":"<p>Estas c\u00e1psulas est\u00e1n dise\u00f1adas para almacenar de forma segura tus valiosas frases de recuperaci\u00f3n de Bitcoin u otras criptomonedas, asegurando que permanezcan seguras y protegidas. La c\u00e1psula de frase semilla de acero tambi\u00e9n es muy peque\u00f1a y compacta, por lo que es f\u00e1cil de llevar a donde quiera que vaya.<\/p>\n<p>Cada c\u00e1psula puede alojar un conjunto de arandelas met\u00e1licas estampadas (M6-18) hechas con nuestro <a href=\"https:\/\/hideyourkeys.io\/es\/producto\/bitjig-m6-pack-basico\/\">BitJig M6<\/a>, que muestran tu frase de recuperaci\u00f3n de Bitcoin o Cripto, proporcionando una capa adicional de protecci\u00f3n contra accesos no autorizados. Esta funci\u00f3n garantiza que sus valiosos activos Bitcoin est\u00e9n seguros y protegidos en todo momento.<\/p>\n<p>La semilla debe ser previamente estampada en arandelas met\u00e1licas, consulte nuestra estampadora para generar un respaldo de semilla adecuado. Este producto incluye un tornillo M6 que se ajusta a 24 arandelas (tambi\u00e9n incluidas) y una tuerca. Todos caben perfectamente dentro de la c\u00e1psula. La c\u00e1psula tiene una altura de 69 mm y un di\u00e1metro de 22 mm.<\/p>\n<p>Este producto contiene:<\/p>\n<ul>\n<li>Una (1) c\u00e1psula de almacenamiento en acero<\/li>\n<li>Juego de arandelas (25), con una (1) tuerca y un (1) tornillo<\/li>\n<\/ul>\n","protected":false},"excerpt":{"rendered":"<p>C\u00e1psula para guardar frase semilla grabada en metal. C\u00e1psula de frase semilla de acero para arandelas M6. <\/p>\n","protected":false},"featured_media":15066,"comment_status":"open","ping_status":"closed","template":"","meta":{"powered_cache_disable_cache":false,"powered_cache_disable_lazyload":false,"powered_cache_disable_css_optimization":false,"powered_cache_disable_js_optimization":false},"product_brand":[],"product_cat":[249],"product_tag":[303,390],"class_list":{"0":"post-10393","1":"product","2":"type-product","3":"status-publish","4":"has-post-thumbnail","6":"product_cat-estampadores-capsulas","7":"product_tag-capsula","8":"product_tag-ocultar-frase-semilla","10":"first","11":"instock","12":"taxable","13":"shipping-taxable","14":"purchasable","15":"product-type-variable"},"_links":{"self":[{"href":"https:\/\/hideyourkeys.io\/es\/wp-json\/wp\/v2\/product\/10393","targetHints":{"allow":["GET"]}}],"collection":[{"href":"https:\/\/hideyourkeys.io\/es\/wp-json\/wp\/v2\/product"}],"about":[{"href":"https:\/\/hideyourkeys.io\/es\/wp-json\/wp\/v2\/types\/product"}],"replies":[{"embeddable":true,"href":"https:\/\/hideyourkeys.io\/es\/wp-json\/wp\/v2\/comments?post=10393"}],"wp:featuredmedia":[{"embeddable":true,"href":"https:\/\/hideyourkeys.io\/es\/wp-json\/wp\/v2\/media\/15066"}],"wp:attachment":[{"href":"https:\/\/hideyourkeys.io\/es\/wp-json\/wp\/v2\/media?parent=10393"}],"wp:term":[{"taxonomy":"product_brand","embeddable":true,"href":"https:\/\/hideyourkeys.io\/es\/wp-json\/wp\/v2\/product_brand?post=10393"},{"taxonomy":"product_cat","embeddable":true,"href":"https:\/\/hideyourkeys.io\/es\/wp-json\/wp\/v2\/product_cat?post=10393"},{"taxonomy":"product_tag","embeddable":true,"href":"https:\/\/hideyourkeys.io\/es\/wp-json\/wp\/v2\/product_tag?post=10393"}],"curies":[{"name":"wp","href":"https:\/\/api.w.org\/{rel}","templated":true}]}}