{"id":10898,"date":"2024-05-19T17:40:26","date_gmt":"2024-05-19T17:40:26","guid":{"rendered":"https:\/\/hideyourkeys.io\/?post_type=product&#038;p=10898"},"modified":"2024-10-16T19:20:39","modified_gmt":"2024-10-16T19:20:39","slug":"entender-bitcoin-menos-1-hora","status":"publish","type":"product","link":"https:\/\/hideyourkeys.io\/es\/producto\/entender-bitcoin-menos-1-hora\/","title":{"rendered":"C\u00f3mo conseguir que entiendas Bitcoin en menos de 1 hora"},"content":{"rendered":"<p align=\"justify\"><span style=\"font-family: Liberation Sans, sans-serif; font-size: medium;\">\u00bfNo sabes c\u00f3mo empezar en bitcoin? La gu\u00eda de introducci\u00f3n perfecta para iniciarse en Bitcoin<\/span><\/p>\n","protected":false},"excerpt":{"rendered":"<p>\u00bfC\u00f3mo empezar en bitcoin? Comprender Bitcoin en menos de 1 hora<\/p>\n","protected":false},"featured_media":10972,"comment_status":"open","ping_status":"closed","template":"","meta":{"powered_cache_disable_cache":false,"powered_cache_disable_lazyload":false,"powered_cache_disable_css_optimization":false,"powered_cache_disable_js_optimization":false},"product_brand":[],"product_cat":[269],"product_tag":[296,391],"class_list":{"0":"post-10898","1":"product","2":"type-product","3":"status-publish","4":"has-post-thumbnail","6":"product_cat-guias-y-manuales","7":"product_tag-bitcoin-es","8":"product_tag-manual-es","10":"first","11":"instock","12":"downloadable","13":"taxable","14":"shipping-taxable","15":"purchasable","16":"product-type-simple"},"_links":{"self":[{"href":"https:\/\/hideyourkeys.io\/es\/wp-json\/wp\/v2\/product\/10898","targetHints":{"allow":["GET"]}}],"collection":[{"href":"https:\/\/hideyourkeys.io\/es\/wp-json\/wp\/v2\/product"}],"about":[{"href":"https:\/\/hideyourkeys.io\/es\/wp-json\/wp\/v2\/types\/product"}],"replies":[{"embeddable":true,"href":"https:\/\/hideyourkeys.io\/es\/wp-json\/wp\/v2\/comments?post=10898"}],"wp:featuredmedia":[{"embeddable":true,"href":"https:\/\/hideyourkeys.io\/es\/wp-json\/wp\/v2\/media\/10972"}],"wp:attachment":[{"href":"https:\/\/hideyourkeys.io\/es\/wp-json\/wp\/v2\/media?parent=10898"}],"wp:term":[{"taxonomy":"product_brand","embeddable":true,"href":"https:\/\/hideyourkeys.io\/es\/wp-json\/wp\/v2\/product_brand?post=10898"},{"taxonomy":"product_cat","embeddable":true,"href":"https:\/\/hideyourkeys.io\/es\/wp-json\/wp\/v2\/product_cat?post=10898"},{"taxonomy":"product_tag","embeddable":true,"href":"https:\/\/hideyourkeys.io\/es\/wp-json\/wp\/v2\/product_tag?post=10898"}],"curies":[{"name":"wp","href":"https:\/\/api.w.org\/{rel}","templated":true}]}}