{"id":11279,"date":"2024-06-06T13:32:24","date_gmt":"2024-06-06T13:32:24","guid":{"rendered":"https:\/\/hideyourkeys.io\/?post_type=product&#038;p=11279"},"modified":"2026-02-04T17:02:52","modified_gmt":"2026-02-04T17:02:52","slug":"bitjig-m8-pack-basico","status":"publish","type":"product","link":"https:\/\/hideyourkeys.io\/es\/producto\/bitjig-m8-pack-basico\/","title":{"rendered":"BitJig M8 Pack B\u00e1sico"},"content":{"rendered":"<p>Mant\u00e9n tus criptomonedas seguras y protegidas con nuestra soluci\u00f3n de almacenamiento todo en uno. Tenga la seguridad de que su criptomoneda est\u00e1 a salvo. Con este pack, puedes confiar en la seguridad de tus inversiones en criptomonedas y acceder f\u00e1cilmente a tus claves privadas cuando sea necesario. El BitJig es la alternativa perfecta para productos como BillFodl o Cryptotag para almacenar su frase semilla en metal. Obt\u00e9n tu frase de recuperaci\u00f3n de acero.<\/p>\n<p>Simplemente estampa tu frase en la arandela, gu\u00e1rdela en la c\u00e1psula y gu\u00e1rdela en un lugar seguro. Con las 25 arandelas incluidas, podr\u00e1 almacenar una frase de recuperaci\u00f3n de hasta 24 palabras, y una contrase\u00f1a o una pista en la arandela n\u00famero 25. Visite nuestra tienda para obtener <a href=\"https:\/\/hideyourkeys.io\/es\/producto\/capsula-frase-semilla-pack-de-3\/\">c\u00e1psulas y arandelas<\/a> adicionales para crear nuevas frases semilla.<\/p>\n<p>Este producto contiene:<\/p>\n<ul>\n<li>Un (1) BitJig<\/li>\n<li>Una (1) c\u00e1psula de almacenamiento de arandelas<\/li>\n<li>Juego de arandelas (25) con tornillo (1) y tuerca (1)<\/li>\n<li>Set de 36 sellos de alta calidad<\/li>\n<\/ul>\n<p>El mazo o martillo no est\u00e1 incluido. Recomendamos usar un mazo de acero de al menos 0,8-1 kg.<\/p>\n<p>En caso de que necesites un mazo, echa un vistazo a nuestro <a href=\"https:\/\/hideyourkeys.io\/es\/producto\/bitjig-m8-pack-avanzado\/\">pack avanzado.<\/a><\/p>\n<p>Consulta el manual de productos de nuestros <a href=\"https:\/\/hideyourkeys.io\/es\/producto\/bitjig-manual\/\">estampadores<\/a><\/p>\n","protected":false},"excerpt":{"rendered":"<p style=\"text-align: center;\">Pruebe nuestro pack de inicio BitJig para grabar sus frases con semillas en metal. Obtener un resultado n\u00edtido y fiable. Obt\u00e9n tu frase de recuperaci\u00f3n de acero.<\/p>\n","protected":false},"featured_media":19425,"comment_status":"open","ping_status":"closed","template":"","meta":{"powered_cache_disable_cache":false,"powered_cache_disable_lazyload":false,"powered_cache_disable_css_optimization":false,"powered_cache_disable_js_optimization":false},"product_brand":[],"product_cat":[249,272],"product_tag":[250,300,311,252,251],"class_list":{"0":"post-11279","1":"product","2":"type-product","3":"status-publish","4":"has-post-thumbnail","6":"product_cat-estampadores-capsulas","7":"product_cat-packs-y-otros","8":"product_tag-almacenamiento-metalico-de-semillas","9":"product_tag-bitjig-es","10":"product_tag-cartera-metalica-de-bitcoin","11":"product_tag-estampador-es","12":"product_tag-estampador","14":"first","15":"instock","16":"sale","17":"taxable","18":"shipping-taxable","19":"purchasable","20":"product-type-variable"},"_links":{"self":[{"href":"https:\/\/hideyourkeys.io\/es\/wp-json\/wp\/v2\/product\/11279","targetHints":{"allow":["GET"]}}],"collection":[{"href":"https:\/\/hideyourkeys.io\/es\/wp-json\/wp\/v2\/product"}],"about":[{"href":"https:\/\/hideyourkeys.io\/es\/wp-json\/wp\/v2\/types\/product"}],"replies":[{"embeddable":true,"href":"https:\/\/hideyourkeys.io\/es\/wp-json\/wp\/v2\/comments?post=11279"}],"wp:featuredmedia":[{"embeddable":true,"href":"https:\/\/hideyourkeys.io\/es\/wp-json\/wp\/v2\/media\/19425"}],"wp:attachment":[{"href":"https:\/\/hideyourkeys.io\/es\/wp-json\/wp\/v2\/media?parent=11279"}],"wp:term":[{"taxonomy":"product_brand","embeddable":true,"href":"https:\/\/hideyourkeys.io\/es\/wp-json\/wp\/v2\/product_brand?post=11279"},{"taxonomy":"product_cat","embeddable":true,"href":"https:\/\/hideyourkeys.io\/es\/wp-json\/wp\/v2\/product_cat?post=11279"},{"taxonomy":"product_tag","embeddable":true,"href":"https:\/\/hideyourkeys.io\/es\/wp-json\/wp\/v2\/product_tag?post=11279"}],"curies":[{"name":"wp","href":"https:\/\/api.w.org\/{rel}","templated":true}]}}