{"id":11466,"date":"2024-06-06T18:50:40","date_gmt":"2024-06-06T18:50:40","guid":{"rendered":"https:\/\/hideyourkeys.io\/?post_type=product&#038;p=11466"},"modified":"2025-04-09T19:41:05","modified_gmt":"2025-04-09T19:41:05","slug":"bitjig-manual","status":"publish","type":"product","link":"https:\/\/hideyourkeys.io\/es\/producto\/bitjig-manual\/","title":{"rendered":"Manual BitJig"},"content":{"rendered":"<p>Consulta nuestro Manual de BitJig para garantizar el uso correcto del producto. Aprenda a grabar su frase semilla en arandelas de metal, obteniendo resultados n\u00edtidos y brillantes. Consigue tus arandelas de frases de recuperaci\u00f3n de criptomonedas. <\/p>\n<p>We recommend downloading our manuals before purchasing the products, they are free. This way you will know what to expect when acquiring one of our products.<\/p>\n<p>Este manual pretende cubrir el uso de nuestras plantillas de estampaci\u00f3n, consulta algunos de nuestros packs como <a href=\"https:\/\/hideyourkeys.io\/es\/producto\/bitjig-m8-pack-basico\/\">BitJig<\/a> o <a href=\"https:\/\/hideyourkeys.io\/es\/producto\/bitjig-m6-pack-basico\/\">BitJig M6<\/a><\/p>\n<p>&nbsp;<\/p>\n","protected":false},"excerpt":{"rendered":"<p>Manual de nuestras plantillas de estampaci\u00f3n. Obt\u00e9n tu manual de arandelas de frases de recuperaci\u00f3n de criptomonedas. <\/p>\n","protected":false},"featured_media":12989,"comment_status":"open","ping_status":"closed","template":"","meta":{"powered_cache_disable_cache":false,"powered_cache_disable_lazyload":false,"powered_cache_disable_css_optimization":false,"powered_cache_disable_js_optimization":false},"product_brand":[],"product_cat":[269],"product_tag":[296,251,252,391],"class_list":{"0":"post-11466","1":"product","2":"type-product","3":"status-publish","4":"has-post-thumbnail","6":"product_cat-guias-y-manuales","7":"product_tag-bitcoin-es","8":"product_tag-estampador","9":"product_tag-estampador-es","10":"product_tag-manual-es","12":"first","13":"instock","14":"downloadable","15":"taxable","16":"shipping-taxable","17":"purchasable","18":"product-type-simple"},"_links":{"self":[{"href":"https:\/\/hideyourkeys.io\/es\/wp-json\/wp\/v2\/product\/11466","targetHints":{"allow":["GET"]}}],"collection":[{"href":"https:\/\/hideyourkeys.io\/es\/wp-json\/wp\/v2\/product"}],"about":[{"href":"https:\/\/hideyourkeys.io\/es\/wp-json\/wp\/v2\/types\/product"}],"replies":[{"embeddable":true,"href":"https:\/\/hideyourkeys.io\/es\/wp-json\/wp\/v2\/comments?post=11466"}],"wp:featuredmedia":[{"embeddable":true,"href":"https:\/\/hideyourkeys.io\/es\/wp-json\/wp\/v2\/media\/12989"}],"wp:attachment":[{"href":"https:\/\/hideyourkeys.io\/es\/wp-json\/wp\/v2\/media?parent=11466"}],"wp:term":[{"taxonomy":"product_brand","embeddable":true,"href":"https:\/\/hideyourkeys.io\/es\/wp-json\/wp\/v2\/product_brand?post=11466"},{"taxonomy":"product_cat","embeddable":true,"href":"https:\/\/hideyourkeys.io\/es\/wp-json\/wp\/v2\/product_cat?post=11466"},{"taxonomy":"product_tag","embeddable":true,"href":"https:\/\/hideyourkeys.io\/es\/wp-json\/wp\/v2\/product_tag?post=11466"}],"curies":[{"name":"wp","href":"https:\/\/api.w.org\/{rel}","templated":true}]}}