{"id":11735,"date":"2024-06-06T19:30:30","date_gmt":"2024-06-06T19:30:30","guid":{"rendered":"https:\/\/hideyourkeys.io\/?post_type=product&#038;p=11735"},"modified":"2025-12-31T09:50:34","modified_gmt":"2025-12-31T09:50:34","slug":"bitjig-m6-pack-basico","status":"publish","type":"product","link":"https:\/\/hideyourkeys.io\/es\/producto\/bitjig-m6-pack-basico\/","title":{"rendered":"BitJig M6 Pack B\u00e1sico"},"content":{"rendered":"<p>Mant\u00e9n tus criptomonedas seguras y protegidas con nuestra soluci\u00f3n de almacenamiento todo en uno. Tenga la seguridad de que su criptomoneda est\u00e1 a salvo. Con este pack, puedes confiar en la seguridad de tus inversiones en criptomonedas y acceder f\u00e1cilmente a tus claves privadas cuando sea necesario. El BitJig M6 es la alternativa perfecta al criptoacero para almacenar tu frase semilla en metal.<\/p>\n<p>Simplemente estampa tu frase en la arandela, gu\u00e1rdela en la c\u00e1psula y gu\u00e1rdela en un lugar seguro. Con las 25 arandelas incluidas, podr\u00e1 almacenar una frase de recuperaci\u00f3n de hasta 24 palabras, y una contrase\u00f1a o una pista en la arandela n\u00famero 25. Visite nuestra tienda para obtener <a href=\"https:\/\/hideyourkeys.io\/es\/producto\/capsula-frase-semilla-pack-de-3\/\">c\u00e1psulas y arandelas<\/a> adicionales para crear nuevas frases semilla.<\/p>\n<p>Este producto contiene:<\/p>\n<ul>\n<li>Un (1) BitJig Mini<\/li>\n<li>Una (1) c\u00e1psula de almacenamiento de frase de recuperaci\u00f3n con arandela Mini (C\u00e1psula Regular o C\u00e1psula de Acero, seg\u00fan la opci\u00f3n que elijas)<\/li>\n<li>Juego de arandelas (25) con tornillo (1) y tuerca (1)<\/li>\n<li>Set de 36 sellos de alta calidad<\/li>\n<\/ul>\n<p>Consulta nuestro <a href=\"https:\/\/hideyourkeys.io\/es\/producto\/bitjig-manual\/\">manual <\/a> del producto BitJig.<\/p>\n","protected":false},"excerpt":{"rendered":"<p>Prueba nuestro pack b\u00e1sico BitJig M6 para grabar tus frases semilla en metal. Obtener un resultado n\u00edtido y fiable.<\/p>\n<div id=\"simple-translate\" class=\"simple-translate-system-theme\">\n<div>\n<div class=\"simple-translate-button isShow\" style=\"background-image: url('moz-extension:\/\/e58e17f1-0cf9-401a-9796-79167c2b1a7d\/icons\/512.png'); height: 22px; width: 22px; top: 39px; left: 152px;\"><\/div>\n<div class=\"simple-translate-panel \" style=\"width: 300px; height: 200px; top: 0px; left: 0px; font-size: 13px;\">\n<div class=\"simple-translate-result-wrapper\" style=\"overflow: hidden;\">\n<div class=\"simple-translate-move\" draggable=\"true\"><\/div>\n<div class=\"simple-translate-result-contents\">\n<p class=\"simple-translate-candidate\" dir=\"auto\">\n<\/div>\n<\/div>\n<\/div>\n<\/div>\n<\/div>\n","protected":false},"featured_media":19597,"comment_status":"open","ping_status":"closed","template":"","meta":{"powered_cache_disable_cache":false,"powered_cache_disable_lazyload":false,"powered_cache_disable_css_optimization":false,"powered_cache_disable_js_optimization":false},"product_brand":[],"product_cat":[249,272],"product_tag":[250,300,311,251,252],"class_list":{"0":"post-11735","1":"product","2":"type-product","3":"status-publish","4":"has-post-thumbnail","6":"product_cat-estampadores-capsulas","7":"product_cat-packs-y-otros","8":"product_tag-almacenamiento-metalico-de-semillas","9":"product_tag-bitjig-es","10":"product_tag-cartera-metalica-de-bitcoin","11":"product_tag-estampador","12":"product_tag-estampador-es","14":"first","15":"instock","16":"sale","17":"featured","18":"taxable","19":"shipping-taxable","20":"purchasable","21":"product-type-variable"},"_links":{"self":[{"href":"https:\/\/hideyourkeys.io\/es\/wp-json\/wp\/v2\/product\/11735","targetHints":{"allow":["GET"]}}],"collection":[{"href":"https:\/\/hideyourkeys.io\/es\/wp-json\/wp\/v2\/product"}],"about":[{"href":"https:\/\/hideyourkeys.io\/es\/wp-json\/wp\/v2\/types\/product"}],"replies":[{"embeddable":true,"href":"https:\/\/hideyourkeys.io\/es\/wp-json\/wp\/v2\/comments?post=11735"}],"wp:featuredmedia":[{"embeddable":true,"href":"https:\/\/hideyourkeys.io\/es\/wp-json\/wp\/v2\/media\/19597"}],"wp:attachment":[{"href":"https:\/\/hideyourkeys.io\/es\/wp-json\/wp\/v2\/media?parent=11735"}],"wp:term":[{"taxonomy":"product_brand","embeddable":true,"href":"https:\/\/hideyourkeys.io\/es\/wp-json\/wp\/v2\/product_brand?post=11735"},{"taxonomy":"product_cat","embeddable":true,"href":"https:\/\/hideyourkeys.io\/es\/wp-json\/wp\/v2\/product_cat?post=11735"},{"taxonomy":"product_tag","embeddable":true,"href":"https:\/\/hideyourkeys.io\/es\/wp-json\/wp\/v2\/product_tag?post=11735"}],"curies":[{"name":"wp","href":"https:\/\/api.w.org\/{rel}","templated":true}]}}