{"id":12002,"date":"2024-06-17T20:11:25","date_gmt":"2024-06-17T20:11:25","guid":{"rendered":"https:\/\/hideyourkeys.io\/?post_type=product&#038;p=12002"},"modified":"2026-03-31T13:20:34","modified_gmt":"2026-03-31T13:20:34","slug":"bitjig-m8","status":"publish","type":"product","link":"https:\/\/hideyourkeys.io\/es\/producto\/bitjig-m8\/","title":{"rendered":"BitJig M8"},"content":{"rendered":"<p>El BitJig M8 es una herramienta utilizada para imprimir una frase de recuperaci\u00f3n (sus claves privadas o frase mnem\u00f3nica) en arandelas de metal, para Bitcoin u otras criptomonedas. Esta herramienta le permite crear y almacenar f\u00e1cilmente sus claves privadas de forma segura y duradera. El BitJig M8 se opera manualmente con un martillo (o preferiblemente un mazo), las tolerancias son perfectas para un conjunto de arandelas M8-24.<\/p>\n<p>Con esta herramienta, puedes confiar en la seguridad de sus inversiones en criptomonedas y acceder f\u00e1cilmente a sus claves privadas siempre que lo necesite. El BitJig es la alternativa perfecta para que productos como Billfodl o Cryptotag consigas tu frase semilla de acero.<\/p>\n<p>Esta plantilla de estampaci\u00f3n est\u00e1 dise\u00f1ada con un mecanismo que fija la arandela en su sitio durante el proceso de estampaci\u00f3n, lo que la hace m\u00e1s eficaz y precisa que otras soluciones. La plataforma de apoyo de la arandela tiene un di\u00e1metro de 6 cm, lo que proporciona una base estable y resistente a la que agarrarse mientras se estampa, eliminando el riesgo de lesiones por golpearse accidentalmente los dedos o por tener que aplicar una fuerza excesiva. El dise\u00f1o del BitJig tambi\u00e9n permite una impresi\u00f3n m\u00e1s precisa de la frase elegida o c\u00f3digo semilla, garantizando que las claves privadas almacenadas en las arandelas sean claramente legibles y f\u00e1ciles de leer.<\/p>\n<p>Este producto contiene:<\/p>\n<ul>\n<li>Un (1) BitJig M8.<\/li>\n<\/ul>\n<p>El mazo o martillo no est\u00e1 incluido. Recomendamos usar un mazo de acero de al menos 0,8-1 kg.<\/p>\n<p>En caso de que necesites un mazo, echa un vistazo a nuestro <a href=\"https:\/\/hideyourkeys.io\/es\/producto\/bitjig-m8-pack-avanzado\/\">pack avanzado. <\/a><\/p>\n<p>Para utilizar el BitJig, los usuarios necesitar\u00e1n sellos met\u00e1licos para imprimir en las arandelas la frase o el c\u00f3digo de semillas que hayan elegido. Consulta nuestra opci\u00f3n <a href=\"https:\/\/hideyourkeys.io\/es\/producto\/bitjig-m8-pack-basico\/\">Pack B\u00e1sico<\/a> si no tienes sellos.<\/p>\n<p>Consulta el <a href=\"https:\/\/hideyourkeys.io\/es\/producto\/bitjig-manual\/\">manual del producto.<\/a><\/p>\n<p>&nbsp;<\/p>\n<p>&nbsp;<\/p>\n","protected":false},"excerpt":{"rendered":"<p>BitJig M8 es una herramienta que se utiliza para grabar una frase semilla (frase de respaldo) en arandelas de metal, para almacenarla de forma segura. Obt\u00e9n tu frase de semilla de acero ahora. <\/p>\n","protected":false},"featured_media":19395,"comment_status":"open","ping_status":"closed","template":"","meta":{"powered_cache_disable_cache":false,"powered_cache_disable_lazyload":false,"powered_cache_disable_css_optimization":false,"powered_cache_disable_js_optimization":false},"product_brand":[],"product_cat":[249],"product_tag":[296,251,252],"class_list":{"0":"post-12002","1":"product","2":"type-product","3":"status-publish","4":"has-post-thumbnail","6":"product_cat-estampadores-capsulas","7":"product_tag-bitcoin-es","8":"product_tag-estampador","9":"product_tag-estampador-es","11":"first","12":"instock","13":"taxable","14":"shipping-taxable","15":"purchasable","16":"product-type-variable"},"_links":{"self":[{"href":"https:\/\/hideyourkeys.io\/es\/wp-json\/wp\/v2\/product\/12002","targetHints":{"allow":["GET"]}}],"collection":[{"href":"https:\/\/hideyourkeys.io\/es\/wp-json\/wp\/v2\/product"}],"about":[{"href":"https:\/\/hideyourkeys.io\/es\/wp-json\/wp\/v2\/types\/product"}],"replies":[{"embeddable":true,"href":"https:\/\/hideyourkeys.io\/es\/wp-json\/wp\/v2\/comments?post=12002"}],"wp:featuredmedia":[{"embeddable":true,"href":"https:\/\/hideyourkeys.io\/es\/wp-json\/wp\/v2\/media\/19395"}],"wp:attachment":[{"href":"https:\/\/hideyourkeys.io\/es\/wp-json\/wp\/v2\/media?parent=12002"}],"wp:term":[{"taxonomy":"product_brand","embeddable":true,"href":"https:\/\/hideyourkeys.io\/es\/wp-json\/wp\/v2\/product_brand?post=12002"},{"taxonomy":"product_cat","embeddable":true,"href":"https:\/\/hideyourkeys.io\/es\/wp-json\/wp\/v2\/product_cat?post=12002"},{"taxonomy":"product_tag","embeddable":true,"href":"https:\/\/hideyourkeys.io\/es\/wp-json\/wp\/v2\/product_tag?post=12002"}],"curies":[{"name":"wp","href":"https:\/\/api.w.org\/{rel}","templated":true}]}}