{"id":12075,"date":"2024-06-17T20:26:54","date_gmt":"2024-06-17T20:26:54","guid":{"rendered":"https:\/\/hideyourkeys.io\/?post_type=product&#038;p=12075"},"modified":"2026-04-13T20:40:12","modified_gmt":"2026-04-13T20:40:12","slug":"bitjig-m6","status":"publish","type":"product","link":"https:\/\/hideyourkeys.io\/es\/producto\/bitjig-m6\/","title":{"rendered":"BitJig M6"},"content":{"rendered":"<p>El BitJig M6 es una herramienta que se utiliza para imprimir una frase semilla en metal (sus claves privadas o frase mnemot\u00e9cnica en arandelas de metal), para Bitcoin u otras criptomonedas. Esta herramienta le permite crear y almacenar f\u00e1cilmente sus claves privadas de forma segura y duradera. El BitJig M6 se opera manualmente con un martillo (o preferiblemente un mazo), las tolerancias son perfectas para un conjunto de arandelas M6-18.<\/p>\n<p>Con esta herramienta, puedes confiar en la seguridad de sus inversiones en criptomonedas y acceder f\u00e1cilmente a sus claves privadas siempre que lo necesite. El BitJig es la alternativa perfecta para productos como Billfodl o Cryptotag para almacenar tu frase de recuperaci\u00f3n en metal.<\/p>\n<p>Esta plantilla de estampaci\u00f3n est\u00e1 dise\u00f1ada con un mecanismo que fija la arandela en su sitio durante el proceso de estampaci\u00f3n, lo que la hace m\u00e1s eficaz y precisa que otras soluciones. La plataforma de soporte para la arandela proporciona una base estable y resistente para sujetar durante el estampado, eliminando el riesgo de lesiones al golpear accidentalmente tus dedos o al tener que aplicar una fuerza excesiva. El dise\u00f1o del BitJig tambi\u00e9n permite una impresi\u00f3n m\u00e1s precisa de la frase elegida o c\u00f3digo semilla, garantizando que las claves privadas almacenadas en las arandelas sean claramente legibles y f\u00e1ciles de leer.<\/p>\n<p>Este producto contiene:<\/p>\n<ul>\n<li>Un (1) BitJig M6.<\/li>\n<\/ul>\n<p>El mazo o martillo no est\u00e1 incluido. Recomendamos el uso de un mazo de acero duro de al menos 0.8-1 kg. En caso de que necesite un mazo, eche un vistazo a nuestro <a>pack avanzado<\/a>.<\/p>\n<p>Para utilizar el BitJig, los usuarios necesitar\u00e1n sellos met\u00e1licos para imprimir en las arandelas la frase o el c\u00f3digo de semillas que hayan elegido. Consulta nuestra opci\u00f3n <a href=\"https:\/\/hideyourkeys.io\/es\/producto\/bitjig-m6-pack-basico\/\">Pack B\u00e1sico<\/a> si no tienes sellos.<\/p>\n<p>Consulta el <a href=\"https:\/\/hideyourkeys.io\/es\/producto\/bitjig-manual\/\">manual del producto.<\/a><\/p>\n<p>&nbsp;<\/p>\n<p>&nbsp;<\/p>\n","protected":false},"excerpt":{"rendered":"<p>BitJig M6 es una herramienta que se utiliza para grabar una frase semilla en metal (frase de respaldo en arandelas de metal), para almacenarla de forma segura<\/p>\n","protected":false},"featured_media":19522,"comment_status":"open","ping_status":"closed","template":"","meta":{"powered_cache_disable_cache":false,"powered_cache_disable_lazyload":false,"powered_cache_disable_css_optimization":false,"powered_cache_disable_js_optimization":false},"product_brand":[],"product_cat":[249],"product_tag":[296,251,252],"class_list":{"0":"post-12075","1":"product","2":"type-product","3":"status-publish","4":"has-post-thumbnail","6":"product_cat-estampadores-capsulas","7":"product_tag-bitcoin-es","8":"product_tag-estampador","9":"product_tag-estampador-es","10":"pa_color-gris-blanco","12":"first","13":"instock","14":"taxable","15":"shipping-taxable","16":"purchasable","17":"product-type-simple"},"_links":{"self":[{"href":"https:\/\/hideyourkeys.io\/es\/wp-json\/wp\/v2\/product\/12075","targetHints":{"allow":["GET"]}}],"collection":[{"href":"https:\/\/hideyourkeys.io\/es\/wp-json\/wp\/v2\/product"}],"about":[{"href":"https:\/\/hideyourkeys.io\/es\/wp-json\/wp\/v2\/types\/product"}],"replies":[{"embeddable":true,"href":"https:\/\/hideyourkeys.io\/es\/wp-json\/wp\/v2\/comments?post=12075"}],"wp:featuredmedia":[{"embeddable":true,"href":"https:\/\/hideyourkeys.io\/es\/wp-json\/wp\/v2\/media\/19522"}],"wp:attachment":[{"href":"https:\/\/hideyourkeys.io\/es\/wp-json\/wp\/v2\/media?parent=12075"}],"wp:term":[{"taxonomy":"product_brand","embeddable":true,"href":"https:\/\/hideyourkeys.io\/es\/wp-json\/wp\/v2\/product_brand?post=12075"},{"taxonomy":"product_cat","embeddable":true,"href":"https:\/\/hideyourkeys.io\/es\/wp-json\/wp\/v2\/product_cat?post=12075"},{"taxonomy":"product_tag","embeddable":true,"href":"https:\/\/hideyourkeys.io\/es\/wp-json\/wp\/v2\/product_tag?post=12075"}],"curies":[{"name":"wp","href":"https:\/\/api.w.org\/{rel}","templated":true}]}}