{"id":17177,"date":"2025-01-30T21:33:56","date_gmt":"2025-01-30T21:33:56","guid":{"rendered":"https:\/\/hideyourkeys.io\/product\/aluminum-seed-phrase-capsule-m8\/"},"modified":"2025-01-31T09:05:26","modified_gmt":"2025-01-31T09:05:26","slug":"capsula-frase-semilla-aluminio-m8","status":"publish","type":"product","link":"https:\/\/hideyourkeys.io\/es\/producto\/capsula-frase-semilla-aluminio-m8\/","title":{"rendered":"C\u00e1psula para frase de recuperaci\u00f3n de aluminio (M8)"},"content":{"rendered":"<p>Protege tu frase de recuperaci\u00f3n con la C\u00e1psula de Aluminio para Frase de Recuperaci\u00f3n (M8), una soluci\u00f3n duradera y segura dise\u00f1ada para resguardar tus palabras de recuperaci\u00f3n. Fabricada en aluminio de alta calidad, esta c\u00e1psula protege tu informaci\u00f3n sensible del agua, la corrosi\u00f3n y otras amenazas que podr\u00edan comprometer tus activos criptogr\u00e1ficos. Cada c\u00e1psula puede contener un conjunto de arandelas met\u00e1licas estampadas (M8-24) fabricadas con nuestro BitJig M8.<\/p>\n<p>La semilla debe ser previamente estampada en arandelas met\u00e1licas, consulte nuestra estampadora para generar un respaldo de semilla adecuado. Este producto incluye un tornillo M8 que se adapta a 24 arandelas (tambi\u00e9n incluidas) y una tuerca. Todos caben perfectamente dentro de la c\u00e1psula. La c\u00e1psula tiene 100 mm de altura y 30 mm de di\u00e1metro.<\/p>\n<p>Este producto contiene:<\/p>\n<p>Una (1) c\u00e1psula de almacenamiento en aluminio<br \/>\nJuego de arandelas (25), con una (1) tuerca y un (1) tornillo<\/p>\n","protected":false},"excerpt":{"rendered":"<p>Una c\u00e1psula de aluminio impermeable y resistente a la corrosi\u00f3n dise\u00f1ada para almacenar de forma segura su frase de recuperaci\u00f3n de criptomonedas.<\/p>\n","protected":false},"featured_media":17166,"comment_status":"open","ping_status":"closed","template":"","meta":{"powered_cache_disable_cache":false,"powered_cache_disable_lazyload":false,"powered_cache_disable_css_optimization":false,"powered_cache_disable_js_optimization":false},"product_brand":[],"product_cat":[249],"product_tag":[296],"class_list":{"0":"post-17177","1":"product","2":"type-product","3":"status-publish","4":"has-post-thumbnail","6":"product_cat-estampadores-capsulas","7":"product_tag-bitcoin-es","9":"first","10":"instock","11":"taxable","12":"shipping-taxable","13":"purchasable","14":"product-type-variable"},"_links":{"self":[{"href":"https:\/\/hideyourkeys.io\/es\/wp-json\/wp\/v2\/product\/17177","targetHints":{"allow":["GET"]}}],"collection":[{"href":"https:\/\/hideyourkeys.io\/es\/wp-json\/wp\/v2\/product"}],"about":[{"href":"https:\/\/hideyourkeys.io\/es\/wp-json\/wp\/v2\/types\/product"}],"replies":[{"embeddable":true,"href":"https:\/\/hideyourkeys.io\/es\/wp-json\/wp\/v2\/comments?post=17177"}],"wp:featuredmedia":[{"embeddable":true,"href":"https:\/\/hideyourkeys.io\/es\/wp-json\/wp\/v2\/media\/17166"}],"wp:attachment":[{"href":"https:\/\/hideyourkeys.io\/es\/wp-json\/wp\/v2\/media?parent=17177"}],"wp:term":[{"taxonomy":"product_brand","embeddable":true,"href":"https:\/\/hideyourkeys.io\/es\/wp-json\/wp\/v2\/product_brand?post=17177"},{"taxonomy":"product_cat","embeddable":true,"href":"https:\/\/hideyourkeys.io\/es\/wp-json\/wp\/v2\/product_cat?post=17177"},{"taxonomy":"product_tag","embeddable":true,"href":"https:\/\/hideyourkeys.io\/es\/wp-json\/wp\/v2\/product_tag?post=17177"}],"curies":[{"name":"wp","href":"https:\/\/api.w.org\/{rel}","templated":true}]}}