{"id":17629,"date":"2025-02-19T20:21:18","date_gmt":"2025-02-19T20:21:18","guid":{"rendered":"https:\/\/hideyourkeys.io\/?post_type=product&#038;p=17629"},"modified":"2025-02-24T20:10:37","modified_gmt":"2025-02-24T20:10:37","slug":"bitjig-m14","status":"publish","type":"product","link":"https:\/\/hideyourkeys.io\/es\/producto\/bitjig-m14\/","title":{"rendered":"BitJig M14"},"content":{"rendered":"<p>El BitJig M14 es una herramienta utilizada para imprimir una frase de recuperaci\u00f3n (tus claves privadas o frase mnemot\u00e9cnica) en una gran arandela met\u00e1lica, para Bitcoin u otras criptomonedas, obteniendo as\u00ed una frase de recuperaci\u00f3n de acero compacto. Esta herramienta le permite crear y almacenar f\u00e1cilmente sus claves privadas de forma segura y duradera. El BitJig M14 se opera manualmente con un martillo (o un mazo, preferiblemente), las tolerancias son perfectas para una arandela M14-44.<\/p>\n<p>Con esta herramienta, puedes confiar en la seguridad de sus inversiones en criptomonedas y acceder f\u00e1cilmente a sus claves privadas siempre que lo necesite. El BitJig es la alternativa perfecta a productos como Billfodl o Cryptotag para obtener tu frase de recuperaci\u00f3n de acero compacto.<\/p>\n<p>Esta plantilla de estampaci\u00f3n est\u00e1 dise\u00f1ada con un mecanismo que fija la arandela en su sitio durante el proceso de estampaci\u00f3n, lo que la hace m\u00e1s eficaz y precisa que otras soluciones. The support platform offers a stable and sturdy base to hold onto while stamping, eliminating the risk of injury from accidentally hitting your fingers or needing to apply excessive force. The BitJig&#8217;s design also allows for a more precise imprint of the chosen phrase or seed code, ensuring that the private keys stored on the washer are clearly legible and easy to read, getting a compact steel seed phrase.<\/p>\n<p>Este producto contiene:<\/p>\n<ul>\n<li>Un (1) BitJig M14.<\/li>\n<\/ul>\n<p>El mazo o martillo no est\u00e1 incluido. Recomendamos usar un mazo de acero de al menos 0,8-1 kg.<\/p>\n<p>En caso de que necesites un mazo, echa un vistazo a nuestro pack avanzado.<\/p>\n<p>Para usar el BitJig, los usuarios necesitar\u00e1n sellos met\u00e1licos de 6 mm de lado para imprimir la frase o c\u00f3digo de recuperaci\u00f3n elegido en la arandela. Consulta nuestra opci\u00f3n de paquete b\u00e1sico si no tienes sellos.<\/p>\n<p>Consulta el <a href=\"https:\/\/hideyourkeys.io\/es\/producto\/bitjig-manual\/\">manual del producto.<\/a><\/p>\n<p>&nbsp;<\/p>\n<p>&nbsp;<\/p>\n","protected":false},"excerpt":{"rendered":"<p>El BitJig M14 es una herramienta utilizada para grabar una frase de recuperaci\u00f3n (frase de respaldo) en arandelas met\u00e1licas, para almacenarla de forma segura. Consigue ahora tu frase de recuperaci\u00f3n de acero compacto.<\/p>\n","protected":false},"featured_media":19674,"comment_status":"open","ping_status":"closed","template":"","meta":{"powered_cache_disable_cache":false,"powered_cache_disable_lazyload":false,"powered_cache_disable_css_optimization":false,"powered_cache_disable_js_optimization":false},"product_brand":[],"product_cat":[249],"product_tag":[296,251,252],"class_list":{"0":"post-17629","1":"product","2":"type-product","3":"status-publish","4":"has-post-thumbnail","6":"product_cat-estampadores-capsulas","7":"product_tag-bitcoin-es","8":"product_tag-estampador","9":"product_tag-estampador-es","11":"first","12":"instock","13":"taxable","14":"shipping-taxable","15":"purchasable","16":"product-type-simple"},"_links":{"self":[{"href":"https:\/\/hideyourkeys.io\/es\/wp-json\/wp\/v2\/product\/17629","targetHints":{"allow":["GET"]}}],"collection":[{"href":"https:\/\/hideyourkeys.io\/es\/wp-json\/wp\/v2\/product"}],"about":[{"href":"https:\/\/hideyourkeys.io\/es\/wp-json\/wp\/v2\/types\/product"}],"replies":[{"embeddable":true,"href":"https:\/\/hideyourkeys.io\/es\/wp-json\/wp\/v2\/comments?post=17629"}],"wp:featuredmedia":[{"embeddable":true,"href":"https:\/\/hideyourkeys.io\/es\/wp-json\/wp\/v2\/media\/19674"}],"wp:attachment":[{"href":"https:\/\/hideyourkeys.io\/es\/wp-json\/wp\/v2\/media?parent=17629"}],"wp:term":[{"taxonomy":"product_brand","embeddable":true,"href":"https:\/\/hideyourkeys.io\/es\/wp-json\/wp\/v2\/product_brand?post=17629"},{"taxonomy":"product_cat","embeddable":true,"href":"https:\/\/hideyourkeys.io\/es\/wp-json\/wp\/v2\/product_cat?post=17629"},{"taxonomy":"product_tag","embeddable":true,"href":"https:\/\/hideyourkeys.io\/es\/wp-json\/wp\/v2\/product_tag?post=17629"}],"curies":[{"name":"wp","href":"https:\/\/api.w.org\/{rel}","templated":true}]}}