{"id":17744,"date":"2025-02-19T21:13:26","date_gmt":"2025-02-19T21:13:26","guid":{"rendered":"https:\/\/hideyourkeys.io\/?post_type=product&#038;p=17744"},"modified":"2025-07-15T00:00:11","modified_gmt":"2025-07-15T00:00:11","slug":"bitjig-m14-pack-avanzado","status":"publish","type":"product","link":"https:\/\/hideyourkeys.io\/es\/producto\/bitjig-m14-pack-avanzado\/","title":{"rendered":"BitJig M14 Pack Avanzado"},"content":{"rendered":"<p>Mant\u00e9n tus criptomonedas seguras y protegidas con nuestra soluci\u00f3n de almacenamiento todo en uno. Con nuestro pack b\u00e1sico BitJig M14, tu Bitcoin o criptomoneda est\u00e1 seguro y protegido. Te permite tener una arandela de frase de recuperaci\u00f3n Bitcoin como respaldo. Con este pack, puedes confiar en la seguridad de tus inversiones en criptomonedas y acceder f\u00e1cilmente a tus claves privadas cuando sea necesario. El BitJig es la alternativa perfecta a productos como BillFodl o Cryptotag para almacenar tu frase de recuperaci\u00f3n de Bitcoin compacta en metal.<\/p>\n<p>Simplemente estampa tu frase en la arandela, gu\u00e1rdela en la c\u00e1psula y gu\u00e1rdela en un lugar seguro. La c\u00e1psula de la arandela cuenta con un im\u00e1n que te permitir\u00e1 pegarla a cualquier superficie met\u00e1lica. Visite nuestra tienda para obtener c\u00e1psulas y arandelas adicionales para crear nuevas frases semilla.<\/p>\n<p>Este producto contiene:<\/p>\n<ul>\n<li>Un (1) BitJig M14<\/li>\n<li>Dos (2) c\u00e1psulas magn\u00e9ticas para arandelas<\/li>\n<li>Duas (2) arruelas de 44 mm de di\u00e2metro<\/li>\n<li>Set de 36 sellos de alta calidad<\/li>\n<li>Un mazo de acero (0,8 kg)<\/li>\n<\/ul>\n<p>Consulta el manual de productos de nuestros <a href=\"https:\/\/hideyourkeys.io\/es\/producto\/bitjig-manual\/\">estampadores<\/a><\/p>\n","protected":false},"excerpt":{"rendered":"<p>Prueba nuestro pack BitJig M14 para grabar tus frases de recuperaci\u00f3n en metal. Un resultado n\u00edtido y confiable, una gran arandela de frase de recuperaci\u00f3n Bitcoin en un tama\u00f1o compacto.<\/p>\n","protected":false},"featured_media":19689,"comment_status":"open","ping_status":"closed","template":"","meta":{"powered_cache_disable_cache":false,"powered_cache_disable_lazyload":false,"powered_cache_disable_css_optimization":false,"powered_cache_disable_js_optimization":false},"product_brand":[],"product_cat":[249,272],"product_tag":[250,300,311,252,251],"class_list":{"0":"post-17744","1":"product","2":"type-product","3":"status-publish","4":"has-post-thumbnail","6":"product_cat-estampadores-capsulas","7":"product_cat-packs-y-otros","8":"product_tag-almacenamiento-metalico-de-semillas","9":"product_tag-bitjig-es","10":"product_tag-cartera-metalica-de-bitcoin","11":"product_tag-estampador-es","12":"product_tag-estampador","14":"first","15":"instock","16":"sale","17":"taxable","18":"shipping-taxable","19":"purchasable","20":"product-type-variable"},"_links":{"self":[{"href":"https:\/\/hideyourkeys.io\/es\/wp-json\/wp\/v2\/product\/17744","targetHints":{"allow":["GET"]}}],"collection":[{"href":"https:\/\/hideyourkeys.io\/es\/wp-json\/wp\/v2\/product"}],"about":[{"href":"https:\/\/hideyourkeys.io\/es\/wp-json\/wp\/v2\/types\/product"}],"replies":[{"embeddable":true,"href":"https:\/\/hideyourkeys.io\/es\/wp-json\/wp\/v2\/comments?post=17744"}],"wp:featuredmedia":[{"embeddable":true,"href":"https:\/\/hideyourkeys.io\/es\/wp-json\/wp\/v2\/media\/19689"}],"wp:attachment":[{"href":"https:\/\/hideyourkeys.io\/es\/wp-json\/wp\/v2\/media?parent=17744"}],"wp:term":[{"taxonomy":"product_brand","embeddable":true,"href":"https:\/\/hideyourkeys.io\/es\/wp-json\/wp\/v2\/product_brand?post=17744"},{"taxonomy":"product_cat","embeddable":true,"href":"https:\/\/hideyourkeys.io\/es\/wp-json\/wp\/v2\/product_cat?post=17744"},{"taxonomy":"product_tag","embeddable":true,"href":"https:\/\/hideyourkeys.io\/es\/wp-json\/wp\/v2\/product_tag?post=17744"}],"curies":[{"name":"wp","href":"https:\/\/api.w.org\/{rel}","templated":true}]}}