{"id":17814,"date":"2025-02-23T17:04:42","date_gmt":"2025-02-23T17:04:42","guid":{"rendered":"https:\/\/hideyourkeys.io\/?post_type=product&#038;p=17814"},"modified":"2025-02-23T18:50:34","modified_gmt":"2025-02-23T18:50:34","slug":"krux","status":"publish","type":"product","link":"https:\/\/hideyourkeys.io\/es\/producto\/krux\/","title":{"rendered":"Krux Wallet"},"content":{"rendered":"<p>Krux es una billetera de hardware de c\u00f3digo abierto dise\u00f1ada para una autogesti\u00f3n segura de Bitcoin. La billetera de hardware Krux opera offline, permitiendo a los usuarios generar y firmar transacciones sin exponer las claves privadas a amenazas en l\u00ednea. Su dise\u00f1o minimalista y su firmware auditable aseguran una soluci\u00f3n de seguridad confiable y verificable.  <\/p>\n<div class=\"flex max-w-full flex-col flex-grow\">\n<div class=\"min-h-8 text-message flex w-full flex-col items-end gap-2 whitespace-normal break-words text-start [.text-message+&amp;]:mt-5\" dir=\"auto\" data-message-author-role=\"assistant\" data-message-id=\"4021c7ea-7af2-49a9-9b99-ff2aeb3090ca\" data-message-model-slug=\"gpt-4o\">\n<div class=\"flex w-full flex-col gap-1 empty:hidden first:pt-[3px]\">\n<div class=\"markdown prose w-full break-words dark:prose-invert dark\">\n<p data-start=\"0\" data-end=\"448\" data-is-last-node=\"\" data-is-only-node=\"\">Ofrecemos dos opciones. Puedes adquirir la <strong data-start=\"117\" data-end=\"145\">billetera de hardware completa,<\/strong> completamente ensamblada y lista para usar con todas las funciones de Krux, o solo<strong data-start=\"216\" data-end=\"245\"> la carcasa trasera<\/strong> para un Wonder MV, dise\u00f1ada espec\u00edficamente para este dispositivo, con el s\u00edmbolo Krux impreso en 3D. <\/p>\n<\/div>\n<\/div>\n<\/div>\n<\/div>\n<p><strong>Caracter\u00edsticas principales:<\/strong><\/p>\n<ul>\n<li data-start=\"50\" data-end=\"115\"><strong data-start=\"52\" data-end=\"68\">Open-source:<\/strong> Transparente y verificable por la comunidad.<\/li>\n<li data-start=\"116\" data-end=\"204\"><strong data-start=\"118\" data-end=\"139\">Totalmente aislado: <\/strong>Funciona sin conexi\u00f3n a Internet para mayor seguridad.<\/li>\n<li data-start=\"205\" data-end=\"301\"><strong data-start=\"207\" data-end=\"254\">Firma y generaci\u00f3n de transacciones fuera de l\u00ednea: <\/strong>Mantiene las claves privadas a salvo de amenazas en l\u00ednea.<\/li>\n<li data-start=\"302\" data-end=\"379\"><strong data-start=\"304\" data-end=\"340\">Compatibilidad con los est\u00e1ndares de Bitcoin:<\/strong> Soporta BIP-39, BIP-32 y BIP-85.<\/li>\n<li data-start=\"380\" data-end=\"433\"><strong data-start=\"382\" data-end=\"407\">Interfaz minimalista:<\/strong> Simple y f\u00e1cil de usar.<\/li>\n<li data-start=\"434\" data-end=\"512\"><strong data-start=\"436\" data-end=\"459\">Firmware auditable:<\/strong> Puede ser revisado, modificado y verificado por cualquiera.<\/li>\n<li data-start=\"513\" data-end=\"597\"><strong data-start=\"515\" data-end=\"553\">Soporta m\u00faltiples formatos de direcciones: <\/strong>Incluye SegWit nativo (bech32) y m\u00e1s.<\/li>\n<li data-start=\"598\" data-end=\"689\"><strong data-start=\"600\" data-end=\"626\">Opciones de respaldo seguras:<\/strong> Compatible con frases de recuperaci\u00f3n y otros m\u00e9todos de seguridad.<\/li>\n<\/ul>\n<p>Toma el control total de la seguridad de tu Bitcoin con la billetera de hardware Krux y protege tus fondos con confianza.<\/p>\n","protected":false},"excerpt":{"rendered":"<p>Krux es una billetera de hardware de c\u00f3digo abierto dise\u00f1ada para una autogesti\u00f3n segura de Bitcoin. La billetera de hardware Krux opera offline, permitiendo a los usuarios generar y firmar transacciones sin exponer las claves privadas a amenazas en l\u00ednea. Su dise\u00f1o minimalista y su firmware auditable aseguran una soluci\u00f3n de seguridad confiable y verificable.  <\/p>\n","protected":false},"featured_media":17838,"comment_status":"open","ping_status":"closed","template":"","meta":{"powered_cache_disable_cache":false,"powered_cache_disable_lazyload":false,"powered_cache_disable_css_optimization":false,"powered_cache_disable_js_optimization":false},"product_brand":[],"product_cat":[272],"product_tag":[296,774],"class_list":{"0":"post-17814","1":"product","2":"type-product","3":"status-publish","4":"has-post-thumbnail","6":"product_cat-packs-y-otros","7":"product_tag-bitcoin-es","8":"product_tag-seedsigner-es","9":"pa_color-negro","11":"first","12":"instock","13":"taxable","14":"shipping-taxable","15":"purchasable","16":"product-type-variable"},"_links":{"self":[{"href":"https:\/\/hideyourkeys.io\/es\/wp-json\/wp\/v2\/product\/17814","targetHints":{"allow":["GET"]}}],"collection":[{"href":"https:\/\/hideyourkeys.io\/es\/wp-json\/wp\/v2\/product"}],"about":[{"href":"https:\/\/hideyourkeys.io\/es\/wp-json\/wp\/v2\/types\/product"}],"replies":[{"embeddable":true,"href":"https:\/\/hideyourkeys.io\/es\/wp-json\/wp\/v2\/comments?post=17814"}],"wp:featuredmedia":[{"embeddable":true,"href":"https:\/\/hideyourkeys.io\/es\/wp-json\/wp\/v2\/media\/17838"}],"wp:attachment":[{"href":"https:\/\/hideyourkeys.io\/es\/wp-json\/wp\/v2\/media?parent=17814"}],"wp:term":[{"taxonomy":"product_brand","embeddable":true,"href":"https:\/\/hideyourkeys.io\/es\/wp-json\/wp\/v2\/product_brand?post=17814"},{"taxonomy":"product_cat","embeddable":true,"href":"https:\/\/hideyourkeys.io\/es\/wp-json\/wp\/v2\/product_cat?post=17814"},{"taxonomy":"product_tag","embeddable":true,"href":"https:\/\/hideyourkeys.io\/es\/wp-json\/wp\/v2\/product_tag?post=17814"}],"curies":[{"name":"wp","href":"https:\/\/api.w.org\/{rel}","templated":true}]}}