{"id":17894,"date":"2025-02-23T19:55:37","date_gmt":"2025-02-23T19:55:37","guid":{"rendered":"https:\/\/hideyourkeys.io\/?post_type=product&#038;p=17894"},"modified":"2025-07-14T06:29:31","modified_gmt":"2025-07-14T06:29:31","slug":"capsula-magnetica-frase-semilla-m14","status":"publish","type":"product","link":"https:\/\/hideyourkeys.io\/es\/producto\/capsula-magnetica-frase-semilla-m14\/","title":{"rendered":"C\u00e1psula magn\u00e9tica para frases de recuperaci\u00f3n (M14)"},"content":{"rendered":"<p>Estas c\u00e1psulas est\u00e1n dise\u00f1adas para almacenar de forma segura tus valiosas frases de recuperaci\u00f3n de Bitcoin u otras criptomonedas, asegurando que permanezcan seguras y protegidas. La c\u00e1psula para arandelas de criptomonedas est\u00e1 dise\u00f1ada de manera conveniente para ser peque\u00f1a y compacta, lo que la hace f\u00e1cil de llevar a cualquier lugar.<\/p>\n<p>Cada c\u00e1psula puede contener una arandela met\u00e1lica grande (M14-44) hecha con nuestro BitJig M14, que muestra tu frase de recuperaci\u00f3n de Bitcoin o criptomonedas, proporcionando una capa adicional de protecci\u00f3n contra accesos no autorizados. Esta funci\u00f3n garantiza que sus valiosos activos Bitcoin est\u00e9n seguros y protegidos en todo momento.<\/p>\n<p>Las c\u00e1psulas magn\u00e9ticas son la forma perfecta de ocultar tus arandelas grandes de 44 mm de di\u00e1metro; puedes adherirlas a cualquier superficie met\u00e1lica. Es la c\u00e1psula ideal para arandelas de Bitcoin.<\/p>\n<p>Este producto contiene:<\/p>\n<ul>\n<li>Dos (2) c\u00e1psulas magn\u00e9ticas<\/li>\n<li>Dos (2) arandelas de 44 mm de di\u00e1metro<\/li>\n<\/ul>\n","protected":false},"excerpt":{"rendered":"<p>C\u00e1psula magn\u00e9tica para almacenar una frase de recuperaci\u00f3n grabada en metal. C\u00e1psula para arandelas de Bitcoin.<\/p>\n","protected":false},"featured_media":18197,"comment_status":"open","ping_status":"closed","template":"","meta":{"powered_cache_disable_cache":false,"powered_cache_disable_lazyload":false,"powered_cache_disable_css_optimization":false,"powered_cache_disable_js_optimization":false},"product_brand":[],"product_cat":[249,272],"product_tag":[303,390],"class_list":{"0":"post-17894","1":"product","2":"type-product","3":"status-publish","4":"has-post-thumbnail","6":"product_cat-estampadores-capsulas","7":"product_cat-packs-y-otros","8":"product_tag-capsula","9":"product_tag-ocultar-frase-semilla","10":"pa_color-blanco","11":"pa_color-gris","12":"pa_color-negro","14":"first","15":"instock","16":"taxable","17":"shipping-taxable","18":"purchasable","19":"product-type-variable"},"_links":{"self":[{"href":"https:\/\/hideyourkeys.io\/es\/wp-json\/wp\/v2\/product\/17894","targetHints":{"allow":["GET"]}}],"collection":[{"href":"https:\/\/hideyourkeys.io\/es\/wp-json\/wp\/v2\/product"}],"about":[{"href":"https:\/\/hideyourkeys.io\/es\/wp-json\/wp\/v2\/types\/product"}],"replies":[{"embeddable":true,"href":"https:\/\/hideyourkeys.io\/es\/wp-json\/wp\/v2\/comments?post=17894"}],"wp:featuredmedia":[{"embeddable":true,"href":"https:\/\/hideyourkeys.io\/es\/wp-json\/wp\/v2\/media\/18197"}],"wp:attachment":[{"href":"https:\/\/hideyourkeys.io\/es\/wp-json\/wp\/v2\/media?parent=17894"}],"wp:term":[{"taxonomy":"product_brand","embeddable":true,"href":"https:\/\/hideyourkeys.io\/es\/wp-json\/wp\/v2\/product_brand?post=17894"},{"taxonomy":"product_cat","embeddable":true,"href":"https:\/\/hideyourkeys.io\/es\/wp-json\/wp\/v2\/product_cat?post=17894"},{"taxonomy":"product_tag","embeddable":true,"href":"https:\/\/hideyourkeys.io\/es\/wp-json\/wp\/v2\/product_tag?post=17894"}],"curies":[{"name":"wp","href":"https:\/\/api.w.org\/{rel}","templated":true}]}}